{"id":10329,"date":"2021-07-07T08:51:53","date_gmt":"2021-07-07T06:51:53","guid":{"rendered":"https:\/\/bibp.pl\/o-nas\/sustainability\/"},"modified":"2021-07-07T08:58:13","modified_gmt":"2021-07-07T06:58:13","slug":"sustainability","status":"publish","type":"page","link":"https:\/\/bibp.pl\/cs\/o-nas\/sustainability\/","title":{"rendered":"Sustainability &#8211; site in progress"},"content":{"rendered":"<p>Site in progress.<\/p>\n","protected":false},"excerpt":{"rendered":"<p>Site in progress.<\/p>\n","protected":false},"author":5,"featured_media":0,"parent":2017,"menu_order":0,"comment_status":"closed","ping_status":"closed","template":"","meta":{"_acf_changed":false,"footnotes":""},"class_list":["post-10329","page","type-page","status-publish","hentry"],"acf":[],"yoast_head":"<!-- This site is optimized with the Yoast SEO plugin v27.3 - https:\/\/yoast.com\/product\/yoast-seo-wordpress\/ -->\n<title>Sustainability - site in progress - Worki bag in box BIBP<\/title>\n<meta name=\"robots\" content=\"index, follow, max-snippet:-1, max-image-preview:large, max-video-preview:-1\" \/>\n<link rel=\"canonical\" href=\"https:\/\/bibp.pl\/cs\/o-nas\/sustainability\/\" \/>\n<meta property=\"og:locale\" content=\"cs_CZ\" \/>\n<meta property=\"og:type\" content=\"article\" \/>\n<meta property=\"og:title\" content=\"Sustainability - site in progress - Worki bag in box BIBP\" \/>\n<meta property=\"og:description\" content=\"Site in progress.\" \/>\n<meta property=\"og:url\" content=\"https:\/\/bibp.pl\/cs\/o-nas\/sustainability\/\" \/>\n<meta property=\"og:site_name\" content=\"Worki bag in box BIBP\" \/>\n<meta property=\"article:modified_time\" content=\"2021-07-07T06:58:13+00:00\" \/>\n<meta name=\"twitter:card\" content=\"summary_large_image\" \/>\n<meta name=\"twitter:label1\" content=\"Odhadovan\u00e1 doba \u010dten\u00ed\" \/>\n\t<meta name=\"twitter:data1\" content=\"1 minuta\" \/>\n<script type=\"application\/ld+json\" class=\"yoast-schema-graph\">{\"@context\":\"https:\\\/\\\/schema.org\",\"@graph\":[{\"@type\":\"WebPage\",\"@id\":\"https:\\\/\\\/bibp.pl\\\/cs\\\/o-nas\\\/sustainability\\\/\",\"url\":\"https:\\\/\\\/bibp.pl\\\/cs\\\/o-nas\\\/sustainability\\\/\",\"name\":\"Sustainability - site in progress - Worki bag in box BIBP\",\"isPartOf\":{\"@id\":\"https:\\\/\\\/bibp.pl\\\/cs\\\/#website\"},\"datePublished\":\"2021-07-07T06:51:53+00:00\",\"dateModified\":\"2021-07-07T06:58:13+00:00\",\"breadcrumb\":{\"@id\":\"https:\\\/\\\/bibp.pl\\\/cs\\\/o-nas\\\/sustainability\\\/#breadcrumb\"},\"inLanguage\":\"cs\",\"potentialAction\":[{\"@type\":\"ReadAction\",\"target\":[\"https:\\\/\\\/bibp.pl\\\/cs\\\/o-nas\\\/sustainability\\\/\"]}]},{\"@type\":\"BreadcrumbList\",\"@id\":\"https:\\\/\\\/bibp.pl\\\/cs\\\/o-nas\\\/sustainability\\\/#breadcrumb\",\"itemListElement\":[{\"@type\":\"ListItem\",\"position\":1,\"name\":\"Strona g\u0142\u00f3wna\",\"item\":\"https:\\\/\\\/bibp.pl\\\/cs\\\/\"},{\"@type\":\"ListItem\",\"position\":2,\"name\":\"O N\u00c1S\",\"item\":\"https:\\\/\\\/bibp.pl\\\/cs\\\/o-nas\\\/\"},{\"@type\":\"ListItem\",\"position\":3,\"name\":\"Sustainability &#8211; site in progress\"}]},{\"@type\":\"WebSite\",\"@id\":\"https:\\\/\\\/bibp.pl\\\/cs\\\/#website\",\"url\":\"https:\\\/\\\/bibp.pl\\\/cs\\\/\",\"name\":\"Worki bag in box BIBP\",\"description\":\"Kolejna witryna oparta na WordPressie\",\"potentialAction\":[{\"@type\":\"SearchAction\",\"target\":{\"@type\":\"EntryPoint\",\"urlTemplate\":\"https:\\\/\\\/bibp.pl\\\/cs\\\/?s={search_term_string}\"},\"query-input\":{\"@type\":\"PropertyValueSpecification\",\"valueRequired\":true,\"valueName\":\"search_term_string\"}}],\"inLanguage\":\"cs\"}]}<\/script>\n<!-- \/ Yoast SEO plugin. -->","yoast_head_json":{"title":"Sustainability - site in progress - Worki bag in box BIBP","robots":{"index":"index","follow":"follow","max-snippet":"max-snippet:-1","max-image-preview":"max-image-preview:large","max-video-preview":"max-video-preview:-1"},"canonical":"https:\/\/bibp.pl\/cs\/o-nas\/sustainability\/","og_locale":"cs_CZ","og_type":"article","og_title":"Sustainability - site in progress - Worki bag in box BIBP","og_description":"Site in progress.","og_url":"https:\/\/bibp.pl\/cs\/o-nas\/sustainability\/","og_site_name":"Worki bag in box BIBP","article_modified_time":"2021-07-07T06:58:13+00:00","twitter_card":"summary_large_image","twitter_misc":{"Odhadovan\u00e1 doba \u010dten\u00ed":"1 minuta"},"schema":{"@context":"https:\/\/schema.org","@graph":[{"@type":"WebPage","@id":"https:\/\/bibp.pl\/cs\/o-nas\/sustainability\/","url":"https:\/\/bibp.pl\/cs\/o-nas\/sustainability\/","name":"Sustainability - site in progress - Worki bag in box BIBP","isPartOf":{"@id":"https:\/\/bibp.pl\/cs\/#website"},"datePublished":"2021-07-07T06:51:53+00:00","dateModified":"2021-07-07T06:58:13+00:00","breadcrumb":{"@id":"https:\/\/bibp.pl\/cs\/o-nas\/sustainability\/#breadcrumb"},"inLanguage":"cs","potentialAction":[{"@type":"ReadAction","target":["https:\/\/bibp.pl\/cs\/o-nas\/sustainability\/"]}]},{"@type":"BreadcrumbList","@id":"https:\/\/bibp.pl\/cs\/o-nas\/sustainability\/#breadcrumb","itemListElement":[{"@type":"ListItem","position":1,"name":"Strona g\u0142\u00f3wna","item":"https:\/\/bibp.pl\/cs\/"},{"@type":"ListItem","position":2,"name":"O N\u00c1S","item":"https:\/\/bibp.pl\/cs\/o-nas\/"},{"@type":"ListItem","position":3,"name":"Sustainability &#8211; site in progress"}]},{"@type":"WebSite","@id":"https:\/\/bibp.pl\/cs\/#website","url":"https:\/\/bibp.pl\/cs\/","name":"Worki bag in box BIBP","description":"Kolejna witryna oparta na WordPressie","potentialAction":[{"@type":"SearchAction","target":{"@type":"EntryPoint","urlTemplate":"https:\/\/bibp.pl\/cs\/?s={search_term_string}"},"query-input":{"@type":"PropertyValueSpecification","valueRequired":true,"valueName":"search_term_string"}}],"inLanguage":"cs"}]}},"_links":{"self":[{"href":"https:\/\/bibp.pl\/cs\/wp-json\/wp\/v2\/pages\/10329","targetHints":{"allow":["GET"]}}],"collection":[{"href":"https:\/\/bibp.pl\/cs\/wp-json\/wp\/v2\/pages"}],"about":[{"href":"https:\/\/bibp.pl\/cs\/wp-json\/wp\/v2\/types\/page"}],"author":[{"embeddable":true,"href":"https:\/\/bibp.pl\/cs\/wp-json\/wp\/v2\/users\/5"}],"replies":[{"embeddable":true,"href":"https:\/\/bibp.pl\/cs\/wp-json\/wp\/v2\/comments?post=10329"}],"version-history":[{"count":1,"href":"https:\/\/bibp.pl\/cs\/wp-json\/wp\/v2\/pages\/10329\/revisions"}],"predecessor-version":[{"id":10338,"href":"https:\/\/bibp.pl\/cs\/wp-json\/wp\/v2\/pages\/10329\/revisions\/10338"}],"up":[{"embeddable":true,"href":"https:\/\/bibp.pl\/cs\/wp-json\/wp\/v2\/pages\/2017"}],"wp:attachment":[{"href":"https:\/\/bibp.pl\/cs\/wp-json\/wp\/v2\/media?parent=10329"}],"curies":[{"name":"wp","href":"https:\/\/api.w.org\/{rel}","templated":true}]}}