{"id":14449,"date":"2023-07-12T13:12:30","date_gmt":"2023-07-12T11:12:30","guid":{"rendered":"https:\/\/bibp.pl\/o-nas\/sustainability-2\/"},"modified":"2023-07-13T07:02:47","modified_gmt":"2023-07-13T05:02:47","slug":"sustainability-2","status":"publish","type":"page","link":"https:\/\/bibp.pl\/cs\/o-nas\/sustainability-2\/","title":{"rendered":"Sustainability"},"content":{"rendered":"<p><img loading=\"lazy\" decoding=\"async\" class=\"aligncenter wp-image-14501 size-full\" src=\"https:\/\/bibp.pl\/wp-content\/uploads\/2023\/07\/zrzut-ekranu-2023-07-13-065950.png\" alt=\"\" width=\"1451\" height=\"718\" srcset=\"https:\/\/bibp.pl\/wp-content\/uploads\/2023\/07\/zrzut-ekranu-2023-07-13-065950.png 1451w, https:\/\/bibp.pl\/wp-content\/uploads\/2023\/07\/zrzut-ekranu-2023-07-13-065950-300x148.png 300w, https:\/\/bibp.pl\/wp-content\/uploads\/2023\/07\/zrzut-ekranu-2023-07-13-065950-1024x507.png 1024w, https:\/\/bibp.pl\/wp-content\/uploads\/2023\/07\/zrzut-ekranu-2023-07-13-065950-768x380.png 768w\" sizes=\"auto, (max-width: 1451px) 100vw, 1451px\" \/><\/p>\n","protected":false},"excerpt":{"rendered":"","protected":false},"author":5,"featured_media":14410,"parent":2017,"menu_order":0,"comment_status":"closed","ping_status":"closed","template":"","meta":{"_acf_changed":false,"footnotes":""},"class_list":["post-14449","page","type-page","status-publish","has-post-thumbnail","hentry"],"acf":[],"yoast_head":"<!-- This site is optimized with the Yoast SEO plugin v27.3 - https:\/\/yoast.com\/product\/yoast-seo-wordpress\/ -->\n<title>Sustainability - Worki bag in box BIBP<\/title>\n<meta name=\"robots\" content=\"index, follow, max-snippet:-1, max-image-preview:large, max-video-preview:-1\" \/>\n<link rel=\"canonical\" href=\"https:\/\/bibp.pl\/cs\/o-nas\/sustainability-2\/\" \/>\n<meta property=\"og:locale\" content=\"cs_CZ\" \/>\n<meta property=\"og:type\" content=\"article\" \/>\n<meta property=\"og:title\" content=\"Sustainability - Worki bag in box BIBP\" \/>\n<meta property=\"og:url\" content=\"https:\/\/bibp.pl\/cs\/o-nas\/sustainability-2\/\" \/>\n<meta property=\"og:site_name\" content=\"Worki bag in box BIBP\" \/>\n<meta property=\"article:modified_time\" content=\"2023-07-13T05:02:47+00:00\" \/>\n<meta property=\"og:image\" content=\"https:\/\/bibp.pl\/wp-content\/uploads\/2023\/07\/obraz1-1.jpg\" \/>\n\t<meta property=\"og:image:width\" content=\"1024\" \/>\n\t<meta property=\"og:image:height\" content=\"578\" \/>\n\t<meta property=\"og:image:type\" content=\"image\/jpeg\" \/>\n<meta name=\"twitter:card\" content=\"summary_large_image\" \/>\n<meta name=\"twitter:label1\" content=\"Odhadovan\u00e1 doba \u010dten\u00ed\" \/>\n\t<meta name=\"twitter:data1\" content=\"1 minuta\" \/>\n<script type=\"application\/ld+json\" class=\"yoast-schema-graph\">{\"@context\":\"https:\\\/\\\/schema.org\",\"@graph\":[{\"@type\":\"WebPage\",\"@id\":\"https:\\\/\\\/bibp.pl\\\/cs\\\/o-nas\\\/sustainability-2\\\/\",\"url\":\"https:\\\/\\\/bibp.pl\\\/cs\\\/o-nas\\\/sustainability-2\\\/\",\"name\":\"Sustainability - Worki bag in box BIBP\",\"isPartOf\":{\"@id\":\"https:\\\/\\\/bibp.pl\\\/cs\\\/#website\"},\"primaryImageOfPage\":{\"@id\":\"https:\\\/\\\/bibp.pl\\\/cs\\\/o-nas\\\/sustainability-2\\\/#primaryimage\"},\"image\":{\"@id\":\"https:\\\/\\\/bibp.pl\\\/cs\\\/o-nas\\\/sustainability-2\\\/#primaryimage\"},\"thumbnailUrl\":\"https:\\\/\\\/bibp.pl\\\/wp-content\\\/uploads\\\/2023\\\/07\\\/obraz1-1.jpg\",\"datePublished\":\"2023-07-12T11:12:30+00:00\",\"dateModified\":\"2023-07-13T05:02:47+00:00\",\"breadcrumb\":{\"@id\":\"https:\\\/\\\/bibp.pl\\\/cs\\\/o-nas\\\/sustainability-2\\\/#breadcrumb\"},\"inLanguage\":\"cs\",\"potentialAction\":[{\"@type\":\"ReadAction\",\"target\":[\"https:\\\/\\\/bibp.pl\\\/cs\\\/o-nas\\\/sustainability-2\\\/\"]}]},{\"@type\":\"ImageObject\",\"inLanguage\":\"cs\",\"@id\":\"https:\\\/\\\/bibp.pl\\\/cs\\\/o-nas\\\/sustainability-2\\\/#primaryimage\",\"url\":\"https:\\\/\\\/bibp.pl\\\/wp-content\\\/uploads\\\/2023\\\/07\\\/obraz1-1.jpg\",\"contentUrl\":\"https:\\\/\\\/bibp.pl\\\/wp-content\\\/uploads\\\/2023\\\/07\\\/obraz1-1.jpg\",\"width\":1024,\"height\":578},{\"@type\":\"BreadcrumbList\",\"@id\":\"https:\\\/\\\/bibp.pl\\\/cs\\\/o-nas\\\/sustainability-2\\\/#breadcrumb\",\"itemListElement\":[{\"@type\":\"ListItem\",\"position\":1,\"name\":\"Strona g\u0142\u00f3wna\",\"item\":\"https:\\\/\\\/bibp.pl\\\/cs\\\/\"},{\"@type\":\"ListItem\",\"position\":2,\"name\":\"O N\u00c1S\",\"item\":\"https:\\\/\\\/bibp.pl\\\/cs\\\/o-nas\\\/\"},{\"@type\":\"ListItem\",\"position\":3,\"name\":\"Sustainability\"}]},{\"@type\":\"WebSite\",\"@id\":\"https:\\\/\\\/bibp.pl\\\/cs\\\/#website\",\"url\":\"https:\\\/\\\/bibp.pl\\\/cs\\\/\",\"name\":\"Worki bag in box BIBP\",\"description\":\"Kolejna witryna oparta na WordPressie\",\"potentialAction\":[{\"@type\":\"SearchAction\",\"target\":{\"@type\":\"EntryPoint\",\"urlTemplate\":\"https:\\\/\\\/bibp.pl\\\/cs\\\/?s={search_term_string}\"},\"query-input\":{\"@type\":\"PropertyValueSpecification\",\"valueRequired\":true,\"valueName\":\"search_term_string\"}}],\"inLanguage\":\"cs\"}]}<\/script>\n<!-- \/ Yoast SEO plugin. -->","yoast_head_json":{"title":"Sustainability - Worki bag in box BIBP","robots":{"index":"index","follow":"follow","max-snippet":"max-snippet:-1","max-image-preview":"max-image-preview:large","max-video-preview":"max-video-preview:-1"},"canonical":"https:\/\/bibp.pl\/cs\/o-nas\/sustainability-2\/","og_locale":"cs_CZ","og_type":"article","og_title":"Sustainability - Worki bag in box BIBP","og_url":"https:\/\/bibp.pl\/cs\/o-nas\/sustainability-2\/","og_site_name":"Worki bag in box BIBP","article_modified_time":"2023-07-13T05:02:47+00:00","og_image":[{"width":1024,"height":578,"url":"https:\/\/bibp.pl\/wp-content\/uploads\/2023\/07\/obraz1-1.jpg","type":"image\/jpeg"}],"twitter_card":"summary_large_image","twitter_misc":{"Odhadovan\u00e1 doba \u010dten\u00ed":"1 minuta"},"schema":{"@context":"https:\/\/schema.org","@graph":[{"@type":"WebPage","@id":"https:\/\/bibp.pl\/cs\/o-nas\/sustainability-2\/","url":"https:\/\/bibp.pl\/cs\/o-nas\/sustainability-2\/","name":"Sustainability - Worki bag in box BIBP","isPartOf":{"@id":"https:\/\/bibp.pl\/cs\/#website"},"primaryImageOfPage":{"@id":"https:\/\/bibp.pl\/cs\/o-nas\/sustainability-2\/#primaryimage"},"image":{"@id":"https:\/\/bibp.pl\/cs\/o-nas\/sustainability-2\/#primaryimage"},"thumbnailUrl":"https:\/\/bibp.pl\/wp-content\/uploads\/2023\/07\/obraz1-1.jpg","datePublished":"2023-07-12T11:12:30+00:00","dateModified":"2023-07-13T05:02:47+00:00","breadcrumb":{"@id":"https:\/\/bibp.pl\/cs\/o-nas\/sustainability-2\/#breadcrumb"},"inLanguage":"cs","potentialAction":[{"@type":"ReadAction","target":["https:\/\/bibp.pl\/cs\/o-nas\/sustainability-2\/"]}]},{"@type":"ImageObject","inLanguage":"cs","@id":"https:\/\/bibp.pl\/cs\/o-nas\/sustainability-2\/#primaryimage","url":"https:\/\/bibp.pl\/wp-content\/uploads\/2023\/07\/obraz1-1.jpg","contentUrl":"https:\/\/bibp.pl\/wp-content\/uploads\/2023\/07\/obraz1-1.jpg","width":1024,"height":578},{"@type":"BreadcrumbList","@id":"https:\/\/bibp.pl\/cs\/o-nas\/sustainability-2\/#breadcrumb","itemListElement":[{"@type":"ListItem","position":1,"name":"Strona g\u0142\u00f3wna","item":"https:\/\/bibp.pl\/cs\/"},{"@type":"ListItem","position":2,"name":"O N\u00c1S","item":"https:\/\/bibp.pl\/cs\/o-nas\/"},{"@type":"ListItem","position":3,"name":"Sustainability"}]},{"@type":"WebSite","@id":"https:\/\/bibp.pl\/cs\/#website","url":"https:\/\/bibp.pl\/cs\/","name":"Worki bag in box BIBP","description":"Kolejna witryna oparta na WordPressie","potentialAction":[{"@type":"SearchAction","target":{"@type":"EntryPoint","urlTemplate":"https:\/\/bibp.pl\/cs\/?s={search_term_string}"},"query-input":{"@type":"PropertyValueSpecification","valueRequired":true,"valueName":"search_term_string"}}],"inLanguage":"cs"}]}},"_links":{"self":[{"href":"https:\/\/bibp.pl\/cs\/wp-json\/wp\/v2\/pages\/14449","targetHints":{"allow":["GET"]}}],"collection":[{"href":"https:\/\/bibp.pl\/cs\/wp-json\/wp\/v2\/pages"}],"about":[{"href":"https:\/\/bibp.pl\/cs\/wp-json\/wp\/v2\/types\/page"}],"author":[{"embeddable":true,"href":"https:\/\/bibp.pl\/cs\/wp-json\/wp\/v2\/users\/5"}],"replies":[{"embeddable":true,"href":"https:\/\/bibp.pl\/cs\/wp-json\/wp\/v2\/comments?post=14449"}],"version-history":[{"count":5,"href":"https:\/\/bibp.pl\/cs\/wp-json\/wp\/v2\/pages\/14449\/revisions"}],"predecessor-version":[{"id":14511,"href":"https:\/\/bibp.pl\/cs\/wp-json\/wp\/v2\/pages\/14449\/revisions\/14511"}],"up":[{"embeddable":true,"href":"https:\/\/bibp.pl\/cs\/wp-json\/wp\/v2\/pages\/2017"}],"wp:featuredmedia":[{"embeddable":true,"href":"https:\/\/bibp.pl\/cs\/wp-json\/wp\/v2\/media\/14410"}],"wp:attachment":[{"href":"https:\/\/bibp.pl\/cs\/wp-json\/wp\/v2\/media?parent=14449"}],"curies":[{"name":"wp","href":"https:\/\/api.w.org\/{rel}","templated":true}]}}