{"id":2017,"date":"2020-09-22T00:27:06","date_gmt":"2020-09-21T22:27:06","guid":{"rendered":"https:\/\/bibp.pl\/?page_id=2017"},"modified":"2025-06-23T07:52:11","modified_gmt":"2025-06-23T05:52:11","slug":"o-nas","status":"publish","type":"page","link":"https:\/\/bibp.pl\/cs\/o-nas\/","title":{"rendered":"O N\u00c1S"},"content":{"rendered":"<h2>Neust\u00e1l\u00fd rozvoj a zdokonalov\u00e1n\u00ed na\u0161ich v\u00fdrobk\u016f &#8211; tyto c\u00edle si stanovujeme od roku 2014, kdy byla zalo\u017eena spole\u010dnost BIB. Jsme zna\u010dkou zn\u00e1mou a respektovanou na polsk\u00e9m trhu a \u00fasp\u011b\u0161n\u011b konkurujeme rovn\u011b\u017e na sv\u011btov\u00fdch trz\u00edch. Na\u0161e obaly jsou v sou\u010dasn\u00e9 dob\u011b nab\u00edzeny do t\u00e9m\u011b\u0159 35 zem\u00ed a koeficient v\u010dasnosti dod\u00e1vek je 98,4%. Ka\u017ed\u00fd rok n\u00e1m d\u016fv\u011b\u0159uje st\u00e1le v\u00edce spole\u010dnost\u00ed.<\/h2>\n<p>Po\u010d\u00e1tky na\u0161\u00ed \u010dinnosti byly spojeny s Andrychowem, ale brzy se uk\u00e1zalo, \u017ee pot\u0159ebujeme mnohem efektivn\u011bj\u0161\u00ed v\u00fdrobn\u00ed z\u00e1vod, kter\u00fd n\u00e1m umo\u017en\u00ed mnohem dynami\u010dt\u011bj\u0161\u00ed rozvoj. Zvolili jsme proto <span style=\"color: #339966;\"><strong>Z\u00f3nu ekonomick\u00e9 aktivity v Zato\u0159e.<\/strong><\/span><\/p>\n<p><img loading=\"lazy\" decoding=\"async\" class=\"alignnone wp-image-2048\" src=\"https:\/\/bibp.pl\/wp-content\/uploads\/2020\/09\/o-nas_01_CZ-1024x319.png\" alt=\"\" width=\"428\" height=\"133\" srcset=\"https:\/\/bibp.pl\/wp-content\/uploads\/2020\/09\/o-nas_01_CZ-1024x319.png 1024w, https:\/\/bibp.pl\/wp-content\/uploads\/2020\/09\/o-nas_01_CZ-300x93.png 300w, https:\/\/bibp.pl\/wp-content\/uploads\/2020\/09\/o-nas_01_CZ-768x239.png 768w, https:\/\/bibp.pl\/wp-content\/uploads\/2020\/09\/o-nas_01_CZ-1536x478.png 1536w, https:\/\/bibp.pl\/wp-content\/uploads\/2020\/09\/o-nas_01_CZ.png 1920w\" sizes=\"auto, (max-width: 428px) 100vw, 428px\" \/><\/p>\n<p>Vyr\u00e1b\u00edme s\u00e1\u010dky typu Bag in Box, elastick\u00e9 nepropustn\u00e9 obaly a aseptick\u00e9 s\u00e1\u010dky. Dod\u00e1v\u00e1me jak <strong><span style=\"color: #339966;\">hotov\u00e1 \u0159e\u0161en\u00ed,<\/span><\/strong> tak s\u00e1\u010dky vyroben\u00e9 na <strong><span style=\"color: #339966;\">speci\u00e1ln\u00ed objedn\u00e1vku.<\/span> <\/strong>Klademe p\u0159i tom velk\u00fd d\u016fraz na kvalitu surovin a zp\u016fsob v\u00fdroby na\u0161ich produkt\u016f. D\u00edky tomu na\u0161e v\u00fdrobky spl\u0148uj\u00ed v\u0161echny normy Evropsk\u00e9 unie. M\u00e1me efektivn\u00ed v\u00fdrobn\u00ed linky, modern\u00ed sklady a dynamicky pracuj\u00edc\u00ed V\u00fdzkumn\u00e9 a V\u00fdvojov\u00e9 Centrum, co\u017e n\u00e1m umo\u017e\u0148uje splnit po\u017eadavky neust\u00e1le rostouc\u00edho trhu.<\/p>\n<p><img loading=\"lazy\" decoding=\"async\" class=\"alignnone wp-image-2112\" src=\"https:\/\/bibp.pl\/wp-content\/uploads\/2020\/09\/o-nas_02_CZ-1024x319.png\" alt=\"\" width=\"444\" height=\"138\" srcset=\"https:\/\/bibp.pl\/wp-content\/uploads\/2020\/09\/o-nas_02_CZ-1024x319.png 1024w, https:\/\/bibp.pl\/wp-content\/uploads\/2020\/09\/o-nas_02_CZ-300x93.png 300w, https:\/\/bibp.pl\/wp-content\/uploads\/2020\/09\/o-nas_02_CZ-768x239.png 768w, https:\/\/bibp.pl\/wp-content\/uploads\/2020\/09\/o-nas_02_CZ-1536x478.png 1536w, https:\/\/bibp.pl\/wp-content\/uploads\/2020\/09\/o-nas_02_CZ.png 1920w\" sizes=\"auto, (max-width: 444px) 100vw, 444px\" \/><\/p>\n<p>Ned\u00edlnou sou\u010d\u00e1st\u00ed na\u0161ich obchodn\u00edch aktivit je <strong><span style=\"color: #339966;\">individu\u00e1ln\u00ed p\u0159\u00edstup k z\u00e1kazn\u00edkovi.<\/span><\/strong> T\u00edm, \u017ee naslouch\u00e1me jeho pot\u0159eb\u00e1m a vyu\u017e\u00edv\u00e1me na\u0161ich bohat\u00fdch zku\u0161enost\u00ed, m\u016f\u017eeme vytv\u00e1\u0159et produkty, kter\u00e9 jsou skv\u011bl\u00e9 pro ka\u017edodenn\u00ed pou\u017eit\u00ed. Ve spojen\u00ed s na\u0161\u00ed rozs\u00e1hlou v\u00fdrobn\u00ed z\u00e1kladnou se z n\u00e1s st\u00e1v\u00e1 t\u00fdm sv\u011btov\u00e9 t\u0159\u00eddy, kter\u00fd vytv\u00e1\u0159\u00ed inovativn\u00ed obalov\u00e1 \u0159e\u0161en\u00ed. Ve sv\u00e9m t\u00fdmu jsme shrom\u00e1\u017edili ty <strong><span style=\"color: #339966;\">nejlep\u0161\u00ed specialisty,<\/span><\/strong> kte\u0159\u00ed d\u00edky sv\u00fdm znalostem a c\u00edlev\u011bdomosti vytv\u00e1\u0159ej\u00ed hodnotu, kter\u00e1 spl\u0148uje nejvy\u0161\u0161\u00ed o\u010dek\u00e1v\u00e1n\u00ed trhu. Realizace my\u0161lenky kontinu\u00e1ln\u00edho rozvoje je zaru\u010dena efektivn\u011b proveden\u00fdm finan\u010dn\u00edm pl\u00e1nem.<\/p>\n<p><img loading=\"lazy\" decoding=\"async\" class=\"alignnone wp-image-2056\" src=\"https:\/\/bibp.pl\/wp-content\/uploads\/2020\/09\/o-nas_03_CZ-1024x319.png\" alt=\"\" width=\"444\" height=\"138\" srcset=\"https:\/\/bibp.pl\/wp-content\/uploads\/2020\/09\/o-nas_03_CZ-1024x319.png 1024w, https:\/\/bibp.pl\/wp-content\/uploads\/2020\/09\/o-nas_03_CZ-300x93.png 300w, https:\/\/bibp.pl\/wp-content\/uploads\/2020\/09\/o-nas_03_CZ-768x239.png 768w, https:\/\/bibp.pl\/wp-content\/uploads\/2020\/09\/o-nas_03_CZ-1536x478.png 1536w, https:\/\/bibp.pl\/wp-content\/uploads\/2020\/09\/o-nas_03_CZ.png 1920w\" sizes=\"auto, (max-width: 444px) 100vw, 444px\" \/><\/p>\n<p>V mnoha aspektech zav\u00e1d\u00edme <strong><span style=\"color: #339966;\">vlastn\u00ed inovativn\u00ed \u0159e\u0161en\u00ed,<\/span><\/strong> a to nejen t\u00edm, \u017ee se p\u0159izp\u016fsob\u00edme zm\u011bn\u00e1m na trhu, ale i t\u00edm, \u017ee tak trochu p\u0159edb\u00edh\u00e1me dobu. Pod\u00edl\u00edme se na \u017eivot\u011b na\u0161eho odv\u011btv\u00ed t\u00edm, \u017ee se \u00fa\u010dastn\u00edme mezin\u00e1rodn\u00edch veletrh\u016f. Takov\u00e1 setk\u00e1n\u00ed n\u00e1m umo\u017e\u0148uj\u00ed l\u00e9pe poznat pot\u0159eby z\u00e1kazn\u00edk\u016f a z\u00edskat cenn\u00e9 obchodn\u00ed kontakty.<br \/>\nNep\u0159est\u00e1v\u00e1me se vyv\u00edjet a neust\u00e1le roz\u0161i\u0159ujeme na\u0161e obzory. Chceme i nad\u00e1le vytv\u00e1\u0159et nov\u00e1 \u0159e\u0161en\u00ed a b\u00fdt tam, kde jsou na\u0161e produkty pot\u0159eba. Na\u0161\u00edm c\u00edlem je vytvo\u0159it siln\u00fd a spolehliv\u00fd t\u00fdm slo\u017een\u00fd z nejlep\u0161\u00edch specialist\u016f, kte\u0159\u00ed budou vytv\u00e1\u0159et nejlep\u0161\u00ed produkty pro na\u0161e z\u00e1kazn\u00edky.<\/p>\n<h2><img loading=\"lazy\" decoding=\"async\" class=\"alignnone wp-image-2024\" src=\"https:\/\/bibp.pl\/wp-content\/uploads\/2020\/09\/customer-service_CZ-1024x319.png\" alt=\"\" width=\"443\" height=\"138\" srcset=\"https:\/\/bibp.pl\/wp-content\/uploads\/2020\/09\/customer-service_CZ-1024x319.png 1024w, https:\/\/bibp.pl\/wp-content\/uploads\/2020\/09\/customer-service_CZ-300x93.png 300w, https:\/\/bibp.pl\/wp-content\/uploads\/2020\/09\/customer-service_CZ-768x239.png 768w, https:\/\/bibp.pl\/wp-content\/uploads\/2020\/09\/customer-service_CZ-1536x478.png 1536w, https:\/\/bibp.pl\/wp-content\/uploads\/2020\/09\/customer-service_CZ.png 1920w\" sizes=\"auto, (max-width: 443px) 100vw, 443px\" \/><\/h2>\n<p>Db\u00e1me o vysokou kvalitu slu\u017eeb z\u00e1kazn\u00edk\u016fm. Nov\u00e9 dotazy vy\u0159izujeme maxim\u00e1ln\u011b do 24 hodin a ka\u017ed\u00e9mu z\u00e1kazn\u00edkovi p\u0159id\u011bl\u00edme <strong><span style=\"color: #339966;\">individu\u00e1ln\u00edho obchodn\u00edho z\u00e1stupce.<\/span><\/strong> D\u00edky tomu m\u016f\u017eeme p\u0159edstavit nab\u00eddku, kter\u00e1 ide\u00e1ln\u00ed spl\u0148uje Va\u0161e pot\u0159eby.<\/p>\n<p><img loading=\"lazy\" decoding=\"async\" class=\"alignnone wp-image-2072\" src=\"https:\/\/bibp.pl\/wp-content\/uploads\/2020\/09\/realizacja-zamowien_CZ.png\" alt=\"\" width=\"842\" height=\"474\" srcset=\"https:\/\/bibp.pl\/wp-content\/uploads\/2020\/09\/realizacja-zamowien_CZ.png 1920w, https:\/\/bibp.pl\/wp-content\/uploads\/2020\/09\/realizacja-zamowien_CZ-300x169.png 300w, https:\/\/bibp.pl\/wp-content\/uploads\/2020\/09\/realizacja-zamowien_CZ-1024x577.png 1024w, https:\/\/bibp.pl\/wp-content\/uploads\/2020\/09\/realizacja-zamowien_CZ-768x432.png 768w, https:\/\/bibp.pl\/wp-content\/uploads\/2020\/09\/realizacja-zamowien_CZ-1536x865.png 1536w, https:\/\/bibp.pl\/wp-content\/uploads\/2020\/09\/realizacja-zamowien_CZ-495x278.png 495w, https:\/\/bibp.pl\/wp-content\/uploads\/2020\/09\/realizacja-zamowien_CZ-390x220.png 390w\" sizes=\"auto, (max-width: 842px) 100vw, 842px\" \/><\/p>\n<p><img loading=\"lazy\" decoding=\"async\" class=\"alignnone wp-image-2104\" src=\"https:\/\/bibp.pl\/wp-content\/uploads\/2020\/09\/miedzynarodowa-renoma_CZ-1024x319.png\" alt=\"\" width=\"450\" height=\"140\" srcset=\"https:\/\/bibp.pl\/wp-content\/uploads\/2020\/09\/miedzynarodowa-renoma_CZ-1024x319.png 1024w, https:\/\/bibp.pl\/wp-content\/uploads\/2020\/09\/miedzynarodowa-renoma_CZ-300x93.png 300w, https:\/\/bibp.pl\/wp-content\/uploads\/2020\/09\/miedzynarodowa-renoma_CZ-768x239.png 768w, https:\/\/bibp.pl\/wp-content\/uploads\/2020\/09\/miedzynarodowa-renoma_CZ-1536x478.png 1536w, https:\/\/bibp.pl\/wp-content\/uploads\/2020\/09\/miedzynarodowa-renoma_CZ.png 1920w\" sizes=\"auto, (max-width: 450px) 100vw, 450px\" \/><\/p>\n<p>Na\u0161e zbo\u017e\u00ed dod\u00e1v\u00e1me do ka\u017ed\u00e9 \u010d\u00e1sti Evropy a sv\u011bta. \u00dasp\u011b\u0161n\u011b spolupracujeme se z\u00e1kazn\u00edky na druh\u00e9 stran\u011b zem\u011bkoule. Vzhledem k tomu, \u017ee p\u0159eprava prob\u00edh\u00e1 p\u0159ev\u00e1\u017en\u011b mimo Polskou republiku, <strong><span style=\"color: #339966;\">bereme na sebe tak\u00e9 celn\u00ed z\u00e1le\u017eitosti<\/span> <\/strong>a za\u0159izujeme v \u00fa\u0159adech v\u0161echny pot\u0159ebn\u00e9 dokumenty.<\/p>\n","protected":false},"excerpt":{"rendered":"<p>Neust\u00e1l\u00fd rozvoj a zdokonalov\u00e1n\u00ed na\u0161ich v\u00fdrobk\u016f &#8211; tyto c\u00edle si stanovujeme od roku 2014, kdy byla zalo\u017eena spole\u010dnost BIB. Jsme zna\u010dkou zn\u00e1mou a respektovanou na polsk\u00e9m trhu a \u00fasp\u011b\u0161n\u011b konkurujeme rovn\u011b\u017e na sv\u011btov\u00fdch trz\u00edch. Na\u0161e obaly jsou v sou\u010dasn\u00e9 dob\u011b nab\u00edzeny do t\u00e9m\u011b\u0159 35 zem\u00ed a koeficient v\u010dasnosti dod\u00e1vek je 98,4%. Ka\u017ed\u00fd rok n\u00e1m d\u016fv\u011b\u0159uje [&hellip;]<\/p>\n","protected":false},"author":3,"featured_media":1752,"parent":0,"menu_order":0,"comment_status":"closed","ping_status":"closed","template":"page__about.php","meta":{"_acf_changed":false,"footnotes":""},"class_list":["post-2017","page","type-page","status-publish","has-post-thumbnail","hentry"],"acf":[],"yoast_head":"<!-- This site is optimized with the Yoast SEO plugin v27.3 - https:\/\/yoast.com\/product\/yoast-seo-wordpress\/ -->\n<title>O N\u00c1S - Worki bag in box BIBP<\/title>\n<meta name=\"robots\" content=\"index, follow, max-snippet:-1, max-image-preview:large, max-video-preview:-1\" \/>\n<link rel=\"canonical\" href=\"https:\/\/bibp.pl\/cs\/o-nas\/\" \/>\n<meta property=\"og:locale\" content=\"cs_CZ\" \/>\n<meta property=\"og:type\" content=\"article\" \/>\n<meta property=\"og:title\" content=\"O N\u00c1S - Worki bag in box BIBP\" \/>\n<meta property=\"og:description\" content=\"Neust\u00e1l\u00fd rozvoj a zdokonalov\u00e1n\u00ed na\u0161ich v\u00fdrobk\u016f &#8211; tyto c\u00edle si stanovujeme od roku 2014, kdy byla zalo\u017eena spole\u010dnost BIB. Jsme zna\u010dkou zn\u00e1mou a respektovanou na polsk\u00e9m trhu a \u00fasp\u011b\u0161n\u011b konkurujeme rovn\u011b\u017e na sv\u011btov\u00fdch trz\u00edch. Na\u0161e obaly jsou v sou\u010dasn\u00e9 dob\u011b nab\u00edzeny do t\u00e9m\u011b\u0159 35 zem\u00ed a koeficient v\u010dasnosti dod\u00e1vek je 98,4%. Ka\u017ed\u00fd rok n\u00e1m d\u016fv\u011b\u0159uje [&hellip;]\" \/>\n<meta property=\"og:url\" content=\"https:\/\/bibp.pl\/cs\/o-nas\/\" \/>\n<meta property=\"og:site_name\" content=\"Worki bag in box BIBP\" \/>\n<meta property=\"article:modified_time\" content=\"2025-06-23T05:52:11+00:00\" \/>\n<meta property=\"og:image\" content=\"https:\/\/bibp.pl\/wp-content\/uploads\/2020\/08\/08-20_BIBP_o-nas_01.png\" \/>\n\t<meta property=\"og:image:width\" content=\"2500\" \/>\n\t<meta property=\"og:image:height\" content=\"362\" \/>\n\t<meta property=\"og:image:type\" content=\"image\/png\" \/>\n<meta name=\"twitter:card\" content=\"summary_large_image\" \/>\n<meta name=\"twitter:label1\" content=\"Odhadovan\u00e1 doba \u010dten\u00ed\" \/>\n\t<meta name=\"twitter:data1\" content=\"6 minut\" \/>\n<script type=\"application\/ld+json\" class=\"yoast-schema-graph\">{\"@context\":\"https:\\\/\\\/schema.org\",\"@graph\":[{\"@type\":\"WebPage\",\"@id\":\"https:\\\/\\\/bibp.pl\\\/cs\\\/o-nas\\\/\",\"url\":\"https:\\\/\\\/bibp.pl\\\/cs\\\/o-nas\\\/\",\"name\":\"O N\u00c1S - Worki bag in box BIBP\",\"isPartOf\":{\"@id\":\"https:\\\/\\\/bibp.pl\\\/cs\\\/#website\"},\"primaryImageOfPage\":{\"@id\":\"https:\\\/\\\/bibp.pl\\\/cs\\\/o-nas\\\/#primaryimage\"},\"image\":{\"@id\":\"https:\\\/\\\/bibp.pl\\\/cs\\\/o-nas\\\/#primaryimage\"},\"thumbnailUrl\":\"https:\\\/\\\/bibp.pl\\\/wp-content\\\/uploads\\\/2020\\\/08\\\/08-20_BIBP_o-nas_01.png\",\"datePublished\":\"2020-09-21T22:27:06+00:00\",\"dateModified\":\"2025-06-23T05:52:11+00:00\",\"breadcrumb\":{\"@id\":\"https:\\\/\\\/bibp.pl\\\/cs\\\/o-nas\\\/#breadcrumb\"},\"inLanguage\":\"cs\",\"potentialAction\":[{\"@type\":\"ReadAction\",\"target\":[\"https:\\\/\\\/bibp.pl\\\/cs\\\/o-nas\\\/\"]}]},{\"@type\":\"ImageObject\",\"inLanguage\":\"cs\",\"@id\":\"https:\\\/\\\/bibp.pl\\\/cs\\\/o-nas\\\/#primaryimage\",\"url\":\"https:\\\/\\\/bibp.pl\\\/wp-content\\\/uploads\\\/2020\\\/08\\\/08-20_BIBP_o-nas_01.png\",\"contentUrl\":\"https:\\\/\\\/bibp.pl\\\/wp-content\\\/uploads\\\/2020\\\/08\\\/08-20_BIBP_o-nas_01.png\",\"width\":2500,\"height\":362,\"caption\":\"Firma\"},{\"@type\":\"BreadcrumbList\",\"@id\":\"https:\\\/\\\/bibp.pl\\\/cs\\\/o-nas\\\/#breadcrumb\",\"itemListElement\":[{\"@type\":\"ListItem\",\"position\":1,\"name\":\"Strona g\u0142\u00f3wna\",\"item\":\"https:\\\/\\\/bibp.pl\\\/cs\\\/\"},{\"@type\":\"ListItem\",\"position\":2,\"name\":\"O N\u00c1S\"}]},{\"@type\":\"WebSite\",\"@id\":\"https:\\\/\\\/bibp.pl\\\/cs\\\/#website\",\"url\":\"https:\\\/\\\/bibp.pl\\\/cs\\\/\",\"name\":\"Worki bag in box BIBP\",\"description\":\"Kolejna witryna oparta na WordPressie\",\"potentialAction\":[{\"@type\":\"SearchAction\",\"target\":{\"@type\":\"EntryPoint\",\"urlTemplate\":\"https:\\\/\\\/bibp.pl\\\/cs\\\/?s={search_term_string}\"},\"query-input\":{\"@type\":\"PropertyValueSpecification\",\"valueRequired\":true,\"valueName\":\"search_term_string\"}}],\"inLanguage\":\"cs\"}]}<\/script>\n<!-- \/ Yoast SEO plugin. -->","yoast_head_json":{"title":"O N\u00c1S - Worki bag in box BIBP","robots":{"index":"index","follow":"follow","max-snippet":"max-snippet:-1","max-image-preview":"max-image-preview:large","max-video-preview":"max-video-preview:-1"},"canonical":"https:\/\/bibp.pl\/cs\/o-nas\/","og_locale":"cs_CZ","og_type":"article","og_title":"O N\u00c1S - Worki bag in box BIBP","og_description":"Neust\u00e1l\u00fd rozvoj a zdokonalov\u00e1n\u00ed na\u0161ich v\u00fdrobk\u016f &#8211; tyto c\u00edle si stanovujeme od roku 2014, kdy byla zalo\u017eena spole\u010dnost BIB. Jsme zna\u010dkou zn\u00e1mou a respektovanou na polsk\u00e9m trhu a \u00fasp\u011b\u0161n\u011b konkurujeme rovn\u011b\u017e na sv\u011btov\u00fdch trz\u00edch. Na\u0161e obaly jsou v sou\u010dasn\u00e9 dob\u011b nab\u00edzeny do t\u00e9m\u011b\u0159 35 zem\u00ed a koeficient v\u010dasnosti dod\u00e1vek je 98,4%. Ka\u017ed\u00fd rok n\u00e1m d\u016fv\u011b\u0159uje [&hellip;]","og_url":"https:\/\/bibp.pl\/cs\/o-nas\/","og_site_name":"Worki bag in box BIBP","article_modified_time":"2025-06-23T05:52:11+00:00","og_image":[{"width":2500,"height":362,"url":"https:\/\/bibp.pl\/wp-content\/uploads\/2020\/08\/08-20_BIBP_o-nas_01.png","type":"image\/png"}],"twitter_card":"summary_large_image","twitter_misc":{"Odhadovan\u00e1 doba \u010dten\u00ed":"6 minut"},"schema":{"@context":"https:\/\/schema.org","@graph":[{"@type":"WebPage","@id":"https:\/\/bibp.pl\/cs\/o-nas\/","url":"https:\/\/bibp.pl\/cs\/o-nas\/","name":"O N\u00c1S - Worki bag in box BIBP","isPartOf":{"@id":"https:\/\/bibp.pl\/cs\/#website"},"primaryImageOfPage":{"@id":"https:\/\/bibp.pl\/cs\/o-nas\/#primaryimage"},"image":{"@id":"https:\/\/bibp.pl\/cs\/o-nas\/#primaryimage"},"thumbnailUrl":"https:\/\/bibp.pl\/wp-content\/uploads\/2020\/08\/08-20_BIBP_o-nas_01.png","datePublished":"2020-09-21T22:27:06+00:00","dateModified":"2025-06-23T05:52:11+00:00","breadcrumb":{"@id":"https:\/\/bibp.pl\/cs\/o-nas\/#breadcrumb"},"inLanguage":"cs","potentialAction":[{"@type":"ReadAction","target":["https:\/\/bibp.pl\/cs\/o-nas\/"]}]},{"@type":"ImageObject","inLanguage":"cs","@id":"https:\/\/bibp.pl\/cs\/o-nas\/#primaryimage","url":"https:\/\/bibp.pl\/wp-content\/uploads\/2020\/08\/08-20_BIBP_o-nas_01.png","contentUrl":"https:\/\/bibp.pl\/wp-content\/uploads\/2020\/08\/08-20_BIBP_o-nas_01.png","width":2500,"height":362,"caption":"Firma"},{"@type":"BreadcrumbList","@id":"https:\/\/bibp.pl\/cs\/o-nas\/#breadcrumb","itemListElement":[{"@type":"ListItem","position":1,"name":"Strona g\u0142\u00f3wna","item":"https:\/\/bibp.pl\/cs\/"},{"@type":"ListItem","position":2,"name":"O N\u00c1S"}]},{"@type":"WebSite","@id":"https:\/\/bibp.pl\/cs\/#website","url":"https:\/\/bibp.pl\/cs\/","name":"Worki bag in box BIBP","description":"Kolejna witryna oparta na WordPressie","potentialAction":[{"@type":"SearchAction","target":{"@type":"EntryPoint","urlTemplate":"https:\/\/bibp.pl\/cs\/?s={search_term_string}"},"query-input":{"@type":"PropertyValueSpecification","valueRequired":true,"valueName":"search_term_string"}}],"inLanguage":"cs"}]}},"_links":{"self":[{"href":"https:\/\/bibp.pl\/cs\/wp-json\/wp\/v2\/pages\/2017","targetHints":{"allow":["GET"]}}],"collection":[{"href":"https:\/\/bibp.pl\/cs\/wp-json\/wp\/v2\/pages"}],"about":[{"href":"https:\/\/bibp.pl\/cs\/wp-json\/wp\/v2\/types\/page"}],"author":[{"embeddable":true,"href":"https:\/\/bibp.pl\/cs\/wp-json\/wp\/v2\/users\/3"}],"replies":[{"embeddable":true,"href":"https:\/\/bibp.pl\/cs\/wp-json\/wp\/v2\/comments?post=2017"}],"version-history":[{"count":17,"href":"https:\/\/bibp.pl\/cs\/wp-json\/wp\/v2\/pages\/2017\/revisions"}],"predecessor-version":[{"id":15639,"href":"https:\/\/bibp.pl\/cs\/wp-json\/wp\/v2\/pages\/2017\/revisions\/15639"}],"wp:featuredmedia":[{"embeddable":true,"href":"https:\/\/bibp.pl\/cs\/wp-json\/wp\/v2\/media\/1752"}],"wp:attachment":[{"href":"https:\/\/bibp.pl\/cs\/wp-json\/wp\/v2\/media?parent=2017"}],"curies":[{"name":"wp","href":"https:\/\/api.w.org\/{rel}","templated":true}]}}