{"id":2121,"date":"2020-09-22T00:39:37","date_gmt":"2020-09-21T22:39:37","guid":{"rendered":"https:\/\/bibp.pl\/?page_id=2121"},"modified":"2025-02-04T11:12:48","modified_gmt":"2025-02-04T10:12:48","slug":"2121-2","status":"publish","type":"page","link":"https:\/\/bibp.pl\/cs\/","title":{"rendered":"HLAVN\u00cd STR\u00c1NKA"},"content":{"rendered":"","protected":false},"excerpt":{"rendered":"","protected":false},"author":3,"featured_media":0,"parent":0,"menu_order":0,"comment_status":"closed","ping_status":"closed","template":"page__home.php","meta":{"_acf_changed":false,"footnotes":""},"class_list":["post-2121","page","type-page","status-publish","hentry"],"acf":[],"yoast_head":"<!-- This site is optimized with the Yoast SEO plugin v27.3 - https:\/\/yoast.com\/product\/yoast-seo-wordpress\/ -->\n<title>HLAVN\u00cd STR\u00c1NKA - Worki bag in box BIBP<\/title>\n<meta name=\"robots\" content=\"index, follow, max-snippet:-1, max-image-preview:large, max-video-preview:-1\" \/>\n<link rel=\"canonical\" href=\"https:\/\/bibp.pl\/cs\/\" \/>\n<meta property=\"og:locale\" content=\"cs_CZ\" \/>\n<meta property=\"og:type\" content=\"article\" \/>\n<meta property=\"og:title\" content=\"HLAVN\u00cd STR\u00c1NKA - Worki bag in box BIBP\" \/>\n<meta property=\"og:url\" content=\"https:\/\/bibp.pl\/cs\/\" \/>\n<meta property=\"og:site_name\" content=\"Worki bag in box BIBP\" \/>\n<meta property=\"article:modified_time\" content=\"2025-02-04T10:12:48+00:00\" \/>\n<meta name=\"twitter:card\" content=\"summary_large_image\" \/>\n<meta name=\"twitter:label1\" content=\"Odhadovan\u00e1 doba \u010dten\u00ed\" \/>\n\t<meta name=\"twitter:data1\" content=\"8 minut\" \/>\n<script type=\"application\/ld+json\" class=\"yoast-schema-graph\">{\"@context\":\"https:\\\/\\\/schema.org\",\"@graph\":[{\"@type\":\"WebPage\",\"@id\":\"https:\\\/\\\/bibp.pl\\\/cs\\\/\",\"url\":\"https:\\\/\\\/bibp.pl\\\/cs\\\/\",\"name\":\"HLAVN\u00cd STR\u00c1NKA - Worki bag in box BIBP\",\"isPartOf\":{\"@id\":\"https:\\\/\\\/bibp.pl\\\/cs\\\/#website\"},\"datePublished\":\"2020-09-21T22:39:37+00:00\",\"dateModified\":\"2025-02-04T10:12:48+00:00\",\"breadcrumb\":{\"@id\":\"https:\\\/\\\/bibp.pl\\\/cs\\\/#breadcrumb\"},\"inLanguage\":\"cs\",\"potentialAction\":[{\"@type\":\"ReadAction\",\"target\":[\"https:\\\/\\\/bibp.pl\\\/cs\\\/\"]}]},{\"@type\":\"BreadcrumbList\",\"@id\":\"https:\\\/\\\/bibp.pl\\\/cs\\\/#breadcrumb\",\"itemListElement\":[{\"@type\":\"ListItem\",\"position\":1,\"name\":\"Strona g\u0142\u00f3wna\",\"item\":\"https:\\\/\\\/bibp.pl\\\/cs\\\/\"},{\"@type\":\"ListItem\",\"position\":2,\"name\":\"HLAVN\u00cd STR\u00c1NKA\"}]},{\"@type\":\"WebSite\",\"@id\":\"https:\\\/\\\/bibp.pl\\\/cs\\\/#website\",\"url\":\"https:\\\/\\\/bibp.pl\\\/cs\\\/\",\"name\":\"Worki bag in box BIBP\",\"description\":\"Kolejna witryna oparta na WordPressie\",\"potentialAction\":[{\"@type\":\"SearchAction\",\"target\":{\"@type\":\"EntryPoint\",\"urlTemplate\":\"https:\\\/\\\/bibp.pl\\\/cs\\\/?s={search_term_string}\"},\"query-input\":{\"@type\":\"PropertyValueSpecification\",\"valueRequired\":true,\"valueName\":\"search_term_string\"}}],\"inLanguage\":\"cs\"}]}<\/script>\n<!-- \/ Yoast SEO plugin. -->","yoast_head_json":{"title":"HLAVN\u00cd STR\u00c1NKA - Worki bag in box BIBP","robots":{"index":"index","follow":"follow","max-snippet":"max-snippet:-1","max-image-preview":"max-image-preview:large","max-video-preview":"max-video-preview:-1"},"canonical":"https:\/\/bibp.pl\/cs\/","og_locale":"cs_CZ","og_type":"article","og_title":"HLAVN\u00cd STR\u00c1NKA - Worki bag in box BIBP","og_url":"https:\/\/bibp.pl\/cs\/","og_site_name":"Worki bag in box BIBP","article_modified_time":"2025-02-04T10:12:48+00:00","twitter_card":"summary_large_image","twitter_misc":{"Odhadovan\u00e1 doba \u010dten\u00ed":"8 minut"},"schema":{"@context":"https:\/\/schema.org","@graph":[{"@type":"WebPage","@id":"https:\/\/bibp.pl\/cs\/","url":"https:\/\/bibp.pl\/cs\/","name":"HLAVN\u00cd STR\u00c1NKA - Worki bag in box BIBP","isPartOf":{"@id":"https:\/\/bibp.pl\/cs\/#website"},"datePublished":"2020-09-21T22:39:37+00:00","dateModified":"2025-02-04T10:12:48+00:00","breadcrumb":{"@id":"https:\/\/bibp.pl\/cs\/#breadcrumb"},"inLanguage":"cs","potentialAction":[{"@type":"ReadAction","target":["https:\/\/bibp.pl\/cs\/"]}]},{"@type":"BreadcrumbList","@id":"https:\/\/bibp.pl\/cs\/#breadcrumb","itemListElement":[{"@type":"ListItem","position":1,"name":"Strona g\u0142\u00f3wna","item":"https:\/\/bibp.pl\/cs\/"},{"@type":"ListItem","position":2,"name":"HLAVN\u00cd STR\u00c1NKA"}]},{"@type":"WebSite","@id":"https:\/\/bibp.pl\/cs\/#website","url":"https:\/\/bibp.pl\/cs\/","name":"Worki bag in box BIBP","description":"Kolejna witryna oparta na WordPressie","potentialAction":[{"@type":"SearchAction","target":{"@type":"EntryPoint","urlTemplate":"https:\/\/bibp.pl\/cs\/?s={search_term_string}"},"query-input":{"@type":"PropertyValueSpecification","valueRequired":true,"valueName":"search_term_string"}}],"inLanguage":"cs"}]}},"_links":{"self":[{"href":"https:\/\/bibp.pl\/cs\/wp-json\/wp\/v2\/pages\/2121","targetHints":{"allow":["GET"]}}],"collection":[{"href":"https:\/\/bibp.pl\/cs\/wp-json\/wp\/v2\/pages"}],"about":[{"href":"https:\/\/bibp.pl\/cs\/wp-json\/wp\/v2\/types\/page"}],"author":[{"embeddable":true,"href":"https:\/\/bibp.pl\/cs\/wp-json\/wp\/v2\/users\/3"}],"replies":[{"embeddable":true,"href":"https:\/\/bibp.pl\/cs\/wp-json\/wp\/v2\/comments?post=2121"}],"version-history":[{"count":30,"href":"https:\/\/bibp.pl\/cs\/wp-json\/wp\/v2\/pages\/2121\/revisions"}],"predecessor-version":[{"id":15602,"href":"https:\/\/bibp.pl\/cs\/wp-json\/wp\/v2\/pages\/2121\/revisions\/15602"}],"wp:attachment":[{"href":"https:\/\/bibp.pl\/cs\/wp-json\/wp\/v2\/media?parent=2121"}],"curies":[{"name":"wp","href":"https:\/\/api.w.org\/{rel}","templated":true}]}}