{"id":2125,"date":"2020-09-22T01:06:52","date_gmt":"2020-09-21T23:06:52","guid":{"rendered":"https:\/\/bibp.pl\/?page_id=2125"},"modified":"2021-03-10T14:08:14","modified_gmt":"2021-03-10T13:08:14","slug":"podpora-podnikani","status":"publish","type":"page","link":"https:\/\/bibp.pl\/cs\/podpora-podnikani\/","title":{"rendered":"PODPORA PODNIK\u00c1N\u00cd"},"content":{"rendered":"<h2><strong>Na\u0161e technologick\u00e9 poradenstv\u00ed zahrnuje podporu ve v\u0161ech f\u00e1z\u00edch v\u00fdrobn\u00edho procesu. Jeho zp\u016fsob a rozsah jsou p\u0159izp\u016fsobeny individu\u00e1ln\u00edm pot\u0159eb\u00e1m z\u00e1kazn\u00edka.<\/strong><\/h2>\n<p>Na\u0161im z\u00e1kazn\u00edk\u016fm dod\u00e1v\u00e1me nejen vysoce kvalitn\u00ed inovativn\u00ed obaly, ale tak\u00e9 <strong><span style=\"color: #339966;\">znalosti<\/span><\/strong>, jak spustit efektivn\u00ed v\u00fdrobn\u00ed proces s jejich pou\u017eit\u00edm. Na\u0161\u00edm c\u00edlem je pomoci odstranit chyby, ke kter\u00fdm doch\u00e1z\u00ed ve f\u00e1zi pln\u011bn\u00ed, skladov\u00e1n\u00ed nebo p\u0159epravy. Vybereme rovn\u011b\u017e odpov\u00eddaj\u00edc\u00ed obaly pro pot\u0159eby z\u00e1kazn\u00edka, tak aby ka\u017ed\u00fd dostal produkt s t\u011bmi funkcemi, kter\u00e9 jsou ur\u010deny pro konkr\u00e9tn\u00ed aplikaci, p\u0159i zachov\u00e1n\u00ed atraktivn\u00ed ceny.<\/p>\n<hr \/>\n<h3><strong>Komu je ur\u010deno toto technologick\u00e9 poradenstv\u00ed?<\/strong><\/h3>\n<p>Na\u0161e konzultace jsou <strong><span style=\"color: #339966;\">ve\u0159ejn\u011b dostupn\u00e9,<\/span><\/strong> zveme ke kontaktu jak mal\u00e9, tak velk\u00e9 spole\u010dnosti. Stupe\u0148 slo\u017eitosti poradenstv\u00ed p\u0159izp\u016fsobujeme pot\u0159eb\u00e1m a o\u010dek\u00e1v\u00e1n\u00edm klient\u016f &#8211; realizujeme je jak formou telefonick\u00e9ho rozhovoru, tak i slo\u017eit\u011bj\u0161\u00edmi konzultacemi, pro kter\u00e9 vytv\u00e1\u0159\u00edme celou projektovou skupinu. Ve spolupr\u00e1ci se z\u00e1kazn\u00edkem sledujeme v\u0161echny f\u00e1ze v\u00fdrobn\u00edho a distribu\u010dn\u00edho procesu. Jestli\u017ee se vyskytnou n\u011bjak\u00e9 probl\u00e9my, analyzujeme jejich p\u0159\u00ed\u010dinu a vylou\u010d\u00edme ji, aby v\u0161e prob\u00edhalo hladce a z\u00e1kazn\u00edk byl pln\u011b spokojen.<\/p>\n<hr \/>\n<h3><strong>Pro\u010d to stoj\u00ed za to?<\/strong><\/h3>\n<p>Spole\u010dnost, kter\u00e1 se z\u00fa\u010dastn\u00ed takov\u00fdch konzultac\u00ed, bude moci <span style=\"color: #339966;\"><strong>rychleji zah\u00e1jit sv\u016fj v\u00fdrobn\u00ed proces.<\/strong><\/span> Spole\u010dn\u00e9 projektov\u00e1n\u00ed obal\u016f, procesu pln\u011bn\u00ed a distribuce v\u00fdrazn\u011b zkracuje proces uveden\u00ed na trh a eliminuje p\u0159\u00edpadn\u00e9 chyby a nedostatky. Na z\u00e1klad\u011b na\u0161ich bohat\u00fdch zku\u0161enost\u00ed shrom\u00e1\u017ed\u011bn\u00fdch mezi mal\u00fdmi a velk\u00fdmi spole\u010dnostmi na polsk\u00e9m a evropsk\u00e9m trhu m\u016f\u017eeme nab\u00eddnout konkr\u00e9tn\u00ed, osv\u011bd\u010den\u00e1 \u0159e\u0161en\u00ed.<\/p>\n<hr \/>\n<h3><strong>\u0160kolen\u00ed<\/strong><\/h3>\n<p>B\u011bhem na\u0161ich \u0161kolen\u00ed spolu s pozvan\u00fdmi specialisty diskutujeme o <strong><span style=\"color: #339966;\">mo\u017enostech a perspektiv\u00e1ch,<\/span><\/strong> jak\u00e9 p\u0159in\u00e1\u0161\u00ed obaly Bag in Box. P\u0159\u00edkladem takov\u00e9 ud\u00e1losti m\u016f\u017ee b\u00fdt setk\u00e1n\u00ed, kter\u00e9 jsme pro mal\u00e9 a st\u0159edn\u00ed podniky vyr\u00e1b\u011bj\u00edc\u00ed d\u017eusy typu NFC realizovali v Katovic\u00edch. Z\u00fa\u010dastnilo se jej celkem 25 spole\u010dnost\u00ed, kter\u00e9 se b\u011bhem dvou dn\u016f zapojily do \u010dty\u0159 diskusn\u00edch panel\u016f po\u0159\u00e1dan\u00fdch na\u0161imi specialisty a tak\u00e9 prof. Mari\u00ed Chmiel z Katedry Mikrobiologie Zem\u011bd\u011blsk\u00e9 Univerzity.<\/p>\n","protected":false},"excerpt":{"rendered":"<p>Na\u0161e technologick\u00e9 poradenstv\u00ed zahrnuje podporu ve v\u0161ech f\u00e1z\u00edch v\u00fdrobn\u00edho procesu. Jeho zp\u016fsob a rozsah jsou p\u0159izp\u016fsobeny individu\u00e1ln\u00edm pot\u0159eb\u00e1m z\u00e1kazn\u00edka. Na\u0161im z\u00e1kazn\u00edk\u016fm dod\u00e1v\u00e1me nejen vysoce kvalitn\u00ed inovativn\u00ed obaly, ale tak\u00e9 znalosti, jak spustit efektivn\u00ed v\u00fdrobn\u00ed proces s jejich pou\u017eit\u00edm. Na\u0161\u00edm c\u00edlem je pomoci odstranit chyby, ke kter\u00fdm doch\u00e1z\u00ed ve f\u00e1zi pln\u011bn\u00ed, skladov\u00e1n\u00ed nebo p\u0159epravy. Vybereme rovn\u011b\u017e [&hellip;]<\/p>\n","protected":false},"author":3,"featured_media":1684,"parent":0,"menu_order":0,"comment_status":"closed","ping_status":"closed","template":"page__consulting.php","meta":{"_acf_changed":false,"footnotes":""},"class_list":["post-2125","page","type-page","status-publish","has-post-thumbnail","hentry"],"acf":[],"yoast_head":"<!-- This site is optimized with the Yoast SEO plugin v27.4 - https:\/\/yoast.com\/product\/yoast-seo-wordpress\/ -->\n<title>PODPORA PODNIK\u00c1N\u00cd - Worki bag in box BIBP<\/title>\n<meta name=\"robots\" content=\"index, follow, max-snippet:-1, max-image-preview:large, max-video-preview:-1\" \/>\n<link rel=\"canonical\" href=\"https:\/\/bibp.pl\/cs\/podpora-podnikani\/\" \/>\n<meta property=\"og:locale\" content=\"cs_CZ\" \/>\n<meta property=\"og:type\" content=\"article\" \/>\n<meta property=\"og:title\" content=\"PODPORA PODNIK\u00c1N\u00cd - Worki bag in box BIBP\" \/>\n<meta property=\"og:description\" content=\"Na\u0161e technologick\u00e9 poradenstv\u00ed zahrnuje podporu ve v\u0161ech f\u00e1z\u00edch v\u00fdrobn\u00edho procesu. Jeho zp\u016fsob a rozsah jsou p\u0159izp\u016fsobeny individu\u00e1ln\u00edm pot\u0159eb\u00e1m z\u00e1kazn\u00edka. Na\u0161im z\u00e1kazn\u00edk\u016fm dod\u00e1v\u00e1me nejen vysoce kvalitn\u00ed inovativn\u00ed obaly, ale tak\u00e9 znalosti, jak spustit efektivn\u00ed v\u00fdrobn\u00ed proces s jejich pou\u017eit\u00edm. Na\u0161\u00edm c\u00edlem je pomoci odstranit chyby, ke kter\u00fdm doch\u00e1z\u00ed ve f\u00e1zi pln\u011bn\u00ed, skladov\u00e1n\u00ed nebo p\u0159epravy. Vybereme rovn\u011b\u017e [&hellip;]\" \/>\n<meta property=\"og:url\" content=\"https:\/\/bibp.pl\/cs\/podpora-podnikani\/\" \/>\n<meta property=\"og:site_name\" content=\"Worki bag in box BIBP\" \/>\n<meta property=\"article:modified_time\" content=\"2021-03-10T13:08:14+00:00\" \/>\n<meta property=\"og:image\" content=\"https:\/\/bibp.pl\/wp-content\/uploads\/2020\/08\/shutterstock_1166284138-scaled.jpg\" \/>\n\t<meta property=\"og:image:width\" content=\"2560\" \/>\n\t<meta property=\"og:image:height\" content=\"1699\" \/>\n\t<meta property=\"og:image:type\" content=\"image\/jpeg\" \/>\n<meta name=\"twitter:card\" content=\"summary_large_image\" \/>\n<meta name=\"twitter:label1\" content=\"Odhadovan\u00e1 doba \u010dten\u00ed\" \/>\n\t<meta name=\"twitter:data1\" content=\"2 minuty\" \/>\n<script type=\"application\/ld+json\" class=\"yoast-schema-graph\">{\"@context\":\"https:\\\/\\\/schema.org\",\"@graph\":[{\"@type\":\"WebPage\",\"@id\":\"https:\\\/\\\/bibp.pl\\\/cs\\\/podpora-podnikani\\\/\",\"url\":\"https:\\\/\\\/bibp.pl\\\/cs\\\/podpora-podnikani\\\/\",\"name\":\"PODPORA PODNIK\u00c1N\u00cd - Worki bag in box BIBP\",\"isPartOf\":{\"@id\":\"https:\\\/\\\/bibp.pl\\\/cs\\\/#website\"},\"primaryImageOfPage\":{\"@id\":\"https:\\\/\\\/bibp.pl\\\/cs\\\/podpora-podnikani\\\/#primaryimage\"},\"image\":{\"@id\":\"https:\\\/\\\/bibp.pl\\\/cs\\\/podpora-podnikani\\\/#primaryimage\"},\"thumbnailUrl\":\"https:\\\/\\\/bibp.pl\\\/wp-content\\\/uploads\\\/2020\\\/08\\\/shutterstock_1166284138-scaled.jpg\",\"datePublished\":\"2020-09-21T23:06:52+00:00\",\"dateModified\":\"2021-03-10T13:08:14+00:00\",\"breadcrumb\":{\"@id\":\"https:\\\/\\\/bibp.pl\\\/cs\\\/podpora-podnikani\\\/#breadcrumb\"},\"inLanguage\":\"cs\",\"potentialAction\":[{\"@type\":\"ReadAction\",\"target\":[\"https:\\\/\\\/bibp.pl\\\/cs\\\/podpora-podnikani\\\/\"]}]},{\"@type\":\"ImageObject\",\"inLanguage\":\"cs\",\"@id\":\"https:\\\/\\\/bibp.pl\\\/cs\\\/podpora-podnikani\\\/#primaryimage\",\"url\":\"https:\\\/\\\/bibp.pl\\\/wp-content\\\/uploads\\\/2020\\\/08\\\/shutterstock_1166284138-scaled.jpg\",\"contentUrl\":\"https:\\\/\\\/bibp.pl\\\/wp-content\\\/uploads\\\/2020\\\/08\\\/shutterstock_1166284138-scaled.jpg\",\"width\":2560,\"height\":1699},{\"@type\":\"BreadcrumbList\",\"@id\":\"https:\\\/\\\/bibp.pl\\\/cs\\\/podpora-podnikani\\\/#breadcrumb\",\"itemListElement\":[{\"@type\":\"ListItem\",\"position\":1,\"name\":\"Strona g\u0142\u00f3wna\",\"item\":\"https:\\\/\\\/bibp.pl\\\/cs\\\/\"},{\"@type\":\"ListItem\",\"position\":2,\"name\":\"PODPORA PODNIK\u00c1N\u00cd\"}]},{\"@type\":\"WebSite\",\"@id\":\"https:\\\/\\\/bibp.pl\\\/cs\\\/#website\",\"url\":\"https:\\\/\\\/bibp.pl\\\/cs\\\/\",\"name\":\"Worki bag in box BIBP\",\"description\":\"Kolejna witryna oparta na WordPressie\",\"potentialAction\":[{\"@type\":\"SearchAction\",\"target\":{\"@type\":\"EntryPoint\",\"urlTemplate\":\"https:\\\/\\\/bibp.pl\\\/cs\\\/?s={search_term_string}\"},\"query-input\":{\"@type\":\"PropertyValueSpecification\",\"valueRequired\":true,\"valueName\":\"search_term_string\"}}],\"inLanguage\":\"cs\"}]}<\/script>\n<!-- \/ Yoast SEO plugin. -->","yoast_head_json":{"title":"PODPORA PODNIK\u00c1N\u00cd - Worki bag in box BIBP","robots":{"index":"index","follow":"follow","max-snippet":"max-snippet:-1","max-image-preview":"max-image-preview:large","max-video-preview":"max-video-preview:-1"},"canonical":"https:\/\/bibp.pl\/cs\/podpora-podnikani\/","og_locale":"cs_CZ","og_type":"article","og_title":"PODPORA PODNIK\u00c1N\u00cd - Worki bag in box BIBP","og_description":"Na\u0161e technologick\u00e9 poradenstv\u00ed zahrnuje podporu ve v\u0161ech f\u00e1z\u00edch v\u00fdrobn\u00edho procesu. Jeho zp\u016fsob a rozsah jsou p\u0159izp\u016fsobeny individu\u00e1ln\u00edm pot\u0159eb\u00e1m z\u00e1kazn\u00edka. Na\u0161im z\u00e1kazn\u00edk\u016fm dod\u00e1v\u00e1me nejen vysoce kvalitn\u00ed inovativn\u00ed obaly, ale tak\u00e9 znalosti, jak spustit efektivn\u00ed v\u00fdrobn\u00ed proces s jejich pou\u017eit\u00edm. Na\u0161\u00edm c\u00edlem je pomoci odstranit chyby, ke kter\u00fdm doch\u00e1z\u00ed ve f\u00e1zi pln\u011bn\u00ed, skladov\u00e1n\u00ed nebo p\u0159epravy. Vybereme rovn\u011b\u017e [&hellip;]","og_url":"https:\/\/bibp.pl\/cs\/podpora-podnikani\/","og_site_name":"Worki bag in box BIBP","article_modified_time":"2021-03-10T13:08:14+00:00","og_image":[{"width":2560,"height":1699,"url":"https:\/\/bibp.pl\/wp-content\/uploads\/2020\/08\/shutterstock_1166284138-scaled.jpg","type":"image\/jpeg"}],"twitter_card":"summary_large_image","twitter_misc":{"Odhadovan\u00e1 doba \u010dten\u00ed":"2 minuty"},"schema":{"@context":"https:\/\/schema.org","@graph":[{"@type":"WebPage","@id":"https:\/\/bibp.pl\/cs\/podpora-podnikani\/","url":"https:\/\/bibp.pl\/cs\/podpora-podnikani\/","name":"PODPORA PODNIK\u00c1N\u00cd - Worki bag in box BIBP","isPartOf":{"@id":"https:\/\/bibp.pl\/cs\/#website"},"primaryImageOfPage":{"@id":"https:\/\/bibp.pl\/cs\/podpora-podnikani\/#primaryimage"},"image":{"@id":"https:\/\/bibp.pl\/cs\/podpora-podnikani\/#primaryimage"},"thumbnailUrl":"https:\/\/bibp.pl\/wp-content\/uploads\/2020\/08\/shutterstock_1166284138-scaled.jpg","datePublished":"2020-09-21T23:06:52+00:00","dateModified":"2021-03-10T13:08:14+00:00","breadcrumb":{"@id":"https:\/\/bibp.pl\/cs\/podpora-podnikani\/#breadcrumb"},"inLanguage":"cs","potentialAction":[{"@type":"ReadAction","target":["https:\/\/bibp.pl\/cs\/podpora-podnikani\/"]}]},{"@type":"ImageObject","inLanguage":"cs","@id":"https:\/\/bibp.pl\/cs\/podpora-podnikani\/#primaryimage","url":"https:\/\/bibp.pl\/wp-content\/uploads\/2020\/08\/shutterstock_1166284138-scaled.jpg","contentUrl":"https:\/\/bibp.pl\/wp-content\/uploads\/2020\/08\/shutterstock_1166284138-scaled.jpg","width":2560,"height":1699},{"@type":"BreadcrumbList","@id":"https:\/\/bibp.pl\/cs\/podpora-podnikani\/#breadcrumb","itemListElement":[{"@type":"ListItem","position":1,"name":"Strona g\u0142\u00f3wna","item":"https:\/\/bibp.pl\/cs\/"},{"@type":"ListItem","position":2,"name":"PODPORA PODNIK\u00c1N\u00cd"}]},{"@type":"WebSite","@id":"https:\/\/bibp.pl\/cs\/#website","url":"https:\/\/bibp.pl\/cs\/","name":"Worki bag in box BIBP","description":"Kolejna witryna oparta na WordPressie","potentialAction":[{"@type":"SearchAction","target":{"@type":"EntryPoint","urlTemplate":"https:\/\/bibp.pl\/cs\/?s={search_term_string}"},"query-input":{"@type":"PropertyValueSpecification","valueRequired":true,"valueName":"search_term_string"}}],"inLanguage":"cs"}]}},"_links":{"self":[{"href":"https:\/\/bibp.pl\/cs\/wp-json\/wp\/v2\/pages\/2125","targetHints":{"allow":["GET"]}}],"collection":[{"href":"https:\/\/bibp.pl\/cs\/wp-json\/wp\/v2\/pages"}],"about":[{"href":"https:\/\/bibp.pl\/cs\/wp-json\/wp\/v2\/types\/page"}],"author":[{"embeddable":true,"href":"https:\/\/bibp.pl\/cs\/wp-json\/wp\/v2\/users\/3"}],"replies":[{"embeddable":true,"href":"https:\/\/bibp.pl\/cs\/wp-json\/wp\/v2\/comments?post=2125"}],"version-history":[{"count":4,"href":"https:\/\/bibp.pl\/cs\/wp-json\/wp\/v2\/pages\/2125\/revisions"}],"predecessor-version":[{"id":9830,"href":"https:\/\/bibp.pl\/cs\/wp-json\/wp\/v2\/pages\/2125\/revisions\/9830"}],"wp:featuredmedia":[{"embeddable":true,"href":"https:\/\/bibp.pl\/cs\/wp-json\/wp\/v2\/media\/1684"}],"wp:attachment":[{"href":"https:\/\/bibp.pl\/cs\/wp-json\/wp\/v2\/media?parent=2125"}],"curies":[{"name":"wp","href":"https:\/\/api.w.org\/{rel}","templated":true}]}}