{"id":2126,"date":"2020-09-22T01:07:17","date_gmt":"2020-09-21T23:07:17","guid":{"rendered":"https:\/\/bibp.pl\/?page_id=2126"},"modified":"2021-03-10T14:04:16","modified_gmt":"2021-03-10T13:04:16","slug":"vyzkumne-a-vyvojove-centrum","status":"publish","type":"page","link":"https:\/\/bibp.pl\/cs\/vyzkumne-a-vyvojove-centrum\/","title":{"rendered":"V\u00ddZKUMN\u00c9 A V\u00ddVOJOV\u00c9 CENTRUM"},"content":{"rendered":"<h2><strong>Na\u0161e V\u00fdzkumn\u00e9 a V\u00fdvojov\u00e9 Centrum sdru\u017euje kolem sebe t\u00fdm v\u00fdjime\u010dn\u00fdch specialist\u016f. Vytvo\u0159ili jsme je za \u00fa\u010delem zlep\u0161en\u00ed procesu v\u00fdroby s\u00e1\u010dk\u016f typu Bag in Box. Od roku 2017 n\u00e1m d\u00e1v\u00e1 mo\u017enost prov\u00e1d\u011bt vlastn\u00ed v\u00fdzkum a zav\u00e1d\u011bt inovativn\u00ed \u0159e\u0161en\u00ed. Ka\u017ed\u00fd den pracujeme na nov\u00fdch \u0159e\u0161en\u00edch, kter\u00e1 v budoucnu spat\u0159\u00ed sv\u011btlo sv\u011bta.<\/strong><\/h2>\n<p><img loading=\"lazy\" decoding=\"async\" class=\"alignnone wp-image-2080\" src=\"https:\/\/bibp.pl\/wp-content\/uploads\/2020\/09\/cele_CZ-1024x319.png\" alt=\"\" width=\"566\" height=\"176\" srcset=\"https:\/\/bibp.pl\/wp-content\/uploads\/2020\/09\/cele_CZ-1024x319.png 1024w, https:\/\/bibp.pl\/wp-content\/uploads\/2020\/09\/cele_CZ-300x93.png 300w, https:\/\/bibp.pl\/wp-content\/uploads\/2020\/09\/cele_CZ-768x239.png 768w, https:\/\/bibp.pl\/wp-content\/uploads\/2020\/09\/cele_CZ-1536x478.png 1536w, https:\/\/bibp.pl\/wp-content\/uploads\/2020\/09\/cele_CZ.png 1920w\" sizes=\"auto, (max-width: 566px) 100vw, 566px\" \/><\/p>\n<ul>\n<li><span style=\"color: #339966;\"><strong>v\u00fdvoj nov\u00fdch produkt\u016f,<\/strong><\/span> v\u010detn\u011b obalov\u00fdch koncept\u016f, a tak\u00e9 zp\u016fsob\u016f, aplikace nestandardn\u00edch kapalin s vysokou viskozitou, tak aby byly vhodn\u00e9 pro pou\u017eit\u00ed v obalech typu Bag in Box,<\/li>\n<li><strong><span style=\"color: #339966;\">inovativn\u00ed proces kontroly kvality<\/span><\/strong> d\u00edky vytvo\u0159en\u00ed metod, kter\u00e9 n\u00e1m umo\u017e\u0148uj\u00ed efektivn\u011b identifikovat a \u0159e\u0161it probl\u00e9my v sou\u010dasn\u00e9 v\u00fdrob\u011b,<\/li>\n<li><strong><span style=\"color: #339966;\">technologick\u00e9 poradenstv\u00ed pro z\u00e1kazn\u00edky,<\/span><\/strong> kte\u0159\u00ed za\u010d\u00ednaj\u00ed vyr\u00e1b\u011bt s vyu\u017eit\u00edm obal\u016f typu Bag in Box, abychom je podpo\u0159ili v p\u0159izp\u016fsoben\u00ed technologick\u00e9ho procesu.<\/li>\n<\/ul>\n<hr \/>\n<p><img loading=\"lazy\" decoding=\"async\" class=\"alignnone wp-image-2064\" src=\"https:\/\/bibp.pl\/wp-content\/uploads\/2020\/09\/osiagniecia_CZ-1024x319.png\" alt=\"\" width=\"569\" height=\"177\" srcset=\"https:\/\/bibp.pl\/wp-content\/uploads\/2020\/09\/osiagniecia_CZ-1024x319.png 1024w, https:\/\/bibp.pl\/wp-content\/uploads\/2020\/09\/osiagniecia_CZ-300x93.png 300w, https:\/\/bibp.pl\/wp-content\/uploads\/2020\/09\/osiagniecia_CZ-768x239.png 768w, https:\/\/bibp.pl\/wp-content\/uploads\/2020\/09\/osiagniecia_CZ-1536x478.png 1536w, https:\/\/bibp.pl\/wp-content\/uploads\/2020\/09\/osiagniecia_CZ.png 1920w\" sizes=\"auto, (max-width: 569px) 100vw, 569px\" \/><\/p>\n<h3>D\u00edky vytvo\u0159en\u00ed Centra pro v\u00fdzkum a v\u00fdvoj se n\u00e1m poda\u0159ilo vyvinout a uv\u00e9st na trh nov\u00e9 produkty a technologie. Mezi na\u0161e nejd\u016fle\u017eit\u011bj\u0161\u00ed \u00fasp\u011bchy pat\u0159\u00ed:<\/h3>\n<p><span style=\"color: #339966;\"><strong>Projektov\u00e1n\u00ed a v\u00fdroba s\u00e1\u010dk\u016f s kapacitou 220 l<\/strong><\/span><\/p>\n<p>Vytvo\u0159ili jsme tento produkt od A do Z \u2013 od projektu a zah\u00e1jen\u00ed v\u00fdroby a\u017e po prodej a distribuci &#8211; rozsah tohoto projektu je unik\u00e1tn\u00ed v celost\u00e1tn\u00edm m\u011b\u0159\u00edtku. Aby to bylo mo\u017en\u00e9, nav\u00e1zali jsme spolupr\u00e1ci s p\u0159\u00edslu\u0161n\u00fdmi dodavateli jednotliv\u00fdch surovin, a vyvinuli rovn\u011b\u017e vhodn\u00e9 metody kontroly kvality, stabilizovali jsme v\u00fdrobn\u00ed proces. To n\u00e1m umo\u017enilo s ka\u017edou dal\u0161\u00ed \u0161ar\u017e\u00ed dod\u00e1vat stejn\u011b dobr\u00fd produkt. S\u00e1\u010dky o objemu 220 l vznikly ve 4 variant\u00e1ch: vysoce nepropustn\u00e9, standardn\u011b nepropustn\u00e9, transparentn\u00ed s\u00e1\u010dky na kapaliny pln\u011bn\u00e9 hork\u00e9, s\u00e1\u010dky pro mra\u017een\u00ed.<\/p>\n<p><span style=\"color: #339966;\"><strong>Projektov\u00e1n\u00ed a v\u00fdroba s\u00e1\u010dk\u016f pro hlubok\u00e9 mra\u017een\u00ed<\/strong><\/span><\/p>\n<p>Tento typ s\u00e1\u010dk\u016f se pou\u017e\u00edv\u00e1 p\u0159i pln\u011bn\u00ed ml\u00e9ka, nebo produkt\u016f jako jsou vaje\u010dn\u00e9 hmoty a n\u011bkter\u00e9 koncentr\u00e1ty potravin. Tyto s\u00e1\u010dky vyr\u00e1b\u00edme ze speci\u00e1ln\u011b vybran\u00fdch f\u00f3li\u00ed, d\u00edky nim\u017e vydr\u017e\u00ed hlubok\u00e9 mra\u017een\u00ed v rozmez\u00ed -20\u00b0C\/-30\u00b0C. Vytvo\u0159ili jsme je v objemech: 5l, 10l, 20l a 220l.<\/p>\n<p><span style=\"color: #339966;\"><strong>Vytvo\u0159en\u00ed v\u00fdrobn\u00ed technologie v syst\u00e9mu Ultra Clean<\/strong><\/span><\/p>\n<p>Nov\u00e1 v\u00fdrobn\u00ed trakce umo\u017enila vytv\u00e1\u0159en\u00ed s\u00e1\u010dk\u016f se zv\u00fd\u0161enou t\u0159\u00eddou \u010distoty, aby byla zaji\u0161t\u011bna v\u011bt\u0161\u00ed bezpe\u010dnost pln\u011bn\u00ed aseptick\u00fdch v\u00fdrobk\u016f. Tato z\u00e1ruka je mo\u017en\u00e1 d\u00edky pou\u017eit\u00ed radia\u010dn\u00ed sterilizace.<\/p>\n<hr \/>\n<p><img loading=\"lazy\" decoding=\"async\" class=\"alignnone wp-image-2088\" src=\"https:\/\/bibp.pl\/wp-content\/uploads\/2020\/09\/plany_CZ-1024x319.png\" alt=\"\" width=\"547\" height=\"170\" srcset=\"https:\/\/bibp.pl\/wp-content\/uploads\/2020\/09\/plany_CZ-1024x319.png 1024w, https:\/\/bibp.pl\/wp-content\/uploads\/2020\/09\/plany_CZ-300x93.png 300w, https:\/\/bibp.pl\/wp-content\/uploads\/2020\/09\/plany_CZ-768x239.png 768w, https:\/\/bibp.pl\/wp-content\/uploads\/2020\/09\/plany_CZ-1536x478.png 1536w, https:\/\/bibp.pl\/wp-content\/uploads\/2020\/09\/plany_CZ.png 1920w\" sizes=\"auto, (max-width: 547px) 100vw, 547px\" \/><\/p>\n<h3>Chceme pokra\u010dovat ve zlep\u0161ov\u00e1n\u00ed v\u00fdrobn\u00edho procesu a zav\u00e1d\u011bn\u00ed inovativn\u00edch \u0159e\u0161en\u00ed.<\/h3>\n<p><span style=\"color: #339966;\"><strong>Ekologicky \u0161etrn\u00e9 materi\u00e1ly<\/strong><\/span><\/p>\n<p>V z\u00e1jmu \u017eivotn\u00edho prost\u0159ed\u00ed pracujeme na materi\u00e1lech, kter\u00e9 maj\u00ed schopnost recyklace, a tak\u00e9 na redukci t\u011bch, kter\u00e9 nepodl\u00e9haj\u00ed segregaci. Sna\u017e\u00edme se nahradit v\u00edceslo\u017ekov\u00e9 f\u00f3lie, metalizovan\u00e9, f\u00f3liemi jin\u00e9ho slo\u017een\u00ed, kter\u00e9 v\u0161ak maj\u00ed bl\u00edzk\u00e9 mechanick\u00e9 vlastnosti.<\/p>\n","protected":false},"excerpt":{"rendered":"<p>Na\u0161e V\u00fdzkumn\u00e9 a V\u00fdvojov\u00e9 Centrum sdru\u017euje kolem sebe t\u00fdm v\u00fdjime\u010dn\u00fdch specialist\u016f. Vytvo\u0159ili jsme je za \u00fa\u010delem zlep\u0161en\u00ed procesu v\u00fdroby s\u00e1\u010dk\u016f typu Bag in Box. Od roku 2017 n\u00e1m d\u00e1v\u00e1 mo\u017enost prov\u00e1d\u011bt vlastn\u00ed v\u00fdzkum a zav\u00e1d\u011bt inovativn\u00ed \u0159e\u0161en\u00ed. Ka\u017ed\u00fd den pracujeme na nov\u00fdch \u0159e\u0161en\u00edch, kter\u00e1 v budoucnu spat\u0159\u00ed sv\u011btlo sv\u011bta. v\u00fdvoj nov\u00fdch produkt\u016f, v\u010detn\u011b obalov\u00fdch koncept\u016f, [&hellip;]<\/p>\n","protected":false},"author":3,"featured_media":1762,"parent":0,"menu_order":0,"comment_status":"closed","ping_status":"closed","template":"page__center.php","meta":{"_acf_changed":false,"footnotes":""},"class_list":["post-2126","page","type-page","status-publish","has-post-thumbnail","hentry"],"acf":[],"yoast_head":"<!-- This site is optimized with the Yoast SEO plugin v27.3 - https:\/\/yoast.com\/product\/yoast-seo-wordpress\/ -->\n<title>V\u00ddZKUMN\u00c9 A V\u00ddVOJOV\u00c9 CENTRUM - Worki bag in box BIBP<\/title>\n<meta name=\"robots\" content=\"index, follow, max-snippet:-1, max-image-preview:large, max-video-preview:-1\" \/>\n<link rel=\"canonical\" href=\"https:\/\/bibp.pl\/cs\/vyzkumne-a-vyvojove-centrum\/\" \/>\n<meta property=\"og:locale\" content=\"cs_CZ\" \/>\n<meta property=\"og:type\" content=\"article\" \/>\n<meta property=\"og:title\" content=\"V\u00ddZKUMN\u00c9 A V\u00ddVOJOV\u00c9 CENTRUM - Worki bag in box BIBP\" \/>\n<meta property=\"og:description\" content=\"Na\u0161e V\u00fdzkumn\u00e9 a V\u00fdvojov\u00e9 Centrum sdru\u017euje kolem sebe t\u00fdm v\u00fdjime\u010dn\u00fdch specialist\u016f. Vytvo\u0159ili jsme je za \u00fa\u010delem zlep\u0161en\u00ed procesu v\u00fdroby s\u00e1\u010dk\u016f typu Bag in Box. Od roku 2017 n\u00e1m d\u00e1v\u00e1 mo\u017enost prov\u00e1d\u011bt vlastn\u00ed v\u00fdzkum a zav\u00e1d\u011bt inovativn\u00ed \u0159e\u0161en\u00ed. Ka\u017ed\u00fd den pracujeme na nov\u00fdch \u0159e\u0161en\u00edch, kter\u00e1 v budoucnu spat\u0159\u00ed sv\u011btlo sv\u011bta. v\u00fdvoj nov\u00fdch produkt\u016f, v\u010detn\u011b obalov\u00fdch koncept\u016f, [&hellip;]\" \/>\n<meta property=\"og:url\" content=\"https:\/\/bibp.pl\/cs\/vyzkumne-a-vyvojove-centrum\/\" \/>\n<meta property=\"og:site_name\" content=\"Worki bag in box BIBP\" \/>\n<meta property=\"article:modified_time\" content=\"2021-03-10T13:04:16+00:00\" \/>\n<meta property=\"og:image\" content=\"https:\/\/bibp.pl\/wp-content\/uploads\/2020\/08\/08-20_BIBP_cbr_01.png\" \/>\n\t<meta property=\"og:image:width\" content=\"2500\" \/>\n\t<meta property=\"og:image:height\" content=\"362\" \/>\n\t<meta property=\"og:image:type\" content=\"image\/png\" \/>\n<meta name=\"twitter:card\" content=\"summary_large_image\" \/>\n<meta name=\"twitter:label1\" content=\"Odhadovan\u00e1 doba \u010dten\u00ed\" \/>\n\t<meta name=\"twitter:data1\" content=\"3 minuty\" \/>\n<script type=\"application\/ld+json\" class=\"yoast-schema-graph\">{\"@context\":\"https:\\\/\\\/schema.org\",\"@graph\":[{\"@type\":\"WebPage\",\"@id\":\"https:\\\/\\\/bibp.pl\\\/cs\\\/vyzkumne-a-vyvojove-centrum\\\/\",\"url\":\"https:\\\/\\\/bibp.pl\\\/cs\\\/vyzkumne-a-vyvojove-centrum\\\/\",\"name\":\"V\u00ddZKUMN\u00c9 A V\u00ddVOJOV\u00c9 CENTRUM - Worki bag in box BIBP\",\"isPartOf\":{\"@id\":\"https:\\\/\\\/bibp.pl\\\/cs\\\/#website\"},\"primaryImageOfPage\":{\"@id\":\"https:\\\/\\\/bibp.pl\\\/cs\\\/vyzkumne-a-vyvojove-centrum\\\/#primaryimage\"},\"image\":{\"@id\":\"https:\\\/\\\/bibp.pl\\\/cs\\\/vyzkumne-a-vyvojove-centrum\\\/#primaryimage\"},\"thumbnailUrl\":\"https:\\\/\\\/bibp.pl\\\/wp-content\\\/uploads\\\/2020\\\/08\\\/08-20_BIBP_cbr_01.png\",\"datePublished\":\"2020-09-21T23:07:17+00:00\",\"dateModified\":\"2021-03-10T13:04:16+00:00\",\"breadcrumb\":{\"@id\":\"https:\\\/\\\/bibp.pl\\\/cs\\\/vyzkumne-a-vyvojove-centrum\\\/#breadcrumb\"},\"inLanguage\":\"cs\",\"potentialAction\":[{\"@type\":\"ReadAction\",\"target\":[\"https:\\\/\\\/bibp.pl\\\/cs\\\/vyzkumne-a-vyvojove-centrum\\\/\"]}]},{\"@type\":\"ImageObject\",\"inLanguage\":\"cs\",\"@id\":\"https:\\\/\\\/bibp.pl\\\/cs\\\/vyzkumne-a-vyvojove-centrum\\\/#primaryimage\",\"url\":\"https:\\\/\\\/bibp.pl\\\/wp-content\\\/uploads\\\/2020\\\/08\\\/08-20_BIBP_cbr_01.png\",\"contentUrl\":\"https:\\\/\\\/bibp.pl\\\/wp-content\\\/uploads\\\/2020\\\/08\\\/08-20_BIBP_cbr_01.png\",\"width\":2500,\"height\":362,\"caption\":\"Our Research and Development Centre\"},{\"@type\":\"BreadcrumbList\",\"@id\":\"https:\\\/\\\/bibp.pl\\\/cs\\\/vyzkumne-a-vyvojove-centrum\\\/#breadcrumb\",\"itemListElement\":[{\"@type\":\"ListItem\",\"position\":1,\"name\":\"Strona g\u0142\u00f3wna\",\"item\":\"https:\\\/\\\/bibp.pl\\\/cs\\\/\"},{\"@type\":\"ListItem\",\"position\":2,\"name\":\"V\u00ddZKUMN\u00c9 A V\u00ddVOJOV\u00c9 CENTRUM\"}]},{\"@type\":\"WebSite\",\"@id\":\"https:\\\/\\\/bibp.pl\\\/cs\\\/#website\",\"url\":\"https:\\\/\\\/bibp.pl\\\/cs\\\/\",\"name\":\"Worki bag in box BIBP\",\"description\":\"Kolejna witryna oparta na WordPressie\",\"potentialAction\":[{\"@type\":\"SearchAction\",\"target\":{\"@type\":\"EntryPoint\",\"urlTemplate\":\"https:\\\/\\\/bibp.pl\\\/cs\\\/?s={search_term_string}\"},\"query-input\":{\"@type\":\"PropertyValueSpecification\",\"valueRequired\":true,\"valueName\":\"search_term_string\"}}],\"inLanguage\":\"cs\"}]}<\/script>\n<!-- \/ Yoast SEO plugin. -->","yoast_head_json":{"title":"V\u00ddZKUMN\u00c9 A V\u00ddVOJOV\u00c9 CENTRUM - Worki bag in box BIBP","robots":{"index":"index","follow":"follow","max-snippet":"max-snippet:-1","max-image-preview":"max-image-preview:large","max-video-preview":"max-video-preview:-1"},"canonical":"https:\/\/bibp.pl\/cs\/vyzkumne-a-vyvojove-centrum\/","og_locale":"cs_CZ","og_type":"article","og_title":"V\u00ddZKUMN\u00c9 A V\u00ddVOJOV\u00c9 CENTRUM - Worki bag in box BIBP","og_description":"Na\u0161e V\u00fdzkumn\u00e9 a V\u00fdvojov\u00e9 Centrum sdru\u017euje kolem sebe t\u00fdm v\u00fdjime\u010dn\u00fdch specialist\u016f. Vytvo\u0159ili jsme je za \u00fa\u010delem zlep\u0161en\u00ed procesu v\u00fdroby s\u00e1\u010dk\u016f typu Bag in Box. Od roku 2017 n\u00e1m d\u00e1v\u00e1 mo\u017enost prov\u00e1d\u011bt vlastn\u00ed v\u00fdzkum a zav\u00e1d\u011bt inovativn\u00ed \u0159e\u0161en\u00ed. Ka\u017ed\u00fd den pracujeme na nov\u00fdch \u0159e\u0161en\u00edch, kter\u00e1 v budoucnu spat\u0159\u00ed sv\u011btlo sv\u011bta. v\u00fdvoj nov\u00fdch produkt\u016f, v\u010detn\u011b obalov\u00fdch koncept\u016f, [&hellip;]","og_url":"https:\/\/bibp.pl\/cs\/vyzkumne-a-vyvojove-centrum\/","og_site_name":"Worki bag in box BIBP","article_modified_time":"2021-03-10T13:04:16+00:00","og_image":[{"width":2500,"height":362,"url":"https:\/\/bibp.pl\/wp-content\/uploads\/2020\/08\/08-20_BIBP_cbr_01.png","type":"image\/png"}],"twitter_card":"summary_large_image","twitter_misc":{"Odhadovan\u00e1 doba \u010dten\u00ed":"3 minuty"},"schema":{"@context":"https:\/\/schema.org","@graph":[{"@type":"WebPage","@id":"https:\/\/bibp.pl\/cs\/vyzkumne-a-vyvojove-centrum\/","url":"https:\/\/bibp.pl\/cs\/vyzkumne-a-vyvojove-centrum\/","name":"V\u00ddZKUMN\u00c9 A V\u00ddVOJOV\u00c9 CENTRUM - Worki bag in box BIBP","isPartOf":{"@id":"https:\/\/bibp.pl\/cs\/#website"},"primaryImageOfPage":{"@id":"https:\/\/bibp.pl\/cs\/vyzkumne-a-vyvojove-centrum\/#primaryimage"},"image":{"@id":"https:\/\/bibp.pl\/cs\/vyzkumne-a-vyvojove-centrum\/#primaryimage"},"thumbnailUrl":"https:\/\/bibp.pl\/wp-content\/uploads\/2020\/08\/08-20_BIBP_cbr_01.png","datePublished":"2020-09-21T23:07:17+00:00","dateModified":"2021-03-10T13:04:16+00:00","breadcrumb":{"@id":"https:\/\/bibp.pl\/cs\/vyzkumne-a-vyvojove-centrum\/#breadcrumb"},"inLanguage":"cs","potentialAction":[{"@type":"ReadAction","target":["https:\/\/bibp.pl\/cs\/vyzkumne-a-vyvojove-centrum\/"]}]},{"@type":"ImageObject","inLanguage":"cs","@id":"https:\/\/bibp.pl\/cs\/vyzkumne-a-vyvojove-centrum\/#primaryimage","url":"https:\/\/bibp.pl\/wp-content\/uploads\/2020\/08\/08-20_BIBP_cbr_01.png","contentUrl":"https:\/\/bibp.pl\/wp-content\/uploads\/2020\/08\/08-20_BIBP_cbr_01.png","width":2500,"height":362,"caption":"Our Research and Development Centre"},{"@type":"BreadcrumbList","@id":"https:\/\/bibp.pl\/cs\/vyzkumne-a-vyvojove-centrum\/#breadcrumb","itemListElement":[{"@type":"ListItem","position":1,"name":"Strona g\u0142\u00f3wna","item":"https:\/\/bibp.pl\/cs\/"},{"@type":"ListItem","position":2,"name":"V\u00ddZKUMN\u00c9 A V\u00ddVOJOV\u00c9 CENTRUM"}]},{"@type":"WebSite","@id":"https:\/\/bibp.pl\/cs\/#website","url":"https:\/\/bibp.pl\/cs\/","name":"Worki bag in box BIBP","description":"Kolejna witryna oparta na WordPressie","potentialAction":[{"@type":"SearchAction","target":{"@type":"EntryPoint","urlTemplate":"https:\/\/bibp.pl\/cs\/?s={search_term_string}"},"query-input":{"@type":"PropertyValueSpecification","valueRequired":true,"valueName":"search_term_string"}}],"inLanguage":"cs"}]}},"_links":{"self":[{"href":"https:\/\/bibp.pl\/cs\/wp-json\/wp\/v2\/pages\/2126","targetHints":{"allow":["GET"]}}],"collection":[{"href":"https:\/\/bibp.pl\/cs\/wp-json\/wp\/v2\/pages"}],"about":[{"href":"https:\/\/bibp.pl\/cs\/wp-json\/wp\/v2\/types\/page"}],"author":[{"embeddable":true,"href":"https:\/\/bibp.pl\/cs\/wp-json\/wp\/v2\/users\/3"}],"replies":[{"embeddable":true,"href":"https:\/\/bibp.pl\/cs\/wp-json\/wp\/v2\/comments?post=2126"}],"version-history":[{"count":4,"href":"https:\/\/bibp.pl\/cs\/wp-json\/wp\/v2\/pages\/2126\/revisions"}],"predecessor-version":[{"id":9827,"href":"https:\/\/bibp.pl\/cs\/wp-json\/wp\/v2\/pages\/2126\/revisions\/9827"}],"wp:featuredmedia":[{"embeddable":true,"href":"https:\/\/bibp.pl\/cs\/wp-json\/wp\/v2\/media\/1762"}],"wp:attachment":[{"href":"https:\/\/bibp.pl\/cs\/wp-json\/wp\/v2\/media?parent=2126"}],"curies":[{"name":"wp","href":"https:\/\/api.w.org\/{rel}","templated":true}]}}