{"id":5510,"date":"2020-10-06T16:45:49","date_gmt":"2020-10-06T14:45:49","guid":{"rendered":"https:\/\/bibp.pl\/?page_id=5510"},"modified":"2021-04-29T08:44:59","modified_gmt":"2021-04-29T06:44:59","slug":"newsroom","status":"publish","type":"page","link":"https:\/\/bibp.pl\/cs\/o-nas\/newsroom\/","title":{"rendered":"Newsroom"},"content":{"rendered":"<h2><strong>Na t\u00e9to kart\u011b najdete z\u00e1kladn\u00ed informace o spole\u010dnosti Bag in Box Poland, soubory a fotografie ke sta\u017een\u00ed, a tak\u00e9 n\u00e1\u0161 newsletter.\u00a0<\/strong><\/h2>\n<p><strong>O spole\u010dnosti Bag in Box Poland<\/strong><\/p>\n<p><span style=\"font-weight: 400;\">Vytv\u00e1\u0159\u00edme a vyr\u00e1b\u00edme inovativn\u00ed s\u00e1\u010dky Bag in Box, elastick\u00e9 nepropustn\u00e9 obaly a aseptick\u00e9 s\u00e1\u010dky o objemu od 2l do 220l. Krom\u011b \u0161pi\u010dkov\u00e9 kvality v\u00fdrobk\u016f na\u0161im z\u00e1kazn\u00edk\u016fm nab\u00edz\u00edme rovn\u011b\u017e profesion\u00e1ln\u00ed a komplexn\u00ed servis a podporu v nejefektivn\u011bj\u0161\u00edm vyu\u017e\u00edv\u00e1n\u00ed \u0159e\u0161en\u00ed BiB. Vyr\u00e1b\u00edme individu\u00e1ln\u00ed obaly na speci\u00e1ln\u00ed objedn\u00e1vku. Spolupracujeme s podnikateli po cel\u00e9m sv\u011bt\u011b.\u00a0 Na\u0161e s\u00eddlo a sklad se nach\u00e1z\u00ed ve m\u011bst\u011b Zator (Malopolsk\u00e9 vojvodstv\u00ed)<\/span><\/p>\n<p><span style=\"font-weight: 400;\">V\u00edce informac\u00ed o spole\u010dnosti Bag In Box Polsko najdete v z\u00e1lo\u017ece \u201e<\/span><span style=\"text-decoration: underline;\"><strong><span style=\"color: #339966;\"><a style=\"color: #339966; text-decoration: underline;\" href=\"https:\/\/bibp.pl\/cs\/o-nas\/\">O n\u00e1s<\/a><\/span><\/strong><\/span><span style=\"font-weight: 400;\">\u201d.<\/span><\/p>\n<p><strong>Odkazy na soci\u00e1ln\u00ed s\u00edt\u011b:<\/strong><\/p>\n<p>Facebook<span style=\"text-decoration: underline;\">\u00a0<span style=\"color: #339966; text-decoration: underline;\"><strong><a style=\"color: #339966; text-decoration: underline;\" href=\"https:\/\/www.facebook.com\/producentbaginbox\">Bag in Box Poland<\/a><\/strong><\/span><\/span><\/p>\n<p>LinkedIn<span style=\"text-decoration: underline;\">\u00a0<span style=\"color: #339966; text-decoration: underline;\"><strong><a style=\"color: #339966; text-decoration: underline;\" href=\"https:\/\/www.linkedin.com\/company\/bag-in-box-poland\/\">Bag in Box Poland<\/a><\/strong><\/span><\/span><\/p>\n<p><strong>St\u00e1hn\u011bte si n\u00e1\u0161 newsletter:<\/strong><\/p>\n<ul>\n<li><span style=\"text-decoration: underline;\"><strong><span style=\"color: #339966; text-decoration: underline;\"><a style=\"color: #339966; text-decoration: underline;\" href=\"https:\/\/bibp.pl\/wp-content\/uploads\/2020\/09\/1-NEWSLETTER-ANG.pdf\">NEWSLETTER 1<\/a><\/span><\/strong><\/span><\/li>\n<li><span style=\"text-decoration: underline;\"><strong><span style=\"color: #339966; text-decoration: underline;\"><a style=\"color: #339966; text-decoration: underline;\" href=\"https:\/\/bibp.pl\/wp-content\/uploads\/2020\/08\/2-NEWSLETTER-ANG.pdf\">NEWSLETTER 2<\/a><\/span><\/strong><\/span><\/li>\n<li><span style=\"text-decoration: underline;\"><strong><span style=\"color: #339966; text-decoration: underline;\"><a style=\"color: #339966; text-decoration: underline;\" href=\"https:\/\/bibp.pl\/wp-content\/uploads\/2020\/09\/NEWSLETTER-3.pdf\">NEWSLETTER 3<\/a><\/span><\/strong><\/span><\/li>\n<li><span style=\"text-decoration: underline;\"><strong><span style=\"color: #339966; text-decoration: underline;\"><a style=\"color: #339966; text-decoration: underline;\" href=\"https:\/\/bibp.pl\/wp-content\/uploads\/2020\/10\/EN_NEWSLETTER-4.pdf\">NEWSLETTER 4<\/a><\/span><\/strong><\/span><\/li>\n<li><span style=\"text-decoration: underline;\"><strong><span style=\"color: #339966; text-decoration: underline;\"><a style=\"color: #339966; text-decoration: underline;\" href=\"https:\/\/bibp.pl\/wp-content\/uploads\/2020\/11\/5-newsletter.pdf\">NEWSLETTER 5<\/a><\/span><\/strong><\/span><\/li>\n<\/ul>\n","protected":false},"excerpt":{"rendered":"<p>Na t\u00e9to kart\u011b najdete z\u00e1kladn\u00ed informace o spole\u010dnosti Bag in Box Poland, soubory a fotografie ke sta\u017een\u00ed, a tak\u00e9 n\u00e1\u0161 newsletter.\u00a0 O spole\u010dnosti Bag in Box Poland Vytv\u00e1\u0159\u00edme a vyr\u00e1b\u00edme inovativn\u00ed s\u00e1\u010dky Bag in Box, elastick\u00e9 nepropustn\u00e9 obaly a aseptick\u00e9 s\u00e1\u010dky o objemu od 2l do 220l. Krom\u011b \u0161pi\u010dkov\u00e9 kvality v\u00fdrobk\u016f na\u0161im z\u00e1kazn\u00edk\u016fm nab\u00edz\u00edme rovn\u011b\u017e [&hellip;]<\/p>\n","protected":false},"author":3,"featured_media":1673,"parent":2017,"menu_order":0,"comment_status":"closed","ping_status":"closed","template":"page__newsroom.php","meta":{"_acf_changed":false,"footnotes":""},"class_list":["post-5510","page","type-page","status-publish","has-post-thumbnail","hentry"],"acf":[],"yoast_head":"<!-- This site is optimized with the Yoast SEO plugin v27.3 - https:\/\/yoast.com\/product\/yoast-seo-wordpress\/ -->\n<title>Newsroom - Worki bag in box BIBP<\/title>\n<meta name=\"robots\" content=\"index, follow, max-snippet:-1, max-image-preview:large, max-video-preview:-1\" \/>\n<link rel=\"canonical\" href=\"https:\/\/bibp.pl\/cs\/o-nas\/newsroom\/\" \/>\n<meta property=\"og:locale\" content=\"cs_CZ\" \/>\n<meta property=\"og:type\" content=\"article\" \/>\n<meta property=\"og:title\" content=\"Newsroom - Worki bag in box BIBP\" \/>\n<meta property=\"og:description\" content=\"Na t\u00e9to kart\u011b najdete z\u00e1kladn\u00ed informace o spole\u010dnosti Bag in Box Poland, soubory a fotografie ke sta\u017een\u00ed, a tak\u00e9 n\u00e1\u0161 newsletter.\u00a0 O spole\u010dnosti Bag in Box Poland Vytv\u00e1\u0159\u00edme a vyr\u00e1b\u00edme inovativn\u00ed s\u00e1\u010dky Bag in Box, elastick\u00e9 nepropustn\u00e9 obaly a aseptick\u00e9 s\u00e1\u010dky o objemu od 2l do 220l. Krom\u011b \u0161pi\u010dkov\u00e9 kvality v\u00fdrobk\u016f na\u0161im z\u00e1kazn\u00edk\u016fm nab\u00edz\u00edme rovn\u011b\u017e [&hellip;]\" \/>\n<meta property=\"og:url\" content=\"https:\/\/bibp.pl\/cs\/o-nas\/newsroom\/\" \/>\n<meta property=\"og:site_name\" content=\"Worki bag in box BIBP\" \/>\n<meta property=\"article:modified_time\" content=\"2021-04-29T06:44:59+00:00\" \/>\n<meta property=\"og:image\" content=\"https:\/\/bibp.pl\/wp-content\/uploads\/2020\/08\/shutterstock_1362634592-scaled-e1625634191205.jpg\" \/>\n\t<meta property=\"og:image:width\" content=\"2560\" \/>\n\t<meta property=\"og:image:height\" content=\"1709\" \/>\n\t<meta property=\"og:image:type\" content=\"image\/jpeg\" \/>\n<meta name=\"twitter:card\" content=\"summary_large_image\" \/>\n<meta name=\"twitter:label1\" content=\"Odhadovan\u00e1 doba \u010dten\u00ed\" \/>\n\t<meta name=\"twitter:data1\" content=\"2 minuty\" \/>\n<script type=\"application\/ld+json\" class=\"yoast-schema-graph\">{\"@context\":\"https:\\\/\\\/schema.org\",\"@graph\":[{\"@type\":\"WebPage\",\"@id\":\"https:\\\/\\\/bibp.pl\\\/cs\\\/o-nas\\\/newsroom\\\/\",\"url\":\"https:\\\/\\\/bibp.pl\\\/cs\\\/o-nas\\\/newsroom\\\/\",\"name\":\"Newsroom - Worki bag in box BIBP\",\"isPartOf\":{\"@id\":\"https:\\\/\\\/bibp.pl\\\/cs\\\/#website\"},\"primaryImageOfPage\":{\"@id\":\"https:\\\/\\\/bibp.pl\\\/cs\\\/o-nas\\\/newsroom\\\/#primaryimage\"},\"image\":{\"@id\":\"https:\\\/\\\/bibp.pl\\\/cs\\\/o-nas\\\/newsroom\\\/#primaryimage\"},\"thumbnailUrl\":\"https:\\\/\\\/bibp.pl\\\/wp-content\\\/uploads\\\/2020\\\/08\\\/shutterstock_1362634592-scaled-e1625634191205.jpg\",\"datePublished\":\"2020-10-06T14:45:49+00:00\",\"dateModified\":\"2021-04-29T06:44:59+00:00\",\"breadcrumb\":{\"@id\":\"https:\\\/\\\/bibp.pl\\\/cs\\\/o-nas\\\/newsroom\\\/#breadcrumb\"},\"inLanguage\":\"cs\",\"potentialAction\":[{\"@type\":\"ReadAction\",\"target\":[\"https:\\\/\\\/bibp.pl\\\/cs\\\/o-nas\\\/newsroom\\\/\"]}]},{\"@type\":\"ImageObject\",\"inLanguage\":\"cs\",\"@id\":\"https:\\\/\\\/bibp.pl\\\/cs\\\/o-nas\\\/newsroom\\\/#primaryimage\",\"url\":\"https:\\\/\\\/bibp.pl\\\/wp-content\\\/uploads\\\/2020\\\/08\\\/shutterstock_1362634592-scaled-e1625634191205.jpg\",\"contentUrl\":\"https:\\\/\\\/bibp.pl\\\/wp-content\\\/uploads\\\/2020\\\/08\\\/shutterstock_1362634592-scaled-e1625634191205.jpg\",\"width\":2560,\"height\":1709},{\"@type\":\"BreadcrumbList\",\"@id\":\"https:\\\/\\\/bibp.pl\\\/cs\\\/o-nas\\\/newsroom\\\/#breadcrumb\",\"itemListElement\":[{\"@type\":\"ListItem\",\"position\":1,\"name\":\"Strona g\u0142\u00f3wna\",\"item\":\"https:\\\/\\\/bibp.pl\\\/cs\\\/\"},{\"@type\":\"ListItem\",\"position\":2,\"name\":\"O N\u00c1S\",\"item\":\"https:\\\/\\\/bibp.pl\\\/cs\\\/o-nas\\\/\"},{\"@type\":\"ListItem\",\"position\":3,\"name\":\"Newsroom\"}]},{\"@type\":\"WebSite\",\"@id\":\"https:\\\/\\\/bibp.pl\\\/cs\\\/#website\",\"url\":\"https:\\\/\\\/bibp.pl\\\/cs\\\/\",\"name\":\"Worki bag in box BIBP\",\"description\":\"Kolejna witryna oparta na WordPressie\",\"potentialAction\":[{\"@type\":\"SearchAction\",\"target\":{\"@type\":\"EntryPoint\",\"urlTemplate\":\"https:\\\/\\\/bibp.pl\\\/cs\\\/?s={search_term_string}\"},\"query-input\":{\"@type\":\"PropertyValueSpecification\",\"valueRequired\":true,\"valueName\":\"search_term_string\"}}],\"inLanguage\":\"cs\"}]}<\/script>\n<!-- \/ Yoast SEO plugin. -->","yoast_head_json":{"title":"Newsroom - Worki bag in box BIBP","robots":{"index":"index","follow":"follow","max-snippet":"max-snippet:-1","max-image-preview":"max-image-preview:large","max-video-preview":"max-video-preview:-1"},"canonical":"https:\/\/bibp.pl\/cs\/o-nas\/newsroom\/","og_locale":"cs_CZ","og_type":"article","og_title":"Newsroom - Worki bag in box BIBP","og_description":"Na t\u00e9to kart\u011b najdete z\u00e1kladn\u00ed informace o spole\u010dnosti Bag in Box Poland, soubory a fotografie ke sta\u017een\u00ed, a tak\u00e9 n\u00e1\u0161 newsletter.\u00a0 O spole\u010dnosti Bag in Box Poland Vytv\u00e1\u0159\u00edme a vyr\u00e1b\u00edme inovativn\u00ed s\u00e1\u010dky Bag in Box, elastick\u00e9 nepropustn\u00e9 obaly a aseptick\u00e9 s\u00e1\u010dky o objemu od 2l do 220l. Krom\u011b \u0161pi\u010dkov\u00e9 kvality v\u00fdrobk\u016f na\u0161im z\u00e1kazn\u00edk\u016fm nab\u00edz\u00edme rovn\u011b\u017e [&hellip;]","og_url":"https:\/\/bibp.pl\/cs\/o-nas\/newsroom\/","og_site_name":"Worki bag in box BIBP","article_modified_time":"2021-04-29T06:44:59+00:00","og_image":[{"width":2560,"height":1709,"url":"https:\/\/bibp.pl\/wp-content\/uploads\/2020\/08\/shutterstock_1362634592-scaled-e1625634191205.jpg","type":"image\/jpeg"}],"twitter_card":"summary_large_image","twitter_misc":{"Odhadovan\u00e1 doba \u010dten\u00ed":"2 minuty"},"schema":{"@context":"https:\/\/schema.org","@graph":[{"@type":"WebPage","@id":"https:\/\/bibp.pl\/cs\/o-nas\/newsroom\/","url":"https:\/\/bibp.pl\/cs\/o-nas\/newsroom\/","name":"Newsroom - Worki bag in box BIBP","isPartOf":{"@id":"https:\/\/bibp.pl\/cs\/#website"},"primaryImageOfPage":{"@id":"https:\/\/bibp.pl\/cs\/o-nas\/newsroom\/#primaryimage"},"image":{"@id":"https:\/\/bibp.pl\/cs\/o-nas\/newsroom\/#primaryimage"},"thumbnailUrl":"https:\/\/bibp.pl\/wp-content\/uploads\/2020\/08\/shutterstock_1362634592-scaled-e1625634191205.jpg","datePublished":"2020-10-06T14:45:49+00:00","dateModified":"2021-04-29T06:44:59+00:00","breadcrumb":{"@id":"https:\/\/bibp.pl\/cs\/o-nas\/newsroom\/#breadcrumb"},"inLanguage":"cs","potentialAction":[{"@type":"ReadAction","target":["https:\/\/bibp.pl\/cs\/o-nas\/newsroom\/"]}]},{"@type":"ImageObject","inLanguage":"cs","@id":"https:\/\/bibp.pl\/cs\/o-nas\/newsroom\/#primaryimage","url":"https:\/\/bibp.pl\/wp-content\/uploads\/2020\/08\/shutterstock_1362634592-scaled-e1625634191205.jpg","contentUrl":"https:\/\/bibp.pl\/wp-content\/uploads\/2020\/08\/shutterstock_1362634592-scaled-e1625634191205.jpg","width":2560,"height":1709},{"@type":"BreadcrumbList","@id":"https:\/\/bibp.pl\/cs\/o-nas\/newsroom\/#breadcrumb","itemListElement":[{"@type":"ListItem","position":1,"name":"Strona g\u0142\u00f3wna","item":"https:\/\/bibp.pl\/cs\/"},{"@type":"ListItem","position":2,"name":"O N\u00c1S","item":"https:\/\/bibp.pl\/cs\/o-nas\/"},{"@type":"ListItem","position":3,"name":"Newsroom"}]},{"@type":"WebSite","@id":"https:\/\/bibp.pl\/cs\/#website","url":"https:\/\/bibp.pl\/cs\/","name":"Worki bag in box BIBP","description":"Kolejna witryna oparta na WordPressie","potentialAction":[{"@type":"SearchAction","target":{"@type":"EntryPoint","urlTemplate":"https:\/\/bibp.pl\/cs\/?s={search_term_string}"},"query-input":{"@type":"PropertyValueSpecification","valueRequired":true,"valueName":"search_term_string"}}],"inLanguage":"cs"}]}},"_links":{"self":[{"href":"https:\/\/bibp.pl\/cs\/wp-json\/wp\/v2\/pages\/5510","targetHints":{"allow":["GET"]}}],"collection":[{"href":"https:\/\/bibp.pl\/cs\/wp-json\/wp\/v2\/pages"}],"about":[{"href":"https:\/\/bibp.pl\/cs\/wp-json\/wp\/v2\/types\/page"}],"author":[{"embeddable":true,"href":"https:\/\/bibp.pl\/cs\/wp-json\/wp\/v2\/users\/3"}],"replies":[{"embeddable":true,"href":"https:\/\/bibp.pl\/cs\/wp-json\/wp\/v2\/comments?post=5510"}],"version-history":[{"count":8,"href":"https:\/\/bibp.pl\/cs\/wp-json\/wp\/v2\/pages\/5510\/revisions"}],"predecessor-version":[{"id":10355,"href":"https:\/\/bibp.pl\/cs\/wp-json\/wp\/v2\/pages\/5510\/revisions\/10355"}],"up":[{"embeddable":true,"href":"https:\/\/bibp.pl\/cs\/wp-json\/wp\/v2\/pages\/2017"}],"wp:featuredmedia":[{"embeddable":true,"href":"https:\/\/bibp.pl\/cs\/wp-json\/wp\/v2\/media\/1673"}],"wp:attachment":[{"href":"https:\/\/bibp.pl\/cs\/wp-json\/wp\/v2\/media?parent=5510"}],"curies":[{"name":"wp","href":"https:\/\/api.w.org\/{rel}","templated":true}]}}