{"id":7736,"date":"2020-10-29T16:37:25","date_gmt":"2020-10-29T15:37:25","guid":{"rendered":"https:\/\/bibp.pl\/?page_id=7736"},"modified":"2021-03-10T13:03:31","modified_gmt":"2021-03-10T12:03:31","slug":"forschungs-und-entwicklungszentrum","status":"publish","type":"page","link":"https:\/\/bibp.pl\/de\/forschungs-und-entwicklungszentrum\/","title":{"rendered":"Forschungs- und Entwicklungszentrum"},"content":{"rendered":"<h2><strong>Unser Forschungs- und Entwicklungszentrum ist ein Team von au\u00dfergew\u00f6hnlichen Fachkr\u00e4ften. Wir haben es gegr\u00fcndet, um den Produktionsprozess von Bag-in-Box Beuteln zu verbessern. Seit 2017 gibt das Zentrum uns die M\u00f6glichkeit, eigene Forschung zu betreiben und innovative L\u00f6sungen umzusetzen. Jeden Tag arbeiten wir an neuen L\u00f6sungen, die in Zukunft das Licht der Welt erblicken werden.<\/strong><\/h2>\n<p><img loading=\"lazy\" decoding=\"async\" class=\"alignnone wp-image-8050\" src=\"https:\/\/bibp.pl\/wp-content\/uploads\/2020\/11\/cele-1024x319.png\" alt=\"\" width=\"496\" height=\"155\" srcset=\"https:\/\/bibp.pl\/wp-content\/uploads\/2020\/11\/cele-1024x319.png 1024w, https:\/\/bibp.pl\/wp-content\/uploads\/2020\/11\/cele-300x93.png 300w, https:\/\/bibp.pl\/wp-content\/uploads\/2020\/11\/cele-768x239.png 768w, https:\/\/bibp.pl\/wp-content\/uploads\/2020\/11\/cele-1536x478.png 1536w, https:\/\/bibp.pl\/wp-content\/uploads\/2020\/11\/cele.png 1920w\" sizes=\"auto, (max-width: 496px) 100vw, 496px\" \/><\/p>\n<ul>\n<li><span style=\"color: #339966;\"><strong>Entwicklung neuer Produkte<\/strong>,<\/span> einschlie\u00dflich Verpackungskonzepten, aber auch M\u00f6glichkeiten, kundenspezifische hochviskose Fl\u00fcssigkeiten so vorbereiten, dass sie f\u00fcr die Verwendung in Bag-in-Box-Verpackungen geeignet sind,<\/li>\n<li><span style=\"color: #339966;\"><strong>Innovatives Qualit\u00e4tskontrollverfahren<\/strong>,<\/span> dank der Schaffung von Methoden, die es uns erm\u00f6glichen, Probleme in der laufenden Produktion effektiv zu identifizieren und zu beseitigen,<\/li>\n<li><span style=\"color: #339966;\"><strong>Technologische Beratung f\u00fcr Kunden<\/strong>,<\/span> die die Produktion mit Bag in Box-Verpackungen beginnen, damit sie bei der Anpassung des technologischen Prozesses unterst\u00fctzen.<\/li>\n<\/ul>\n<hr \/>\n<p><img loading=\"lazy\" decoding=\"async\" class=\"alignnone wp-image-8068\" src=\"https:\/\/bibp.pl\/wp-content\/uploads\/2020\/11\/osiagniecia-1024x319.png\" alt=\"\" width=\"495\" height=\"154\" srcset=\"https:\/\/bibp.pl\/wp-content\/uploads\/2020\/11\/osiagniecia-1024x319.png 1024w, https:\/\/bibp.pl\/wp-content\/uploads\/2020\/11\/osiagniecia-300x93.png 300w, https:\/\/bibp.pl\/wp-content\/uploads\/2020\/11\/osiagniecia-768x239.png 768w, https:\/\/bibp.pl\/wp-content\/uploads\/2020\/11\/osiagniecia-1536x478.png 1536w, https:\/\/bibp.pl\/wp-content\/uploads\/2020\/11\/osiagniecia.png 1920w\" sizes=\"auto, (max-width: 495px) 100vw, 495px\" \/><\/p>\n<h3>Dank unseres Forschungs- und Entwicklungszentrum sind wir in der Lage neue Produkte und Technologien zu entwickeln und auf den Markt zu bringen. Zu unseren gr\u00f6\u00dften Erfolgen z\u00e4hlen wir:<\/h3>\n<p><span style=\"color: #339966;\"><strong>Entwurf und Produktion von 220-l-Beuteln<\/strong><\/span><br \/>\nWir haben dieses Produkt in seiner Gesamtheit entwickelt \u2013 vom Design \u00fcber den Produktionsstart bis hin zum Verkauf und Vertrieb \u2013 der Umfang dieses Projekts ist in Polen einzigartig. Um dies zu erm\u00f6glichen, haben wir eine Zusammenarbeit mit geeigneten Lieferanten bestimmter Rohstoffe aufgebaut und durch die Entwicklung geeigneter Qualit\u00e4tskontrollmethoden den Produktionsprozess stabilisiert. Dies erm\u00f6glichte es uns, bei jeder folgenden Charge dasselbe gute Produkt zu liefern. Die 220-l-Beutel wurden in 4 Varianten hergestellt: Hochbarriere, Standardbarriere, transparente Beutel f\u00fcr Hei\u00dfabf\u00fcllung, Gefrierbeutel.<\/p>\n<p><span style=\"color: #339966;\"><strong>Entwurf und Herstellung von Tiefk\u00fchlbeuteln<\/strong><\/span><br \/>\nDiese Art von Beuteln wird bei der Abf\u00fcllung von Milch, Produkten wie Eimassen und einigen Lebensmittelkonzentraten verwendet. Wir stellen diese Beutel aus speziell ausgew\u00e4hlten Folien her, dank denen sie einer Tiefk\u00fchlung im Bereich von -20 \u00b0C\/-30 \u00b0C standhalten. Wir haben sie f\u00fcr folgende Volumen geschaffen: 5 l, 10 l, 20 l und 220 l.<\/p>\n<p><span style=\"color: #339966;\"><strong>Schaffung von Produktionstechnologie im Ultra-Clean-System<\/strong><\/span><br \/>\nDie neue Produktionslinie hat die Herstellung von Beuteln mit einer h\u00f6heren Reinheitsklasse erm\u00f6glicht, um eine gr\u00f6\u00dfere Sicherheit der aseptischen Abf\u00fcllung zu gew\u00e4hrleisten. Diese Garantie kann durch eine Strahlensterilisation erreicht werden.<\/p>\n<hr \/>\n<p><img loading=\"lazy\" decoding=\"async\" class=\"alignnone wp-image-8077\" src=\"https:\/\/bibp.pl\/wp-content\/uploads\/2020\/11\/plany-1024x319.png\" alt=\"\" width=\"527\" height=\"164\" srcset=\"https:\/\/bibp.pl\/wp-content\/uploads\/2020\/11\/plany-1024x319.png 1024w, https:\/\/bibp.pl\/wp-content\/uploads\/2020\/11\/plany-300x93.png 300w, https:\/\/bibp.pl\/wp-content\/uploads\/2020\/11\/plany-768x239.png 768w, https:\/\/bibp.pl\/wp-content\/uploads\/2020\/11\/plany-1536x478.png 1536w, https:\/\/bibp.pl\/wp-content\/uploads\/2020\/11\/plany.png 1920w\" sizes=\"auto, (max-width: 527px) 100vw, 527px\" \/><\/p>\n<h3>Wir wollen den Produktionsprozess weiter verbessern und innovative L\u00f6sungen einf\u00fchren.<\/h3>\n<p><span style=\"color: #339966;\"><strong>Umweltfreundliche Materialien<\/strong><\/span><br \/>\nDer Umwelt zuliebe arbeiten wir an den recyclebaren Materialien sowie an der Reduzierung der nicht trennbaren Materialien. Wir bem\u00fchen uns, Multimaterial- und metallisierte Folien durch Folien unterschiedlicher Zusammensetzung, aber mit \u00e4hnlichen mechanischen Eigenschaften zu ersetzen.<\/p>\n","protected":false},"excerpt":{"rendered":"<p>Unser Forschungs- und Entwicklungszentrum ist ein Team von au\u00dfergew\u00f6hnlichen Fachkr\u00e4ften. Wir haben es gegr\u00fcndet, um den Produktionsprozess von Bag-in-Box Beuteln zu verbessern. Seit 2017 gibt das Zentrum uns die M\u00f6glichkeit, eigene Forschung zu betreiben und innovative L\u00f6sungen umzusetzen. Jeden Tag arbeiten wir an neuen L\u00f6sungen, die in Zukunft das Licht der Welt erblicken werden. Entwicklung [&hellip;]<\/p>\n","protected":false},"author":1,"featured_media":1765,"parent":0,"menu_order":0,"comment_status":"closed","ping_status":"closed","template":"page__center.php","meta":{"_acf_changed":false,"footnotes":""},"class_list":["post-7736","page","type-page","status-publish","has-post-thumbnail","hentry"],"acf":[],"yoast_head":"<!-- This site is optimized with the Yoast SEO plugin v27.4 - https:\/\/yoast.com\/product\/yoast-seo-wordpress\/ -->\n<title>Forschungs- und Entwicklungszentrum - Worki bag in box BIBP<\/title>\n<meta name=\"robots\" content=\"index, follow, max-snippet:-1, max-image-preview:large, max-video-preview:-1\" \/>\n<link rel=\"canonical\" href=\"https:\/\/bibp.pl\/de\/forschungs-und-entwicklungszentrum\/\" \/>\n<meta property=\"og:locale\" content=\"de_DE\" \/>\n<meta property=\"og:type\" content=\"article\" \/>\n<meta property=\"og:title\" content=\"Forschungs- und Entwicklungszentrum - Worki bag in box BIBP\" \/>\n<meta property=\"og:description\" content=\"Unser Forschungs- und Entwicklungszentrum ist ein Team von au\u00dfergew\u00f6hnlichen Fachkr\u00e4ften. Wir haben es gegr\u00fcndet, um den Produktionsprozess von Bag-in-Box Beuteln zu verbessern. Seit 2017 gibt das Zentrum uns die M\u00f6glichkeit, eigene Forschung zu betreiben und innovative L\u00f6sungen umzusetzen. Jeden Tag arbeiten wir an neuen L\u00f6sungen, die in Zukunft das Licht der Welt erblicken werden. Entwicklung [&hellip;]\" \/>\n<meta property=\"og:url\" content=\"https:\/\/bibp.pl\/de\/forschungs-und-entwicklungszentrum\/\" \/>\n<meta property=\"og:site_name\" content=\"Worki bag in box BIBP\" \/>\n<meta property=\"article:modified_time\" content=\"2021-03-10T12:03:31+00:00\" \/>\n<meta property=\"og:image\" content=\"https:\/\/bibp.pl\/wp-content\/uploads\/2020\/08\/08-20_BIBP_cbr_01.png\" \/>\n\t<meta property=\"og:image:width\" content=\"2500\" \/>\n\t<meta property=\"og:image:height\" content=\"362\" \/>\n\t<meta property=\"og:image:type\" content=\"image\/png\" \/>\n<meta name=\"twitter:card\" content=\"summary_large_image\" \/>\n<meta name=\"twitter:label1\" content=\"Gesch\u00e4tzte Lesezeit\" \/>\n\t<meta name=\"twitter:data1\" content=\"3\u00a0Minuten\" \/>\n<script type=\"application\/ld+json\" class=\"yoast-schema-graph\">{\"@context\":\"https:\\\/\\\/schema.org\",\"@graph\":[{\"@type\":\"WebPage\",\"@id\":\"https:\\\/\\\/bibp.pl\\\/de\\\/forschungs-und-entwicklungszentrum\\\/\",\"url\":\"https:\\\/\\\/bibp.pl\\\/de\\\/forschungs-und-entwicklungszentrum\\\/\",\"name\":\"Forschungs- und Entwicklungszentrum - Worki bag in box BIBP\",\"isPartOf\":{\"@id\":\"https:\\\/\\\/bibp.pl\\\/de\\\/#website\"},\"primaryImageOfPage\":{\"@id\":\"https:\\\/\\\/bibp.pl\\\/de\\\/forschungs-und-entwicklungszentrum\\\/#primaryimage\"},\"image\":{\"@id\":\"https:\\\/\\\/bibp.pl\\\/de\\\/forschungs-und-entwicklungszentrum\\\/#primaryimage\"},\"thumbnailUrl\":\"https:\\\/\\\/bibp.pl\\\/wp-content\\\/uploads\\\/2020\\\/08\\\/08-20_BIBP_cbr_01.png\",\"datePublished\":\"2020-10-29T15:37:25+00:00\",\"dateModified\":\"2021-03-10T12:03:31+00:00\",\"breadcrumb\":{\"@id\":\"https:\\\/\\\/bibp.pl\\\/de\\\/forschungs-und-entwicklungszentrum\\\/#breadcrumb\"},\"inLanguage\":\"de\",\"potentialAction\":[{\"@type\":\"ReadAction\",\"target\":[\"https:\\\/\\\/bibp.pl\\\/de\\\/forschungs-und-entwicklungszentrum\\\/\"]}]},{\"@type\":\"ImageObject\",\"inLanguage\":\"de\",\"@id\":\"https:\\\/\\\/bibp.pl\\\/de\\\/forschungs-und-entwicklungszentrum\\\/#primaryimage\",\"url\":\"https:\\\/\\\/bibp.pl\\\/wp-content\\\/uploads\\\/2020\\\/08\\\/08-20_BIBP_cbr_01.png\",\"contentUrl\":\"https:\\\/\\\/bibp.pl\\\/wp-content\\\/uploads\\\/2020\\\/08\\\/08-20_BIBP_cbr_01.png\",\"width\":2500,\"height\":362,\"caption\":\"Our Research and Development Centre\"},{\"@type\":\"BreadcrumbList\",\"@id\":\"https:\\\/\\\/bibp.pl\\\/de\\\/forschungs-und-entwicklungszentrum\\\/#breadcrumb\",\"itemListElement\":[{\"@type\":\"ListItem\",\"position\":1,\"name\":\"Strona g\u0142\u00f3wna\",\"item\":\"https:\\\/\\\/bibp.pl\\\/de\\\/\"},{\"@type\":\"ListItem\",\"position\":2,\"name\":\"Forschungs- und Entwicklungszentrum\"}]},{\"@type\":\"WebSite\",\"@id\":\"https:\\\/\\\/bibp.pl\\\/de\\\/#website\",\"url\":\"https:\\\/\\\/bibp.pl\\\/de\\\/\",\"name\":\"Worki bag in box BIBP\",\"description\":\"Kolejna witryna oparta na WordPressie\",\"potentialAction\":[{\"@type\":\"SearchAction\",\"target\":{\"@type\":\"EntryPoint\",\"urlTemplate\":\"https:\\\/\\\/bibp.pl\\\/de\\\/?s={search_term_string}\"},\"query-input\":{\"@type\":\"PropertyValueSpecification\",\"valueRequired\":true,\"valueName\":\"search_term_string\"}}],\"inLanguage\":\"de\"}]}<\/script>\n<!-- \/ Yoast SEO plugin. -->","yoast_head_json":{"title":"Forschungs- und Entwicklungszentrum - Worki bag in box BIBP","robots":{"index":"index","follow":"follow","max-snippet":"max-snippet:-1","max-image-preview":"max-image-preview:large","max-video-preview":"max-video-preview:-1"},"canonical":"https:\/\/bibp.pl\/de\/forschungs-und-entwicklungszentrum\/","og_locale":"de_DE","og_type":"article","og_title":"Forschungs- und Entwicklungszentrum - Worki bag in box BIBP","og_description":"Unser Forschungs- und Entwicklungszentrum ist ein Team von au\u00dfergew\u00f6hnlichen Fachkr\u00e4ften. Wir haben es gegr\u00fcndet, um den Produktionsprozess von Bag-in-Box Beuteln zu verbessern. Seit 2017 gibt das Zentrum uns die M\u00f6glichkeit, eigene Forschung zu betreiben und innovative L\u00f6sungen umzusetzen. Jeden Tag arbeiten wir an neuen L\u00f6sungen, die in Zukunft das Licht der Welt erblicken werden. Entwicklung [&hellip;]","og_url":"https:\/\/bibp.pl\/de\/forschungs-und-entwicklungszentrum\/","og_site_name":"Worki bag in box BIBP","article_modified_time":"2021-03-10T12:03:31+00:00","og_image":[{"width":2500,"height":362,"url":"https:\/\/bibp.pl\/wp-content\/uploads\/2020\/08\/08-20_BIBP_cbr_01.png","type":"image\/png"}],"twitter_card":"summary_large_image","twitter_misc":{"Gesch\u00e4tzte Lesezeit":"3\u00a0Minuten"},"schema":{"@context":"https:\/\/schema.org","@graph":[{"@type":"WebPage","@id":"https:\/\/bibp.pl\/de\/forschungs-und-entwicklungszentrum\/","url":"https:\/\/bibp.pl\/de\/forschungs-und-entwicklungszentrum\/","name":"Forschungs- und Entwicklungszentrum - Worki bag in box BIBP","isPartOf":{"@id":"https:\/\/bibp.pl\/de\/#website"},"primaryImageOfPage":{"@id":"https:\/\/bibp.pl\/de\/forschungs-und-entwicklungszentrum\/#primaryimage"},"image":{"@id":"https:\/\/bibp.pl\/de\/forschungs-und-entwicklungszentrum\/#primaryimage"},"thumbnailUrl":"https:\/\/bibp.pl\/wp-content\/uploads\/2020\/08\/08-20_BIBP_cbr_01.png","datePublished":"2020-10-29T15:37:25+00:00","dateModified":"2021-03-10T12:03:31+00:00","breadcrumb":{"@id":"https:\/\/bibp.pl\/de\/forschungs-und-entwicklungszentrum\/#breadcrumb"},"inLanguage":"de","potentialAction":[{"@type":"ReadAction","target":["https:\/\/bibp.pl\/de\/forschungs-und-entwicklungszentrum\/"]}]},{"@type":"ImageObject","inLanguage":"de","@id":"https:\/\/bibp.pl\/de\/forschungs-und-entwicklungszentrum\/#primaryimage","url":"https:\/\/bibp.pl\/wp-content\/uploads\/2020\/08\/08-20_BIBP_cbr_01.png","contentUrl":"https:\/\/bibp.pl\/wp-content\/uploads\/2020\/08\/08-20_BIBP_cbr_01.png","width":2500,"height":362,"caption":"Our Research and Development Centre"},{"@type":"BreadcrumbList","@id":"https:\/\/bibp.pl\/de\/forschungs-und-entwicklungszentrum\/#breadcrumb","itemListElement":[{"@type":"ListItem","position":1,"name":"Strona g\u0142\u00f3wna","item":"https:\/\/bibp.pl\/de\/"},{"@type":"ListItem","position":2,"name":"Forschungs- und Entwicklungszentrum"}]},{"@type":"WebSite","@id":"https:\/\/bibp.pl\/de\/#website","url":"https:\/\/bibp.pl\/de\/","name":"Worki bag in box BIBP","description":"Kolejna witryna oparta na WordPressie","potentialAction":[{"@type":"SearchAction","target":{"@type":"EntryPoint","urlTemplate":"https:\/\/bibp.pl\/de\/?s={search_term_string}"},"query-input":{"@type":"PropertyValueSpecification","valueRequired":true,"valueName":"search_term_string"}}],"inLanguage":"de"}]}},"_links":{"self":[{"href":"https:\/\/bibp.pl\/de\/wp-json\/wp\/v2\/pages\/7736","targetHints":{"allow":["GET"]}}],"collection":[{"href":"https:\/\/bibp.pl\/de\/wp-json\/wp\/v2\/pages"}],"about":[{"href":"https:\/\/bibp.pl\/de\/wp-json\/wp\/v2\/types\/page"}],"author":[{"embeddable":true,"href":"https:\/\/bibp.pl\/de\/wp-json\/wp\/v2\/users\/1"}],"replies":[{"embeddable":true,"href":"https:\/\/bibp.pl\/de\/wp-json\/wp\/v2\/comments?post=7736"}],"version-history":[{"count":9,"href":"https:\/\/bibp.pl\/de\/wp-json\/wp\/v2\/pages\/7736\/revisions"}],"predecessor-version":[{"id":9805,"href":"https:\/\/bibp.pl\/de\/wp-json\/wp\/v2\/pages\/7736\/revisions\/9805"}],"wp:featuredmedia":[{"embeddable":true,"href":"https:\/\/bibp.pl\/de\/wp-json\/wp\/v2\/media\/1765"}],"wp:attachment":[{"href":"https:\/\/bibp.pl\/de\/wp-json\/wp\/v2\/media?parent=7736"}],"curies":[{"name":"wp","href":"https:\/\/api.w.org\/{rel}","templated":true}]}}