{"id":7747,"date":"2020-10-29T16:39:38","date_gmt":"2020-10-29T15:39:38","guid":{"rendered":"https:\/\/bibp.pl\/?page_id=7747"},"modified":"2021-03-10T13:07:40","modified_gmt":"2021-03-10T12:07:40","slug":"unterstuetzung-von-unternehmen","status":"publish","type":"page","link":"https:\/\/bibp.pl\/de\/unterstuetzung-von-unternehmen\/","title":{"rendered":"Unterst\u00fctzung von Unternehmen"},"content":{"rendered":"<h2><strong>Unsere technologische Beratung umfasst die Unterst\u00fctzung in allen Phasen des Produktionsprozesses. Die Beratungsform und -Umfang sind auf die individuellen Kundenbed\u00fcrfnisse zugeschnitten.<\/strong><\/h2>\n<p>Wir bieten unseren Kunden nicht nur hochwertige, innovative Verpackungen, sondern auch\u00a0das <strong><span style=\"color: #339966;\">Wissen,<\/span><\/strong> wie man damit einen effizienten Produktionsprozess startet. Unser Ziel ist es, Ihnen bei der Beseitigung von Fehlern zu helfen, die w\u00e4hrend der Abf\u00fcllung, der Aufbewahrung oder des Transports auftreten. Wir passen auch die richtige Verpackung an die Bed\u00fcrfnisse des Kunden an, so dass jeder ein Produkt erh\u00e4lt, das die f\u00fcr die Anwendung erforderlichen Merkmale aufweist und gleichzeitig einen attraktiven Preis hat.<\/p>\n<hr \/>\n<h3><strong>F\u00fcr wen ist die Technologieberatung gedacht?<\/strong><\/h3>\n<p>Unser Rat steht\u00a0der <strong><span style=\"color: #339966;\">\u00d6ffentlichkeit zur Verf\u00fcgung,<\/span><\/strong> wir ermutigen sowohl kleine als auch gro\u00dfe Unternehmen, mit uns Kontakt aufzunehmen. Wir passen das Beratungsniveau an die Bed\u00fcrfnisse und Erwartungen unserer Kunden an \u2013 wir f\u00fchren sie sowohl in Form eines Telefongespr\u00e4chs als auch in Form von komplexen Beratungen durch, f\u00fcr die wir das gesamte Projektteam bilden. In Zusammenarbeit mit dem Kunden k\u00fcmmern wir uns um alle Stufen des Produktions- und Vertriebsprozesses. Wenn es Probleme gibt, analysieren wir deren Ursache und schlie\u00dfen sie aus, damit alles reibungslos l\u00e4uft und der Kunde voll und ganz zufrieden ist.<\/p>\n<hr \/>\n<h3><strong>Warum lohnt es sich?<\/strong><\/h3>\n<p>Das Unternehmen, das an solchen Beratungen teilnimmt, wird\u00a0seinen <strong><span style=\"color: #339966;\">Produktionsprozess schneller in Gang setzen k\u00f6nnen.<\/span><\/strong> Die gemeinsame Gestaltung des Verpackungs-, Abf\u00fcll- und Vertriebsprozesses verk\u00fcrzt wesentlich den Markteinf\u00fchrungsprozess und eliminiert versehentliche Fehler und M\u00e4ngel. Aufgrund unserer reichen Erfahrung, die wir bei kleinen und gro\u00dfen Unternehmen auf dem polnischen und europ\u00e4ischen Markt gesammelt haben, k\u00f6nnen wir bestimmte und bew\u00e4hrte L\u00f6sungen anbieten.<\/p>\n<hr \/>\n<h3><strong>Schulungen<\/strong><\/h3>\n<p>W\u00e4hrend der von uns veranstalteten Schulungen diskutieren wir gemeinsam mit den eingeladenen Fachleuten <strong><span style=\"color: #339966;\">die M\u00f6glichkeiten und Perspektiven<\/span><\/strong> der Bag-in-Box Verpackungen. Ein Beispiel f\u00fcr eine solche Veranstaltung kann ein Treffen sein, das wir f\u00fcr kleine und mittlere Unternehmen, die NFC-S\u00e4fte herstellen, in Katowice veranstaltet haben. An der Veranstaltung nahmen etwa 25 Unternehmen teil, die zwei Tage lang an vier Diskussionsrunden unter der Leitung unserer Fachkr\u00e4fte sowie von Frau Prof. Maria Chmiel von dem Lehrstuhl f\u00fcr Mikrobiologie der Universit\u00e4t f\u00fcr Landwirtschaft, teilnahmen.<\/p>\n<p>&nbsp;<\/p>\n","protected":false},"excerpt":{"rendered":"<p>Unsere technologische Beratung umfasst die Unterst\u00fctzung in allen Phasen des Produktionsprozesses. Die Beratungsform und -Umfang sind auf die individuellen Kundenbed\u00fcrfnisse zugeschnitten. Wir bieten unseren Kunden nicht nur hochwertige, innovative Verpackungen, sondern auch\u00a0das Wissen, wie man damit einen effizienten Produktionsprozess startet. Unser Ziel ist es, Ihnen bei der Beseitigung von Fehlern zu helfen, die w\u00e4hrend der [&hellip;]<\/p>\n","protected":false},"author":1,"featured_media":1687,"parent":0,"menu_order":0,"comment_status":"closed","ping_status":"closed","template":"page__consulting.php","meta":{"_acf_changed":false,"footnotes":""},"class_list":["post-7747","page","type-page","status-publish","has-post-thumbnail","hentry"],"acf":[],"yoast_head":"<!-- This site is optimized with the Yoast SEO plugin v27.3 - https:\/\/yoast.com\/product\/yoast-seo-wordpress\/ -->\n<title>Unterst\u00fctzung von Unternehmen - Worki bag in box BIBP<\/title>\n<meta name=\"robots\" content=\"index, follow, max-snippet:-1, max-image-preview:large, max-video-preview:-1\" \/>\n<link rel=\"canonical\" href=\"https:\/\/bibp.pl\/de\/unterstuetzung-von-unternehmen\/\" \/>\n<meta property=\"og:locale\" content=\"de_DE\" \/>\n<meta property=\"og:type\" content=\"article\" \/>\n<meta property=\"og:title\" content=\"Unterst\u00fctzung von Unternehmen - Worki bag in box BIBP\" \/>\n<meta property=\"og:description\" content=\"Unsere technologische Beratung umfasst die Unterst\u00fctzung in allen Phasen des Produktionsprozesses. Die Beratungsform und -Umfang sind auf die individuellen Kundenbed\u00fcrfnisse zugeschnitten. Wir bieten unseren Kunden nicht nur hochwertige, innovative Verpackungen, sondern auch\u00a0das Wissen, wie man damit einen effizienten Produktionsprozess startet. Unser Ziel ist es, Ihnen bei der Beseitigung von Fehlern zu helfen, die w\u00e4hrend der [&hellip;]\" \/>\n<meta property=\"og:url\" content=\"https:\/\/bibp.pl\/de\/unterstuetzung-von-unternehmen\/\" \/>\n<meta property=\"og:site_name\" content=\"Worki bag in box BIBP\" \/>\n<meta property=\"article:modified_time\" content=\"2021-03-10T12:07:40+00:00\" \/>\n<meta property=\"og:image\" content=\"https:\/\/bibp.pl\/wp-content\/uploads\/2020\/08\/shutterstock_1166284138-scaled.jpg\" \/>\n\t<meta property=\"og:image:width\" content=\"2560\" \/>\n\t<meta property=\"og:image:height\" content=\"1699\" \/>\n\t<meta property=\"og:image:type\" content=\"image\/jpeg\" \/>\n<meta name=\"twitter:card\" content=\"summary_large_image\" \/>\n<meta name=\"twitter:label1\" content=\"Gesch\u00e4tzte Lesezeit\" \/>\n\t<meta name=\"twitter:data1\" content=\"2\u00a0Minuten\" \/>\n<script type=\"application\/ld+json\" class=\"yoast-schema-graph\">{\"@context\":\"https:\\\/\\\/schema.org\",\"@graph\":[{\"@type\":\"WebPage\",\"@id\":\"https:\\\/\\\/bibp.pl\\\/de\\\/unterstuetzung-von-unternehmen\\\/\",\"url\":\"https:\\\/\\\/bibp.pl\\\/de\\\/unterstuetzung-von-unternehmen\\\/\",\"name\":\"Unterst\u00fctzung von Unternehmen - Worki bag in box BIBP\",\"isPartOf\":{\"@id\":\"https:\\\/\\\/bibp.pl\\\/de\\\/#website\"},\"primaryImageOfPage\":{\"@id\":\"https:\\\/\\\/bibp.pl\\\/de\\\/unterstuetzung-von-unternehmen\\\/#primaryimage\"},\"image\":{\"@id\":\"https:\\\/\\\/bibp.pl\\\/de\\\/unterstuetzung-von-unternehmen\\\/#primaryimage\"},\"thumbnailUrl\":\"https:\\\/\\\/bibp.pl\\\/wp-content\\\/uploads\\\/2020\\\/08\\\/shutterstock_1166284138-scaled.jpg\",\"datePublished\":\"2020-10-29T15:39:38+00:00\",\"dateModified\":\"2021-03-10T12:07:40+00:00\",\"breadcrumb\":{\"@id\":\"https:\\\/\\\/bibp.pl\\\/de\\\/unterstuetzung-von-unternehmen\\\/#breadcrumb\"},\"inLanguage\":\"de\",\"potentialAction\":[{\"@type\":\"ReadAction\",\"target\":[\"https:\\\/\\\/bibp.pl\\\/de\\\/unterstuetzung-von-unternehmen\\\/\"]}]},{\"@type\":\"ImageObject\",\"inLanguage\":\"de\",\"@id\":\"https:\\\/\\\/bibp.pl\\\/de\\\/unterstuetzung-von-unternehmen\\\/#primaryimage\",\"url\":\"https:\\\/\\\/bibp.pl\\\/wp-content\\\/uploads\\\/2020\\\/08\\\/shutterstock_1166284138-scaled.jpg\",\"contentUrl\":\"https:\\\/\\\/bibp.pl\\\/wp-content\\\/uploads\\\/2020\\\/08\\\/shutterstock_1166284138-scaled.jpg\",\"width\":2560,\"height\":1699},{\"@type\":\"BreadcrumbList\",\"@id\":\"https:\\\/\\\/bibp.pl\\\/de\\\/unterstuetzung-von-unternehmen\\\/#breadcrumb\",\"itemListElement\":[{\"@type\":\"ListItem\",\"position\":1,\"name\":\"Strona g\u0142\u00f3wna\",\"item\":\"https:\\\/\\\/bibp.pl\\\/de\\\/\"},{\"@type\":\"ListItem\",\"position\":2,\"name\":\"Unterst\u00fctzung von Unternehmen\"}]},{\"@type\":\"WebSite\",\"@id\":\"https:\\\/\\\/bibp.pl\\\/de\\\/#website\",\"url\":\"https:\\\/\\\/bibp.pl\\\/de\\\/\",\"name\":\"Worki bag in box BIBP\",\"description\":\"Kolejna witryna oparta na WordPressie\",\"potentialAction\":[{\"@type\":\"SearchAction\",\"target\":{\"@type\":\"EntryPoint\",\"urlTemplate\":\"https:\\\/\\\/bibp.pl\\\/de\\\/?s={search_term_string}\"},\"query-input\":{\"@type\":\"PropertyValueSpecification\",\"valueRequired\":true,\"valueName\":\"search_term_string\"}}],\"inLanguage\":\"de\"}]}<\/script>\n<!-- \/ Yoast SEO plugin. -->","yoast_head_json":{"title":"Unterst\u00fctzung von Unternehmen - Worki bag in box BIBP","robots":{"index":"index","follow":"follow","max-snippet":"max-snippet:-1","max-image-preview":"max-image-preview:large","max-video-preview":"max-video-preview:-1"},"canonical":"https:\/\/bibp.pl\/de\/unterstuetzung-von-unternehmen\/","og_locale":"de_DE","og_type":"article","og_title":"Unterst\u00fctzung von Unternehmen - Worki bag in box BIBP","og_description":"Unsere technologische Beratung umfasst die Unterst\u00fctzung in allen Phasen des Produktionsprozesses. Die Beratungsform und -Umfang sind auf die individuellen Kundenbed\u00fcrfnisse zugeschnitten. Wir bieten unseren Kunden nicht nur hochwertige, innovative Verpackungen, sondern auch\u00a0das Wissen, wie man damit einen effizienten Produktionsprozess startet. Unser Ziel ist es, Ihnen bei der Beseitigung von Fehlern zu helfen, die w\u00e4hrend der [&hellip;]","og_url":"https:\/\/bibp.pl\/de\/unterstuetzung-von-unternehmen\/","og_site_name":"Worki bag in box BIBP","article_modified_time":"2021-03-10T12:07:40+00:00","og_image":[{"width":2560,"height":1699,"url":"https:\/\/bibp.pl\/wp-content\/uploads\/2020\/08\/shutterstock_1166284138-scaled.jpg","type":"image\/jpeg"}],"twitter_card":"summary_large_image","twitter_misc":{"Gesch\u00e4tzte Lesezeit":"2\u00a0Minuten"},"schema":{"@context":"https:\/\/schema.org","@graph":[{"@type":"WebPage","@id":"https:\/\/bibp.pl\/de\/unterstuetzung-von-unternehmen\/","url":"https:\/\/bibp.pl\/de\/unterstuetzung-von-unternehmen\/","name":"Unterst\u00fctzung von Unternehmen - Worki bag in box BIBP","isPartOf":{"@id":"https:\/\/bibp.pl\/de\/#website"},"primaryImageOfPage":{"@id":"https:\/\/bibp.pl\/de\/unterstuetzung-von-unternehmen\/#primaryimage"},"image":{"@id":"https:\/\/bibp.pl\/de\/unterstuetzung-von-unternehmen\/#primaryimage"},"thumbnailUrl":"https:\/\/bibp.pl\/wp-content\/uploads\/2020\/08\/shutterstock_1166284138-scaled.jpg","datePublished":"2020-10-29T15:39:38+00:00","dateModified":"2021-03-10T12:07:40+00:00","breadcrumb":{"@id":"https:\/\/bibp.pl\/de\/unterstuetzung-von-unternehmen\/#breadcrumb"},"inLanguage":"de","potentialAction":[{"@type":"ReadAction","target":["https:\/\/bibp.pl\/de\/unterstuetzung-von-unternehmen\/"]}]},{"@type":"ImageObject","inLanguage":"de","@id":"https:\/\/bibp.pl\/de\/unterstuetzung-von-unternehmen\/#primaryimage","url":"https:\/\/bibp.pl\/wp-content\/uploads\/2020\/08\/shutterstock_1166284138-scaled.jpg","contentUrl":"https:\/\/bibp.pl\/wp-content\/uploads\/2020\/08\/shutterstock_1166284138-scaled.jpg","width":2560,"height":1699},{"@type":"BreadcrumbList","@id":"https:\/\/bibp.pl\/de\/unterstuetzung-von-unternehmen\/#breadcrumb","itemListElement":[{"@type":"ListItem","position":1,"name":"Strona g\u0142\u00f3wna","item":"https:\/\/bibp.pl\/de\/"},{"@type":"ListItem","position":2,"name":"Unterst\u00fctzung von Unternehmen"}]},{"@type":"WebSite","@id":"https:\/\/bibp.pl\/de\/#website","url":"https:\/\/bibp.pl\/de\/","name":"Worki bag in box BIBP","description":"Kolejna witryna oparta na WordPressie","potentialAction":[{"@type":"SearchAction","target":{"@type":"EntryPoint","urlTemplate":"https:\/\/bibp.pl\/de\/?s={search_term_string}"},"query-input":{"@type":"PropertyValueSpecification","valueRequired":true,"valueName":"search_term_string"}}],"inLanguage":"de"}]}},"_links":{"self":[{"href":"https:\/\/bibp.pl\/de\/wp-json\/wp\/v2\/pages\/7747","targetHints":{"allow":["GET"]}}],"collection":[{"href":"https:\/\/bibp.pl\/de\/wp-json\/wp\/v2\/pages"}],"about":[{"href":"https:\/\/bibp.pl\/de\/wp-json\/wp\/v2\/types\/page"}],"author":[{"embeddable":true,"href":"https:\/\/bibp.pl\/de\/wp-json\/wp\/v2\/users\/1"}],"replies":[{"embeddable":true,"href":"https:\/\/bibp.pl\/de\/wp-json\/wp\/v2\/comments?post=7747"}],"version-history":[{"count":6,"href":"https:\/\/bibp.pl\/de\/wp-json\/wp\/v2\/pages\/7747\/revisions"}],"predecessor-version":[{"id":9807,"href":"https:\/\/bibp.pl\/de\/wp-json\/wp\/v2\/pages\/7747\/revisions\/9807"}],"wp:featuredmedia":[{"embeddable":true,"href":"https:\/\/bibp.pl\/de\/wp-json\/wp\/v2\/media\/1687"}],"wp:attachment":[{"href":"https:\/\/bibp.pl\/de\/wp-json\/wp\/v2\/media?parent=7747"}],"curies":[{"name":"wp","href":"https:\/\/api.w.org\/{rel}","templated":true}]}}