{"id":7749,"date":"2020-10-29T16:40:55","date_gmt":"2020-10-29T15:40:55","guid":{"rendered":"https:\/\/bibp.pl\/?page_id=7749"},"modified":"2025-06-23T07:53:28","modified_gmt":"2025-06-23T05:53:28","slug":"ueber-uns","status":"publish","type":"page","link":"https:\/\/bibp.pl\/de\/ueber-uns\/","title":{"rendered":"\u00dcber uns"},"content":{"rendered":"<h2><strong>Kontinuierliche Entwicklung und Verbesserung unserer Produkte \u2013 diese Ziele setzen wir uns seit 2014, als die Firma BIB gegr\u00fcndet wurde. Wir sind eine Marke, die auf dem polnischen Markt bekannt ist und respektiert wird, und wir konkurrieren erfolgreich auf den globalen M\u00e4rkten. Unsere Verpackungen werden derzeit in fast 35 L\u00e4nder versandt, mit einer P\u00fcnktlichkeitsrate der Lieferungen von 98,4%. Jedes Jahr vertrauen uns immer mehr Unternehmen.<\/strong><\/h2>\n<p>Unsere Anf\u00e4nge standen im Zusammenhang mit der Stadt Andrychow, aber es stellte sich bald heraus, dass wir eine effizientere Produktionsanlage brauchten, um dynamischer wachsen zu k\u00f6nnen. Wir haben die <strong><span style=\"color: #37aa32;\">Wirtschaftszone in Zator gew\u00e4hlt<\/span><\/strong>.<\/p>\n<p><img loading=\"lazy\" decoding=\"async\" class=\"alignnone wp-image-8149\" src=\"https:\/\/bibp.pl\/wp-content\/uploads\/2020\/11\/o-nas_01-1024x319.png\" alt=\"\" width=\"518\" height=\"161\" srcset=\"https:\/\/bibp.pl\/wp-content\/uploads\/2020\/11\/o-nas_01-1024x319.png 1024w, https:\/\/bibp.pl\/wp-content\/uploads\/2020\/11\/o-nas_01-300x93.png 300w, https:\/\/bibp.pl\/wp-content\/uploads\/2020\/11\/o-nas_01-768x239.png 768w, https:\/\/bibp.pl\/wp-content\/uploads\/2020\/11\/o-nas_01-1536x478.png 1536w, https:\/\/bibp.pl\/wp-content\/uploads\/2020\/11\/o-nas_01.png 1920w\" sizes=\"auto, (max-width: 518px) 100vw, 518px\" \/><\/p>\n<p>Wir produzieren Bag-in-Box-Beutel, flexible Barriereverpackungen und aseptische Beutel. Wir liefern sowohl <strong><span style=\"color: #339966;\">fertige L\u00f6sungen<\/span><\/strong> als auch <strong><span style=\"color: #339966;\">ma\u00dfgeschneiderte Beutel<\/span><span style=\"color: #339966;\">.<\/span><\/strong> Wir legen gro\u00dfen Wert auf die Qualit\u00e4t der Rohstoffe und die Art und Weise, wie unsere Produkte hergestellt werden. Dadurch erf\u00fcllen sie alle EU-Standards. Wir verf\u00fcgen \u00fcber effiziente Fertigungsstra\u00dfen, moderne Lagerh\u00e4user und ein dynamisches Forschungs- und Entwicklungszentrum, das es uns erm\u00f6glicht, den Anforderungen eines sich st\u00e4ndig weiterentwickelnden Marktes gerecht zu werden.<\/p>\n<p><img loading=\"lazy\" decoding=\"async\" class=\"alignnone wp-image-8059\" src=\"https:\/\/bibp.pl\/wp-content\/uploads\/2020\/11\/o-nas_02-1024x319.png\" alt=\"\" width=\"511\" height=\"159\" srcset=\"https:\/\/bibp.pl\/wp-content\/uploads\/2020\/11\/o-nas_02-1024x319.png 1024w, https:\/\/bibp.pl\/wp-content\/uploads\/2020\/11\/o-nas_02-300x93.png 300w, https:\/\/bibp.pl\/wp-content\/uploads\/2020\/11\/o-nas_02-768x239.png 768w, https:\/\/bibp.pl\/wp-content\/uploads\/2020\/11\/o-nas_02-1536x478.png 1536w, https:\/\/bibp.pl\/wp-content\/uploads\/2020\/11\/o-nas_02.png 1920w\" sizes=\"auto, (max-width: 511px) 100vw, 511px\" \/><\/p>\n<p>Ein untrennbarer Bestandteil unserer Gesch\u00e4ftsaktivit\u00e4ten ist der <strong><span style=\"color: #339966;\">individuelle Ansatz<\/span><\/strong>\u00a0an den Kunden.\u00a0Indem wir auf seine Bed\u00fcrfnisse h\u00f6ren und unsere umfassende Erfahrung nutzen, k\u00f6nnen wir Produkte schaffen, die im t\u00e4glichen Gebrauch gut funktionieren. In Verbindung mit unseren umfangreichen Produktionsanlagen macht uns dies zu einem Weltklasse-Team f\u00fcr die Entwicklung innovativer Verpackungsl\u00f6sungen. In unserem Team haben wir <strong><span style=\"color: #339966;\">die besten Spezialisten<\/span><\/strong> besch\u00e4ftigt, die dank ihres Wissens und Engagements Werte schaffen, die den h\u00f6chsten Markterwartungen entsprechen. Die Verwirklichung der Idee der kontinuierlichen Entwicklung wird durch einen effektiv umgesetzten Finanzplan gew\u00e4hrleistet.<\/p>\n<p><img loading=\"lazy\" decoding=\"async\" class=\"alignnone wp-image-8158\" src=\"https:\/\/bibp.pl\/wp-content\/uploads\/2020\/11\/o-nas_03-1024x319.png\" alt=\"\" width=\"528\" height=\"164\" srcset=\"https:\/\/bibp.pl\/wp-content\/uploads\/2020\/11\/o-nas_03-1024x319.png 1024w, https:\/\/bibp.pl\/wp-content\/uploads\/2020\/11\/o-nas_03-300x93.png 300w, https:\/\/bibp.pl\/wp-content\/uploads\/2020\/11\/o-nas_03-768x239.png 768w, https:\/\/bibp.pl\/wp-content\/uploads\/2020\/11\/o-nas_03-1536x478.png 1536w, https:\/\/bibp.pl\/wp-content\/uploads\/2020\/11\/o-nas_03.png 1920w\" sizes=\"auto, (max-width: 528px) 100vw, 528px\" \/><\/p>\n<p>In vielerlei Hinsicht f\u00fchren wir\u00a0unsere <strong><span style=\"color: #339966;\">eigenen innovativen L\u00f6sungen<\/span><\/strong> ein und passen uns dabei nicht nur den Ver\u00e4nderungen auf dem Markt an, sondern kommen auch voran. Wir nehmen am Leben der Branche und an internationalen Messen teil. Solche Treffen erm\u00f6glichen es uns, die Bed\u00fcrfnisse unserer Kunden besser kennen zu lernen und wertvolle Gesch\u00e4ftskontakte zu gewinnen. Wir entwickeln uns weiter und erweitern st\u00e4ndig unseren Horizont. Wir wollen immer wieder neue L\u00f6sungen schaffen und dort sein, wo unsere Produkte gebraucht werden. Unser Ziel ist es, ein solides und zuverl\u00e4ssiges Team aufzubauen, das aus den besten Fachkr\u00e4ften besteht, damit wir bestm\u00f6gliche Produkte f\u00fcr unsere Kunden schaffen.<\/p>\n<h2><img loading=\"lazy\" decoding=\"async\" class=\"alignnone wp-image-8095\" src=\"https:\/\/bibp.pl\/wp-content\/uploads\/2020\/11\/customer-service-1024x319.png\" alt=\"\" width=\"521\" height=\"162\" srcset=\"https:\/\/bibp.pl\/wp-content\/uploads\/2020\/11\/customer-service-1024x319.png 1024w, https:\/\/bibp.pl\/wp-content\/uploads\/2020\/11\/customer-service-300x93.png 300w, https:\/\/bibp.pl\/wp-content\/uploads\/2020\/11\/customer-service-768x239.png 768w, https:\/\/bibp.pl\/wp-content\/uploads\/2020\/11\/customer-service-1536x478.png 1536w, https:\/\/bibp.pl\/wp-content\/uploads\/2020\/11\/customer-service.png 1920w\" sizes=\"auto, (max-width: 521px) 100vw, 521px\" \/><\/h2>\n<p>Wir sorgen f\u00fcr die h\u00f6chste Qualit\u00e4t des Kundenservice. Wir bearbeiten neue Anfragen innerhalb von maximal 24 Stunden, und jedem Kunden wird\u00a0ein individueller <strong><span style=\"color: #339966;\">Verkaufsleiterzugewiesen.<\/span><\/strong> Dies erm\u00f6glicht es uns, ein perfekt zugeschnittenes Angebot zu unterbreiten.<\/p>\n<p><img loading=\"lazy\" decoding=\"async\" class=\" wp-image-8131 alignnone\" src=\"https:\/\/bibp.pl\/wp-content\/uploads\/2020\/11\/realizacja-zamowien-1024x577.png\" alt=\"\" width=\"707\" height=\"399\" srcset=\"https:\/\/bibp.pl\/wp-content\/uploads\/2020\/11\/realizacja-zamowien-1024x577.png 1024w, https:\/\/bibp.pl\/wp-content\/uploads\/2020\/11\/realizacja-zamowien-300x169.png 300w, https:\/\/bibp.pl\/wp-content\/uploads\/2020\/11\/realizacja-zamowien-768x432.png 768w, https:\/\/bibp.pl\/wp-content\/uploads\/2020\/11\/realizacja-zamowien-1536x865.png 1536w, https:\/\/bibp.pl\/wp-content\/uploads\/2020\/11\/realizacja-zamowien-495x278.png 495w, https:\/\/bibp.pl\/wp-content\/uploads\/2020\/11\/realizacja-zamowien-390x220.png 390w, https:\/\/bibp.pl\/wp-content\/uploads\/2020\/11\/realizacja-zamowien.png 1920w\" sizes=\"auto, (max-width: 707px) 100vw, 707px\" \/><\/p>\n<p><img loading=\"lazy\" decoding=\"async\" class=\"alignnone wp-image-8140\" src=\"https:\/\/bibp.pl\/wp-content\/uploads\/2020\/11\/miedzynarodowa-renoma-1024x319.png\" alt=\"\" width=\"502\" height=\"156\" srcset=\"https:\/\/bibp.pl\/wp-content\/uploads\/2020\/11\/miedzynarodowa-renoma-1024x319.png 1024w, https:\/\/bibp.pl\/wp-content\/uploads\/2020\/11\/miedzynarodowa-renoma-300x93.png 300w, https:\/\/bibp.pl\/wp-content\/uploads\/2020\/11\/miedzynarodowa-renoma-768x239.png 768w, https:\/\/bibp.pl\/wp-content\/uploads\/2020\/11\/miedzynarodowa-renoma-1536x478.png 1536w, https:\/\/bibp.pl\/wp-content\/uploads\/2020\/11\/miedzynarodowa-renoma.png 1920w\" sizes=\"auto, (max-width: 502px) 100vw, 502px\" \/><\/p>\n<p>Wir versenden unsere Waren in alle Regionen Europas und der Welt. Wir haben erfolgreich mit Kunden auf der anderen Seite der Welt zusammengearbeitet. Da der Transport haupts\u00e4chlich au\u00dferhalb Polens stattfindet, <strong><span style=\"color: #339966;\">k\u00fcmmern wir uns auch um die Zollangelegenheiten,<\/span><\/strong> indem wir den Beh\u00f6rden alle erforderlichen Unterlagen zur Verf\u00fcgung stellen.<\/p>\n","protected":false},"excerpt":{"rendered":"<p>Kontinuierliche Entwicklung und Verbesserung unserer Produkte \u2013 diese Ziele setzen wir uns seit 2014, als die Firma BIB gegr\u00fcndet wurde. Wir sind eine Marke, die auf dem polnischen Markt bekannt ist und respektiert wird, und wir konkurrieren erfolgreich auf den globalen M\u00e4rkten. Unsere Verpackungen werden derzeit in fast 35 L\u00e4nder versandt, mit einer P\u00fcnktlichkeitsrate der [&hellip;]<\/p>\n","protected":false},"author":1,"featured_media":1755,"parent":0,"menu_order":0,"comment_status":"closed","ping_status":"closed","template":"page__about.php","meta":{"_acf_changed":false,"footnotes":""},"class_list":["post-7749","page","type-page","status-publish","has-post-thumbnail","hentry"],"acf":[],"yoast_head":"<!-- This site is optimized with the Yoast SEO plugin v27.4 - https:\/\/yoast.com\/product\/yoast-seo-wordpress\/ -->\n<title>\u00dcber uns - Worki bag in box BIBP<\/title>\n<meta name=\"robots\" content=\"index, follow, max-snippet:-1, max-image-preview:large, max-video-preview:-1\" \/>\n<link rel=\"canonical\" href=\"https:\/\/bibp.pl\/de\/ueber-uns\/\" \/>\n<meta property=\"og:locale\" content=\"de_DE\" \/>\n<meta property=\"og:type\" content=\"article\" \/>\n<meta property=\"og:title\" content=\"\u00dcber uns - Worki bag in box BIBP\" \/>\n<meta property=\"og:description\" content=\"Kontinuierliche Entwicklung und Verbesserung unserer Produkte \u2013 diese Ziele setzen wir uns seit 2014, als die Firma BIB gegr\u00fcndet wurde. Wir sind eine Marke, die auf dem polnischen Markt bekannt ist und respektiert wird, und wir konkurrieren erfolgreich auf den globalen M\u00e4rkten. Unsere Verpackungen werden derzeit in fast 35 L\u00e4nder versandt, mit einer P\u00fcnktlichkeitsrate der [&hellip;]\" \/>\n<meta property=\"og:url\" content=\"https:\/\/bibp.pl\/de\/ueber-uns\/\" \/>\n<meta property=\"og:site_name\" content=\"Worki bag in box BIBP\" \/>\n<meta property=\"article:modified_time\" content=\"2025-06-23T05:53:28+00:00\" \/>\n<meta property=\"og:image\" content=\"https:\/\/bibp.pl\/wp-content\/uploads\/2020\/08\/08-20_BIBP_o-nas_01.png\" \/>\n\t<meta property=\"og:image:width\" content=\"2500\" \/>\n\t<meta property=\"og:image:height\" content=\"362\" \/>\n\t<meta property=\"og:image:type\" content=\"image\/png\" \/>\n<meta name=\"twitter:card\" content=\"summary_large_image\" \/>\n<meta name=\"twitter:label1\" content=\"Gesch\u00e4tzte Lesezeit\" \/>\n\t<meta name=\"twitter:data1\" content=\"6\u00a0Minuten\" \/>\n<script type=\"application\/ld+json\" class=\"yoast-schema-graph\">{\"@context\":\"https:\\\/\\\/schema.org\",\"@graph\":[{\"@type\":\"WebPage\",\"@id\":\"https:\\\/\\\/bibp.pl\\\/de\\\/ueber-uns\\\/\",\"url\":\"https:\\\/\\\/bibp.pl\\\/de\\\/ueber-uns\\\/\",\"name\":\"\u00dcber uns - Worki bag in box BIBP\",\"isPartOf\":{\"@id\":\"https:\\\/\\\/bibp.pl\\\/de\\\/#website\"},\"primaryImageOfPage\":{\"@id\":\"https:\\\/\\\/bibp.pl\\\/de\\\/ueber-uns\\\/#primaryimage\"},\"image\":{\"@id\":\"https:\\\/\\\/bibp.pl\\\/de\\\/ueber-uns\\\/#primaryimage\"},\"thumbnailUrl\":\"https:\\\/\\\/bibp.pl\\\/wp-content\\\/uploads\\\/2020\\\/08\\\/08-20_BIBP_o-nas_01.png\",\"datePublished\":\"2020-10-29T15:40:55+00:00\",\"dateModified\":\"2025-06-23T05:53:28+00:00\",\"breadcrumb\":{\"@id\":\"https:\\\/\\\/bibp.pl\\\/de\\\/ueber-uns\\\/#breadcrumb\"},\"inLanguage\":\"de\",\"potentialAction\":[{\"@type\":\"ReadAction\",\"target\":[\"https:\\\/\\\/bibp.pl\\\/de\\\/ueber-uns\\\/\"]}]},{\"@type\":\"ImageObject\",\"inLanguage\":\"de\",\"@id\":\"https:\\\/\\\/bibp.pl\\\/de\\\/ueber-uns\\\/#primaryimage\",\"url\":\"https:\\\/\\\/bibp.pl\\\/wp-content\\\/uploads\\\/2020\\\/08\\\/08-20_BIBP_o-nas_01.png\",\"contentUrl\":\"https:\\\/\\\/bibp.pl\\\/wp-content\\\/uploads\\\/2020\\\/08\\\/08-20_BIBP_o-nas_01.png\",\"width\":2500,\"height\":362,\"caption\":\"Firma\"},{\"@type\":\"BreadcrumbList\",\"@id\":\"https:\\\/\\\/bibp.pl\\\/de\\\/ueber-uns\\\/#breadcrumb\",\"itemListElement\":[{\"@type\":\"ListItem\",\"position\":1,\"name\":\"Strona g\u0142\u00f3wna\",\"item\":\"https:\\\/\\\/bibp.pl\\\/de\\\/\"},{\"@type\":\"ListItem\",\"position\":2,\"name\":\"\u00dcber uns\"}]},{\"@type\":\"WebSite\",\"@id\":\"https:\\\/\\\/bibp.pl\\\/de\\\/#website\",\"url\":\"https:\\\/\\\/bibp.pl\\\/de\\\/\",\"name\":\"Worki bag in box BIBP\",\"description\":\"Kolejna witryna oparta na WordPressie\",\"potentialAction\":[{\"@type\":\"SearchAction\",\"target\":{\"@type\":\"EntryPoint\",\"urlTemplate\":\"https:\\\/\\\/bibp.pl\\\/de\\\/?s={search_term_string}\"},\"query-input\":{\"@type\":\"PropertyValueSpecification\",\"valueRequired\":true,\"valueName\":\"search_term_string\"}}],\"inLanguage\":\"de\"}]}<\/script>\n<!-- \/ Yoast SEO plugin. -->","yoast_head_json":{"title":"\u00dcber uns - Worki bag in box BIBP","robots":{"index":"index","follow":"follow","max-snippet":"max-snippet:-1","max-image-preview":"max-image-preview:large","max-video-preview":"max-video-preview:-1"},"canonical":"https:\/\/bibp.pl\/de\/ueber-uns\/","og_locale":"de_DE","og_type":"article","og_title":"\u00dcber uns - Worki bag in box BIBP","og_description":"Kontinuierliche Entwicklung und Verbesserung unserer Produkte \u2013 diese Ziele setzen wir uns seit 2014, als die Firma BIB gegr\u00fcndet wurde. Wir sind eine Marke, die auf dem polnischen Markt bekannt ist und respektiert wird, und wir konkurrieren erfolgreich auf den globalen M\u00e4rkten. Unsere Verpackungen werden derzeit in fast 35 L\u00e4nder versandt, mit einer P\u00fcnktlichkeitsrate der [&hellip;]","og_url":"https:\/\/bibp.pl\/de\/ueber-uns\/","og_site_name":"Worki bag in box BIBP","article_modified_time":"2025-06-23T05:53:28+00:00","og_image":[{"width":2500,"height":362,"url":"https:\/\/bibp.pl\/wp-content\/uploads\/2020\/08\/08-20_BIBP_o-nas_01.png","type":"image\/png"}],"twitter_card":"summary_large_image","twitter_misc":{"Gesch\u00e4tzte Lesezeit":"6\u00a0Minuten"},"schema":{"@context":"https:\/\/schema.org","@graph":[{"@type":"WebPage","@id":"https:\/\/bibp.pl\/de\/ueber-uns\/","url":"https:\/\/bibp.pl\/de\/ueber-uns\/","name":"\u00dcber uns - Worki bag in box BIBP","isPartOf":{"@id":"https:\/\/bibp.pl\/de\/#website"},"primaryImageOfPage":{"@id":"https:\/\/bibp.pl\/de\/ueber-uns\/#primaryimage"},"image":{"@id":"https:\/\/bibp.pl\/de\/ueber-uns\/#primaryimage"},"thumbnailUrl":"https:\/\/bibp.pl\/wp-content\/uploads\/2020\/08\/08-20_BIBP_o-nas_01.png","datePublished":"2020-10-29T15:40:55+00:00","dateModified":"2025-06-23T05:53:28+00:00","breadcrumb":{"@id":"https:\/\/bibp.pl\/de\/ueber-uns\/#breadcrumb"},"inLanguage":"de","potentialAction":[{"@type":"ReadAction","target":["https:\/\/bibp.pl\/de\/ueber-uns\/"]}]},{"@type":"ImageObject","inLanguage":"de","@id":"https:\/\/bibp.pl\/de\/ueber-uns\/#primaryimage","url":"https:\/\/bibp.pl\/wp-content\/uploads\/2020\/08\/08-20_BIBP_o-nas_01.png","contentUrl":"https:\/\/bibp.pl\/wp-content\/uploads\/2020\/08\/08-20_BIBP_o-nas_01.png","width":2500,"height":362,"caption":"Firma"},{"@type":"BreadcrumbList","@id":"https:\/\/bibp.pl\/de\/ueber-uns\/#breadcrumb","itemListElement":[{"@type":"ListItem","position":1,"name":"Strona g\u0142\u00f3wna","item":"https:\/\/bibp.pl\/de\/"},{"@type":"ListItem","position":2,"name":"\u00dcber uns"}]},{"@type":"WebSite","@id":"https:\/\/bibp.pl\/de\/#website","url":"https:\/\/bibp.pl\/de\/","name":"Worki bag in box BIBP","description":"Kolejna witryna oparta na WordPressie","potentialAction":[{"@type":"SearchAction","target":{"@type":"EntryPoint","urlTemplate":"https:\/\/bibp.pl\/de\/?s={search_term_string}"},"query-input":{"@type":"PropertyValueSpecification","valueRequired":true,"valueName":"search_term_string"}}],"inLanguage":"de"}]}},"_links":{"self":[{"href":"https:\/\/bibp.pl\/de\/wp-json\/wp\/v2\/pages\/7749","targetHints":{"allow":["GET"]}}],"collection":[{"href":"https:\/\/bibp.pl\/de\/wp-json\/wp\/v2\/pages"}],"about":[{"href":"https:\/\/bibp.pl\/de\/wp-json\/wp\/v2\/types\/page"}],"author":[{"embeddable":true,"href":"https:\/\/bibp.pl\/de\/wp-json\/wp\/v2\/users\/1"}],"replies":[{"embeddable":true,"href":"https:\/\/bibp.pl\/de\/wp-json\/wp\/v2\/comments?post=7749"}],"version-history":[{"count":17,"href":"https:\/\/bibp.pl\/de\/wp-json\/wp\/v2\/pages\/7749\/revisions"}],"predecessor-version":[{"id":15642,"href":"https:\/\/bibp.pl\/de\/wp-json\/wp\/v2\/pages\/7749\/revisions\/15642"}],"wp:featuredmedia":[{"embeddable":true,"href":"https:\/\/bibp.pl\/de\/wp-json\/wp\/v2\/media\/1755"}],"wp:attachment":[{"href":"https:\/\/bibp.pl\/de\/wp-json\/wp\/v2\/media?parent=7749"}],"curies":[{"name":"wp","href":"https:\/\/api.w.org\/{rel}","templated":true}]}}