{"id":7790,"date":"2020-10-29T16:42:08","date_gmt":"2020-10-29T15:42:08","guid":{"rendered":"https:\/\/bibp.pl\/?page_id=7790"},"modified":"2021-07-07T09:35:10","modified_gmt":"2021-07-07T07:35:10","slug":"newsroom","status":"publish","type":"page","link":"https:\/\/bibp.pl\/de\/ueber-uns\/newsroom\/","title":{"rendered":"Newsroom"},"content":{"rendered":"<h2><strong>Auf dieser Registerkarte finden Sie grundlegende Informationen \u00fcber die Firma Bag in Box Polen, Dateien und Fotos zum Herunterladen sowie unseren Newsletter.\u00a0<\/strong><\/h2>\n<p><strong>\u00dcber die Firma Bag in Box Polen<\/strong><\/p>\n<p>Wir entwickeln und produzieren innovative Bag-in-Box-Beutel, flexible Barriereverpackungen und aseptische Beutel mit einem Volumen von 2 l bis 220 l. Neben Produkten h\u00f6chster Qualit\u00e4t bieten wir unseren Kunden auch professionellen und umfassenden Service und Unterst\u00fctzung bei der effizientesten Nutzung der BiB-L\u00f6sung. Wir erstellen individuelle Verpackungen auf Sonderbestellung. Wir arbeiten mit Unternehmern auf der ganzen Welt zusammen.\u00a0 Unsere Zentrale und unser Lager befinden sich in Zator (Woiwodschaft Malopolskie).<\/p>\n<p>\u2192 Weitere Informationen \u00fcber die Firma Bag in Box Polen finden Sie auf der Registerkarte \u201e<a href=\"https:\/\/bibp.pl\/de\/ueber-uns\/\"><strong>\u00dcber uns<\/strong><\/a>\u201d.<\/p>\n<p><span style=\"color: #000000;\"><strong>Links zu sozialen Medien:<\/strong><\/span><\/p>\n<p><a href=\"https:\/\/www.facebook.com\/producentbaginbox\"><img loading=\"lazy\" decoding=\"async\" class=\"alignnone wp-image-9235 \" src=\"https:\/\/bibp.pl\/wp-content\/uploads\/2020\/10\/facebook.png\" alt=\"\" width=\"49\" height=\"49\" \/><\/a>\u00a0 \u00a0<a href=\"http:\/\/www.youtube.com\/channel\/UCwTohfEU1aqHrJxSeW4Pz-Q\/featured\"><strong><img loading=\"lazy\" decoding=\"async\" class=\"wp-image-10146 alignnone\" src=\"https:\/\/bibp.pl\/wp-content\/uploads\/2021\/04\/pobrane-removebg-preview-300x67.png\" sizes=\"auto, (max-width: 134px) 100vw, 134px\" srcset=\"https:\/\/bibp.pl\/wp-content\/uploads\/2021\/04\/pobrane-removebg-preview-300x67.png 300w, https:\/\/bibp.pl\/wp-content\/uploads\/2021\/04\/pobrane-removebg-preview.png 475w\" alt=\"\" width=\"134\" height=\"30\" \/><\/strong><\/a><a href=\"https:\/\/www.linkedin.com\/company\/bag-in-box-poland\/\"><img loading=\"lazy\" decoding=\"async\" class=\" wp-image-9244 alignleft\" src=\"https:\/\/bibp.pl\/wp-content\/uploads\/2020\/10\/linkedin.png\" alt=\"\" width=\"50\" height=\"50\" \/><\/a><\/p>\n<p><span style=\"color: #000000;\"><strong>Laden Sie unseren Newsletter herunter:<\/strong><\/span><\/p>\n<ul>\n<li>\n<h4><strong><a href=\"https:\/\/bibp.pl\/aktualnosci\/\">Newsletter<\/a><\/strong><\/h4>\n<\/li>\n<\/ul>\n<p><span style=\"color: #000000;\"><strong>Erfahren Sie mehr \u00fcber die Bag-in-Box-Technologie:<\/strong><\/span><\/p>\n<ul>\n<li>\n<h4><a href=\"https:\/\/bibp.pl\/de\/blog\/\"><strong>Blog<\/strong><\/a><\/h4>\n<\/li>\n<\/ul>\n","protected":false},"excerpt":{"rendered":"<p>Auf dieser Registerkarte finden Sie grundlegende Informationen \u00fcber die Firma Bag in Box Polen, Dateien und Fotos zum Herunterladen sowie unseren Newsletter.\u00a0 \u00dcber die Firma Bag in Box Polen Wir entwickeln und produzieren innovative Bag-in-Box-Beutel, flexible Barriereverpackungen und aseptische Beutel mit einem Volumen von 2 l bis 220 l. Neben Produkten h\u00f6chster Qualit\u00e4t bieten wir [&hellip;]<\/p>\n","protected":false},"author":1,"featured_media":1676,"parent":7749,"menu_order":0,"comment_status":"closed","ping_status":"closed","template":"page__newsroom.php","meta":{"_acf_changed":false,"footnotes":""},"class_list":["post-7790","page","type-page","status-publish","has-post-thumbnail","hentry"],"acf":[],"yoast_head":"<!-- This site is optimized with the Yoast SEO plugin v27.4 - https:\/\/yoast.com\/product\/yoast-seo-wordpress\/ -->\n<title>Newsroom - Worki bag in box BIBP<\/title>\n<meta name=\"robots\" content=\"index, follow, max-snippet:-1, max-image-preview:large, max-video-preview:-1\" \/>\n<link rel=\"canonical\" href=\"https:\/\/bibp.pl\/de\/ueber-uns\/newsroom\/\" \/>\n<meta property=\"og:locale\" content=\"de_DE\" \/>\n<meta property=\"og:type\" content=\"article\" \/>\n<meta property=\"og:title\" content=\"Newsroom - Worki bag in box BIBP\" \/>\n<meta property=\"og:description\" content=\"Auf dieser Registerkarte finden Sie grundlegende Informationen \u00fcber die Firma Bag in Box Polen, Dateien und Fotos zum Herunterladen sowie unseren Newsletter.\u00a0 \u00dcber die Firma Bag in Box Polen Wir entwickeln und produzieren innovative Bag-in-Box-Beutel, flexible Barriereverpackungen und aseptische Beutel mit einem Volumen von 2 l bis 220 l. Neben Produkten h\u00f6chster Qualit\u00e4t bieten wir [&hellip;]\" \/>\n<meta property=\"og:url\" content=\"https:\/\/bibp.pl\/de\/ueber-uns\/newsroom\/\" \/>\n<meta property=\"og:site_name\" content=\"Worki bag in box BIBP\" \/>\n<meta property=\"article:modified_time\" content=\"2021-07-07T07:35:10+00:00\" \/>\n<meta property=\"og:image\" content=\"https:\/\/bibp.pl\/wp-content\/uploads\/2020\/08\/shutterstock_1362634592-scaled-e1625634191205.jpg\" \/>\n\t<meta property=\"og:image:width\" content=\"2560\" \/>\n\t<meta property=\"og:image:height\" content=\"1709\" \/>\n\t<meta property=\"og:image:type\" content=\"image\/jpeg\" \/>\n<meta name=\"twitter:card\" content=\"summary_large_image\" \/>\n<meta name=\"twitter:label1\" content=\"Gesch\u00e4tzte Lesezeit\" \/>\n\t<meta name=\"twitter:data1\" content=\"2\u00a0Minuten\" \/>\n<script type=\"application\/ld+json\" class=\"yoast-schema-graph\">{\"@context\":\"https:\\\/\\\/schema.org\",\"@graph\":[{\"@type\":\"WebPage\",\"@id\":\"https:\\\/\\\/bibp.pl\\\/de\\\/ueber-uns\\\/newsroom\\\/\",\"url\":\"https:\\\/\\\/bibp.pl\\\/de\\\/ueber-uns\\\/newsroom\\\/\",\"name\":\"Newsroom - Worki bag in box BIBP\",\"isPartOf\":{\"@id\":\"https:\\\/\\\/bibp.pl\\\/de\\\/#website\"},\"primaryImageOfPage\":{\"@id\":\"https:\\\/\\\/bibp.pl\\\/de\\\/ueber-uns\\\/newsroom\\\/#primaryimage\"},\"image\":{\"@id\":\"https:\\\/\\\/bibp.pl\\\/de\\\/ueber-uns\\\/newsroom\\\/#primaryimage\"},\"thumbnailUrl\":\"https:\\\/\\\/bibp.pl\\\/wp-content\\\/uploads\\\/2020\\\/08\\\/shutterstock_1362634592-scaled-e1625634191205.jpg\",\"datePublished\":\"2020-10-29T15:42:08+00:00\",\"dateModified\":\"2021-07-07T07:35:10+00:00\",\"breadcrumb\":{\"@id\":\"https:\\\/\\\/bibp.pl\\\/de\\\/ueber-uns\\\/newsroom\\\/#breadcrumb\"},\"inLanguage\":\"de\",\"potentialAction\":[{\"@type\":\"ReadAction\",\"target\":[\"https:\\\/\\\/bibp.pl\\\/de\\\/ueber-uns\\\/newsroom\\\/\"]}]},{\"@type\":\"ImageObject\",\"inLanguage\":\"de\",\"@id\":\"https:\\\/\\\/bibp.pl\\\/de\\\/ueber-uns\\\/newsroom\\\/#primaryimage\",\"url\":\"https:\\\/\\\/bibp.pl\\\/wp-content\\\/uploads\\\/2020\\\/08\\\/shutterstock_1362634592-scaled-e1625634191205.jpg\",\"contentUrl\":\"https:\\\/\\\/bibp.pl\\\/wp-content\\\/uploads\\\/2020\\\/08\\\/shutterstock_1362634592-scaled-e1625634191205.jpg\",\"width\":2560,\"height\":1709},{\"@type\":\"BreadcrumbList\",\"@id\":\"https:\\\/\\\/bibp.pl\\\/de\\\/ueber-uns\\\/newsroom\\\/#breadcrumb\",\"itemListElement\":[{\"@type\":\"ListItem\",\"position\":1,\"name\":\"Strona g\u0142\u00f3wna\",\"item\":\"https:\\\/\\\/bibp.pl\\\/de\\\/\"},{\"@type\":\"ListItem\",\"position\":2,\"name\":\"\u00dcber uns\",\"item\":\"https:\\\/\\\/bibp.pl\\\/de\\\/ueber-uns\\\/\"},{\"@type\":\"ListItem\",\"position\":3,\"name\":\"Newsroom\"}]},{\"@type\":\"WebSite\",\"@id\":\"https:\\\/\\\/bibp.pl\\\/de\\\/#website\",\"url\":\"https:\\\/\\\/bibp.pl\\\/de\\\/\",\"name\":\"Worki bag in box BIBP\",\"description\":\"Kolejna witryna oparta na WordPressie\",\"potentialAction\":[{\"@type\":\"SearchAction\",\"target\":{\"@type\":\"EntryPoint\",\"urlTemplate\":\"https:\\\/\\\/bibp.pl\\\/de\\\/?s={search_term_string}\"},\"query-input\":{\"@type\":\"PropertyValueSpecification\",\"valueRequired\":true,\"valueName\":\"search_term_string\"}}],\"inLanguage\":\"de\"}]}<\/script>\n<!-- \/ Yoast SEO plugin. -->","yoast_head_json":{"title":"Newsroom - Worki bag in box BIBP","robots":{"index":"index","follow":"follow","max-snippet":"max-snippet:-1","max-image-preview":"max-image-preview:large","max-video-preview":"max-video-preview:-1"},"canonical":"https:\/\/bibp.pl\/de\/ueber-uns\/newsroom\/","og_locale":"de_DE","og_type":"article","og_title":"Newsroom - Worki bag in box BIBP","og_description":"Auf dieser Registerkarte finden Sie grundlegende Informationen \u00fcber die Firma Bag in Box Polen, Dateien und Fotos zum Herunterladen sowie unseren Newsletter.\u00a0 \u00dcber die Firma Bag in Box Polen Wir entwickeln und produzieren innovative Bag-in-Box-Beutel, flexible Barriereverpackungen und aseptische Beutel mit einem Volumen von 2 l bis 220 l. Neben Produkten h\u00f6chster Qualit\u00e4t bieten wir [&hellip;]","og_url":"https:\/\/bibp.pl\/de\/ueber-uns\/newsroom\/","og_site_name":"Worki bag in box BIBP","article_modified_time":"2021-07-07T07:35:10+00:00","og_image":[{"width":2560,"height":1709,"url":"https:\/\/bibp.pl\/wp-content\/uploads\/2020\/08\/shutterstock_1362634592-scaled-e1625634191205.jpg","type":"image\/jpeg"}],"twitter_card":"summary_large_image","twitter_misc":{"Gesch\u00e4tzte Lesezeit":"2\u00a0Minuten"},"schema":{"@context":"https:\/\/schema.org","@graph":[{"@type":"WebPage","@id":"https:\/\/bibp.pl\/de\/ueber-uns\/newsroom\/","url":"https:\/\/bibp.pl\/de\/ueber-uns\/newsroom\/","name":"Newsroom - Worki bag in box BIBP","isPartOf":{"@id":"https:\/\/bibp.pl\/de\/#website"},"primaryImageOfPage":{"@id":"https:\/\/bibp.pl\/de\/ueber-uns\/newsroom\/#primaryimage"},"image":{"@id":"https:\/\/bibp.pl\/de\/ueber-uns\/newsroom\/#primaryimage"},"thumbnailUrl":"https:\/\/bibp.pl\/wp-content\/uploads\/2020\/08\/shutterstock_1362634592-scaled-e1625634191205.jpg","datePublished":"2020-10-29T15:42:08+00:00","dateModified":"2021-07-07T07:35:10+00:00","breadcrumb":{"@id":"https:\/\/bibp.pl\/de\/ueber-uns\/newsroom\/#breadcrumb"},"inLanguage":"de","potentialAction":[{"@type":"ReadAction","target":["https:\/\/bibp.pl\/de\/ueber-uns\/newsroom\/"]}]},{"@type":"ImageObject","inLanguage":"de","@id":"https:\/\/bibp.pl\/de\/ueber-uns\/newsroom\/#primaryimage","url":"https:\/\/bibp.pl\/wp-content\/uploads\/2020\/08\/shutterstock_1362634592-scaled-e1625634191205.jpg","contentUrl":"https:\/\/bibp.pl\/wp-content\/uploads\/2020\/08\/shutterstock_1362634592-scaled-e1625634191205.jpg","width":2560,"height":1709},{"@type":"BreadcrumbList","@id":"https:\/\/bibp.pl\/de\/ueber-uns\/newsroom\/#breadcrumb","itemListElement":[{"@type":"ListItem","position":1,"name":"Strona g\u0142\u00f3wna","item":"https:\/\/bibp.pl\/de\/"},{"@type":"ListItem","position":2,"name":"\u00dcber uns","item":"https:\/\/bibp.pl\/de\/ueber-uns\/"},{"@type":"ListItem","position":3,"name":"Newsroom"}]},{"@type":"WebSite","@id":"https:\/\/bibp.pl\/de\/#website","url":"https:\/\/bibp.pl\/de\/","name":"Worki bag in box BIBP","description":"Kolejna witryna oparta na WordPressie","potentialAction":[{"@type":"SearchAction","target":{"@type":"EntryPoint","urlTemplate":"https:\/\/bibp.pl\/de\/?s={search_term_string}"},"query-input":{"@type":"PropertyValueSpecification","valueRequired":true,"valueName":"search_term_string"}}],"inLanguage":"de"}]}},"_links":{"self":[{"href":"https:\/\/bibp.pl\/de\/wp-json\/wp\/v2\/pages\/7790","targetHints":{"allow":["GET"]}}],"collection":[{"href":"https:\/\/bibp.pl\/de\/wp-json\/wp\/v2\/pages"}],"about":[{"href":"https:\/\/bibp.pl\/de\/wp-json\/wp\/v2\/types\/page"}],"author":[{"embeddable":true,"href":"https:\/\/bibp.pl\/de\/wp-json\/wp\/v2\/users\/1"}],"replies":[{"embeddable":true,"href":"https:\/\/bibp.pl\/de\/wp-json\/wp\/v2\/comments?post=7790"}],"version-history":[{"count":11,"href":"https:\/\/bibp.pl\/de\/wp-json\/wp\/v2\/pages\/7790\/revisions"}],"predecessor-version":[{"id":10358,"href":"https:\/\/bibp.pl\/de\/wp-json\/wp\/v2\/pages\/7790\/revisions\/10358"}],"up":[{"embeddable":true,"href":"https:\/\/bibp.pl\/de\/wp-json\/wp\/v2\/pages\/7749"}],"wp:featuredmedia":[{"embeddable":true,"href":"https:\/\/bibp.pl\/de\/wp-json\/wp\/v2\/media\/1676"}],"wp:attachment":[{"href":"https:\/\/bibp.pl\/de\/wp-json\/wp\/v2\/media?parent=7790"}],"curies":[{"name":"wp","href":"https:\/\/api.w.org\/{rel}","templated":true}]}}