{"id":2161,"date":"2020-09-24T11:19:09","date_gmt":"2020-09-24T09:19:09","guid":{"rendered":"https:\/\/bibp.pl\/?page_id=2161"},"modified":"2025-06-23T07:55:02","modified_gmt":"2025-06-23T05:55:02","slug":"sobre-nosotros","status":"publish","type":"page","link":"https:\/\/bibp.pl\/es\/sobre-nosotros\/","title":{"rendered":"SOBRE NOSOTROS"},"content":{"rendered":"<h2><span style=\"color: #000000;\"><strong>El desarrollo y la mejora continua de nuestros productos: nos ponemos estos objetivos desde 2014, cuando se fund\u00f3 la empresa BIB. Somos una marca conocida y respetada en el mercado polaco, y competimos con \u00e9xito en los mercados mundiales. En la actualidad, nuestros envases se env\u00edan a casi 35 pa\u00edses, con el \u00edndice de entrega puntual del 98,4%. Cada a\u00f1o m\u00e1s y m\u00e1s compa\u00f1\u00edas conf\u00edan en nosotros.<\/strong><\/span><\/h2>\n<p>Nuestros inicios estaban relacionados con Andrychow, pero pronto result\u00f3 que necesit\u00e1bamos una f\u00e1brica m\u00e1s eficiente que nos permitiera desarrollarnos m\u00e1s din\u00e1micamente. Elegimos <span style=\"color: #339966;\"><strong>la Zona de la Actividad Empresarial de Zator.<\/strong><\/span><\/p>\n<p><img loading=\"lazy\" decoding=\"async\" class=\"alignnone wp-image-2232\" src=\"https:\/\/bibp.pl\/wp-content\/uploads\/2020\/09\/o-nas_01_ES-1024x319.png\" alt=\"\" width=\"511\" height=\"159\" srcset=\"https:\/\/bibp.pl\/wp-content\/uploads\/2020\/09\/o-nas_01_ES-1024x319.png 1024w, https:\/\/bibp.pl\/wp-content\/uploads\/2020\/09\/o-nas_01_ES-300x93.png 300w, https:\/\/bibp.pl\/wp-content\/uploads\/2020\/09\/o-nas_01_ES-768x239.png 768w, https:\/\/bibp.pl\/wp-content\/uploads\/2020\/09\/o-nas_01_ES-1536x478.png 1536w, https:\/\/bibp.pl\/wp-content\/uploads\/2020\/09\/o-nas_01_ES.png 1920w\" sizes=\"auto, (max-width: 511px) 100vw, 511px\" \/><\/p>\n<p>Producimos las bolsas Bag in Box, envases flexibles de barreray bolsas as\u00e9pticas. Entregamos tanto <span style=\"color: #339966;\"><strong>soluciones listas<\/strong><\/span> para usar, as\u00ed como <strong><span style=\"color: #339966;\">bolsas hechas a medida.<\/span> <\/strong>Prestamos mucha atenci\u00f3n a la calidad de las materias primas y a la forma en que se elaboran nuestros productos. Esto garantiza que cumplan con todas las normas de la Uni\u00f3n Europea. Contamos con l\u00edneas de producci\u00f3n eficientes, modernos almacenes y un pr\u00f3spero Centro de Investigaci\u00f3n y Desarrollo, que nos permite satisfacer los requisitos de un mercado en constante desarrollo.<\/p>\n<p><img loading=\"lazy\" decoding=\"async\" class=\"alignnone wp-image-2240\" src=\"https:\/\/bibp.pl\/wp-content\/uploads\/2020\/09\/o-nas_02_ES-1024x319.png\" alt=\"\" width=\"504\" height=\"157\" srcset=\"https:\/\/bibp.pl\/wp-content\/uploads\/2020\/09\/o-nas_02_ES-1024x319.png 1024w, https:\/\/bibp.pl\/wp-content\/uploads\/2020\/09\/o-nas_02_ES-300x93.png 300w, https:\/\/bibp.pl\/wp-content\/uploads\/2020\/09\/o-nas_02_ES-768x239.png 768w, https:\/\/bibp.pl\/wp-content\/uploads\/2020\/09\/o-nas_02_ES-1536x478.png 1536w, https:\/\/bibp.pl\/wp-content\/uploads\/2020\/09\/o-nas_02_ES.png 1920w\" sizes=\"auto, (max-width: 504px) 100vw, 504px\" \/><\/p>\n<p>Una parte integral de nuestras actividades comerciales es <strong><span style=\"color: #339966;\">el enfoque individual al cliente.<\/span><\/strong> Escuchando sus necesidades y aprovechando nuestra amplia experiencia, podemos crear productos que funcionen perfectamente en el uso diario. Combin\u00e1ndolo con nuestras amplias instalaciones de producci\u00f3n, esto nos convierte en un excelente equipo para crear soluciones de envases innovadores. En nuestro equipo hemos reunido <strong><span style=\"color: #339966;\">a los mejores especialistas<\/span><\/strong> que, gracias a su conocimiento y compromiso, crean un valor que cumple con las m\u00e1s altas expectativas del mercado. La realizaci\u00f3n de la idea de un desarrollo continuo est\u00e1 garantizada por un plan financiero efectivamente aplicado.<\/p>\n<p><img loading=\"lazy\" decoding=\"async\" class=\"alignnone wp-image-2248\" src=\"https:\/\/bibp.pl\/wp-content\/uploads\/2020\/09\/o-nas_03_ES-1024x319.png\" alt=\"\" width=\"512\" height=\"159\" srcset=\"https:\/\/bibp.pl\/wp-content\/uploads\/2020\/09\/o-nas_03_ES-1024x319.png 1024w, https:\/\/bibp.pl\/wp-content\/uploads\/2020\/09\/o-nas_03_ES-300x93.png 300w, https:\/\/bibp.pl\/wp-content\/uploads\/2020\/09\/o-nas_03_ES-768x239.png 768w, https:\/\/bibp.pl\/wp-content\/uploads\/2020\/09\/o-nas_03_ES-1536x478.png 1536w, https:\/\/bibp.pl\/wp-content\/uploads\/2020\/09\/o-nas_03_ES.png 1920w\" sizes=\"auto, (max-width: 512px) 100vw, 512px\" \/><\/p>\n<p>En muchos aspectos, introducimos <strong><span style=\"color: #339966;\">nuestras propias soluciones innovadoras,<\/span><\/strong> no s\u00f3lo adapt\u00e1ndonos a los cambios del mercado, sino tambi\u00e9n adelantamos a los dem\u00e1s. Participamos en la vida del sector al participar en ferias internacionales. Estas reuniones nos permiten conocer mejor las necesidades de nuestros clientes y<br \/>\nobtener valiosos contactos de negocios. Continuamos desarroll\u00e1ndonos y expandiendo constantemente nuestros horizontes. Queremos seguir creando nuevas soluciones y estar donde nuestros productos son necesarios. Nuestro objetivo es crear un equipo s\u00f3lido y fiable, formado por los mejores especialistas, para crear los mejores productos para nuestros clientes.<\/p>\n<p><img loading=\"lazy\" decoding=\"async\" class=\"alignnone wp-image-2200\" src=\"https:\/\/bibp.pl\/wp-content\/uploads\/2020\/09\/customer-service_ES-1024x319.png\" alt=\"\" width=\"502\" height=\"156\" srcset=\"https:\/\/bibp.pl\/wp-content\/uploads\/2020\/09\/customer-service_ES-1024x319.png 1024w, https:\/\/bibp.pl\/wp-content\/uploads\/2020\/09\/customer-service_ES-300x93.png 300w, https:\/\/bibp.pl\/wp-content\/uploads\/2020\/09\/customer-service_ES-768x239.png 768w, https:\/\/bibp.pl\/wp-content\/uploads\/2020\/09\/customer-service_ES-1536x478.png 1536w, https:\/\/bibp.pl\/wp-content\/uploads\/2020\/09\/customer-service_ES.png 1920w\" sizes=\"auto, (max-width: 502px) 100vw, 502px\" \/><\/p>\n<p>Nos encargamos de la m\u00e1s alta calidad de servicio al cliente. Respondemos a las nuevas consultas hasta 24 horas, y a cada cliente se le asigna <strong><span style=\"color: #339966;\">un gerente de ventas individual.<\/span><\/strong> Esto nos permite proponer una oferta perfectamente adaptada.<\/p>\n<p><img loading=\"lazy\" decoding=\"async\" class=\"alignnone wp-image-2272\" src=\"https:\/\/bibp.pl\/wp-content\/uploads\/2020\/09\/realizacja-zamowien_ES-1024x577.png\" alt=\"\" width=\"716\" height=\"404\" srcset=\"https:\/\/bibp.pl\/wp-content\/uploads\/2020\/09\/realizacja-zamowien_ES-1024x577.png 1024w, https:\/\/bibp.pl\/wp-content\/uploads\/2020\/09\/realizacja-zamowien_ES-300x169.png 300w, https:\/\/bibp.pl\/wp-content\/uploads\/2020\/09\/realizacja-zamowien_ES-768x432.png 768w, https:\/\/bibp.pl\/wp-content\/uploads\/2020\/09\/realizacja-zamowien_ES-1536x865.png 1536w, https:\/\/bibp.pl\/wp-content\/uploads\/2020\/09\/realizacja-zamowien_ES-495x278.png 495w, https:\/\/bibp.pl\/wp-content\/uploads\/2020\/09\/realizacja-zamowien_ES-390x220.png 390w, https:\/\/bibp.pl\/wp-content\/uploads\/2020\/09\/realizacja-zamowien_ES.png 1920w\" sizes=\"auto, (max-width: 716px) 100vw, 716px\" \/><img loading=\"lazy\" decoding=\"async\" class=\"alignnone wp-image-2224\" src=\"https:\/\/bibp.pl\/wp-content\/uploads\/2020\/09\/miedzynarodowa-renoma_ES-1024x319.png\" alt=\"\" width=\"464\" height=\"145\" srcset=\"https:\/\/bibp.pl\/wp-content\/uploads\/2020\/09\/miedzynarodowa-renoma_ES-1024x319.png 1024w, https:\/\/bibp.pl\/wp-content\/uploads\/2020\/09\/miedzynarodowa-renoma_ES-300x93.png 300w, https:\/\/bibp.pl\/wp-content\/uploads\/2020\/09\/miedzynarodowa-renoma_ES-768x239.png 768w, https:\/\/bibp.pl\/wp-content\/uploads\/2020\/09\/miedzynarodowa-renoma_ES-1536x478.png 1536w, https:\/\/bibp.pl\/wp-content\/uploads\/2020\/09\/miedzynarodowa-renoma_ES.png 1920w\" sizes=\"auto, (max-width: 464px) 100vw, 464px\" \/><\/p>\n<p>Enviamos nuestros productos a todas las regiones de Europa y del mundo. Hemos colaborado con \u00e9xito con clientes del otro lado del mundo. Dado que el transporte se realiza principalmente fuera de Polonia, <strong><span style=\"color: #339966;\">tambi\u00e9n nos ocupamos de los asuntos aduaneros proporcionando todos los documentos necesarios a las oficinas.<\/span><\/strong><\/p>\n","protected":false},"excerpt":{"rendered":"<p>El desarrollo y la mejora continua de nuestros productos: nos ponemos estos objetivos desde 2014, cuando se fund\u00f3 la empresa BIB. Somos una marca conocida y respetada en el mercado polaco, y competimos con \u00e9xito en los mercados mundiales. En la actualidad, nuestros envases se env\u00edan a casi 35 pa\u00edses, con el \u00edndice de entrega [&hellip;]<\/p>\n","protected":false},"author":3,"featured_media":1758,"parent":0,"menu_order":0,"comment_status":"closed","ping_status":"closed","template":"page__about.php","meta":{"_acf_changed":false,"footnotes":""},"class_list":["post-2161","page","type-page","status-publish","has-post-thumbnail","hentry"],"acf":[],"yoast_head":"<!-- This site is optimized with the Yoast SEO plugin v27.4 - https:\/\/yoast.com\/product\/yoast-seo-wordpress\/ -->\n<title>SOBRE NOSOTROS - Worki bag in box BIBP<\/title>\n<meta name=\"robots\" content=\"index, follow, max-snippet:-1, max-image-preview:large, max-video-preview:-1\" \/>\n<link rel=\"canonical\" href=\"https:\/\/bibp.pl\/es\/sobre-nosotros\/\" \/>\n<meta property=\"og:locale\" content=\"es_ES\" \/>\n<meta property=\"og:type\" content=\"article\" \/>\n<meta property=\"og:title\" content=\"SOBRE NOSOTROS - Worki bag in box BIBP\" \/>\n<meta property=\"og:description\" content=\"El desarrollo y la mejora continua de nuestros productos: nos ponemos estos objetivos desde 2014, cuando se fund\u00f3 la empresa BIB. Somos una marca conocida y respetada en el mercado polaco, y competimos con \u00e9xito en los mercados mundiales. En la actualidad, nuestros envases se env\u00edan a casi 35 pa\u00edses, con el \u00edndice de entrega [&hellip;]\" \/>\n<meta property=\"og:url\" content=\"https:\/\/bibp.pl\/es\/sobre-nosotros\/\" \/>\n<meta property=\"og:site_name\" content=\"Worki bag in box BIBP\" \/>\n<meta property=\"article:modified_time\" content=\"2025-06-23T05:55:02+00:00\" \/>\n<meta property=\"og:image\" content=\"https:\/\/bibp.pl\/wp-content\/uploads\/2020\/08\/08-20_BIBP_o-nas_01.png\" \/>\n\t<meta property=\"og:image:width\" content=\"2500\" \/>\n\t<meta property=\"og:image:height\" content=\"362\" \/>\n\t<meta property=\"og:image:type\" content=\"image\/png\" \/>\n<meta name=\"twitter:card\" content=\"summary_large_image\" \/>\n<meta name=\"twitter:label1\" content=\"Tiempo de lectura\" \/>\n\t<meta name=\"twitter:data1\" content=\"6 minutos\" \/>\n<script type=\"application\/ld+json\" class=\"yoast-schema-graph\">{\"@context\":\"https:\\\/\\\/schema.org\",\"@graph\":[{\"@type\":\"WebPage\",\"@id\":\"https:\\\/\\\/bibp.pl\\\/es\\\/sobre-nosotros\\\/\",\"url\":\"https:\\\/\\\/bibp.pl\\\/es\\\/sobre-nosotros\\\/\",\"name\":\"SOBRE NOSOTROS - Worki bag in box BIBP\",\"isPartOf\":{\"@id\":\"https:\\\/\\\/bibp.pl\\\/es\\\/#website\"},\"primaryImageOfPage\":{\"@id\":\"https:\\\/\\\/bibp.pl\\\/es\\\/sobre-nosotros\\\/#primaryimage\"},\"image\":{\"@id\":\"https:\\\/\\\/bibp.pl\\\/es\\\/sobre-nosotros\\\/#primaryimage\"},\"thumbnailUrl\":\"https:\\\/\\\/bibp.pl\\\/wp-content\\\/uploads\\\/2020\\\/08\\\/08-20_BIBP_o-nas_01.png\",\"datePublished\":\"2020-09-24T09:19:09+00:00\",\"dateModified\":\"2025-06-23T05:55:02+00:00\",\"breadcrumb\":{\"@id\":\"https:\\\/\\\/bibp.pl\\\/es\\\/sobre-nosotros\\\/#breadcrumb\"},\"inLanguage\":\"es\",\"potentialAction\":[{\"@type\":\"ReadAction\",\"target\":[\"https:\\\/\\\/bibp.pl\\\/es\\\/sobre-nosotros\\\/\"]}]},{\"@type\":\"ImageObject\",\"inLanguage\":\"es\",\"@id\":\"https:\\\/\\\/bibp.pl\\\/es\\\/sobre-nosotros\\\/#primaryimage\",\"url\":\"https:\\\/\\\/bibp.pl\\\/wp-content\\\/uploads\\\/2020\\\/08\\\/08-20_BIBP_o-nas_01.png\",\"contentUrl\":\"https:\\\/\\\/bibp.pl\\\/wp-content\\\/uploads\\\/2020\\\/08\\\/08-20_BIBP_o-nas_01.png\",\"width\":2500,\"height\":362,\"caption\":\"Firma\"},{\"@type\":\"BreadcrumbList\",\"@id\":\"https:\\\/\\\/bibp.pl\\\/es\\\/sobre-nosotros\\\/#breadcrumb\",\"itemListElement\":[{\"@type\":\"ListItem\",\"position\":1,\"name\":\"Strona g\u0142\u00f3wna\",\"item\":\"https:\\\/\\\/bibp.pl\\\/es\\\/\"},{\"@type\":\"ListItem\",\"position\":2,\"name\":\"SOBRE NOSOTROS\"}]},{\"@type\":\"WebSite\",\"@id\":\"https:\\\/\\\/bibp.pl\\\/es\\\/#website\",\"url\":\"https:\\\/\\\/bibp.pl\\\/es\\\/\",\"name\":\"Worki bag in box BIBP\",\"description\":\"Kolejna witryna oparta na WordPressie\",\"potentialAction\":[{\"@type\":\"SearchAction\",\"target\":{\"@type\":\"EntryPoint\",\"urlTemplate\":\"https:\\\/\\\/bibp.pl\\\/es\\\/?s={search_term_string}\"},\"query-input\":{\"@type\":\"PropertyValueSpecification\",\"valueRequired\":true,\"valueName\":\"search_term_string\"}}],\"inLanguage\":\"es\"}]}<\/script>\n<!-- \/ Yoast SEO plugin. -->","yoast_head_json":{"title":"SOBRE NOSOTROS - Worki bag in box BIBP","robots":{"index":"index","follow":"follow","max-snippet":"max-snippet:-1","max-image-preview":"max-image-preview:large","max-video-preview":"max-video-preview:-1"},"canonical":"https:\/\/bibp.pl\/es\/sobre-nosotros\/","og_locale":"es_ES","og_type":"article","og_title":"SOBRE NOSOTROS - Worki bag in box BIBP","og_description":"El desarrollo y la mejora continua de nuestros productos: nos ponemos estos objetivos desde 2014, cuando se fund\u00f3 la empresa BIB. Somos una marca conocida y respetada en el mercado polaco, y competimos con \u00e9xito en los mercados mundiales. En la actualidad, nuestros envases se env\u00edan a casi 35 pa\u00edses, con el \u00edndice de entrega [&hellip;]","og_url":"https:\/\/bibp.pl\/es\/sobre-nosotros\/","og_site_name":"Worki bag in box BIBP","article_modified_time":"2025-06-23T05:55:02+00:00","og_image":[{"width":2500,"height":362,"url":"https:\/\/bibp.pl\/wp-content\/uploads\/2020\/08\/08-20_BIBP_o-nas_01.png","type":"image\/png"}],"twitter_card":"summary_large_image","twitter_misc":{"Tiempo de lectura":"6 minutos"},"schema":{"@context":"https:\/\/schema.org","@graph":[{"@type":"WebPage","@id":"https:\/\/bibp.pl\/es\/sobre-nosotros\/","url":"https:\/\/bibp.pl\/es\/sobre-nosotros\/","name":"SOBRE NOSOTROS - Worki bag in box BIBP","isPartOf":{"@id":"https:\/\/bibp.pl\/es\/#website"},"primaryImageOfPage":{"@id":"https:\/\/bibp.pl\/es\/sobre-nosotros\/#primaryimage"},"image":{"@id":"https:\/\/bibp.pl\/es\/sobre-nosotros\/#primaryimage"},"thumbnailUrl":"https:\/\/bibp.pl\/wp-content\/uploads\/2020\/08\/08-20_BIBP_o-nas_01.png","datePublished":"2020-09-24T09:19:09+00:00","dateModified":"2025-06-23T05:55:02+00:00","breadcrumb":{"@id":"https:\/\/bibp.pl\/es\/sobre-nosotros\/#breadcrumb"},"inLanguage":"es","potentialAction":[{"@type":"ReadAction","target":["https:\/\/bibp.pl\/es\/sobre-nosotros\/"]}]},{"@type":"ImageObject","inLanguage":"es","@id":"https:\/\/bibp.pl\/es\/sobre-nosotros\/#primaryimage","url":"https:\/\/bibp.pl\/wp-content\/uploads\/2020\/08\/08-20_BIBP_o-nas_01.png","contentUrl":"https:\/\/bibp.pl\/wp-content\/uploads\/2020\/08\/08-20_BIBP_o-nas_01.png","width":2500,"height":362,"caption":"Firma"},{"@type":"BreadcrumbList","@id":"https:\/\/bibp.pl\/es\/sobre-nosotros\/#breadcrumb","itemListElement":[{"@type":"ListItem","position":1,"name":"Strona g\u0142\u00f3wna","item":"https:\/\/bibp.pl\/es\/"},{"@type":"ListItem","position":2,"name":"SOBRE NOSOTROS"}]},{"@type":"WebSite","@id":"https:\/\/bibp.pl\/es\/#website","url":"https:\/\/bibp.pl\/es\/","name":"Worki bag in box BIBP","description":"Kolejna witryna oparta na WordPressie","potentialAction":[{"@type":"SearchAction","target":{"@type":"EntryPoint","urlTemplate":"https:\/\/bibp.pl\/es\/?s={search_term_string}"},"query-input":{"@type":"PropertyValueSpecification","valueRequired":true,"valueName":"search_term_string"}}],"inLanguage":"es"}]}},"_links":{"self":[{"href":"https:\/\/bibp.pl\/es\/wp-json\/wp\/v2\/pages\/2161","targetHints":{"allow":["GET"]}}],"collection":[{"href":"https:\/\/bibp.pl\/es\/wp-json\/wp\/v2\/pages"}],"about":[{"href":"https:\/\/bibp.pl\/es\/wp-json\/wp\/v2\/types\/page"}],"author":[{"embeddable":true,"href":"https:\/\/bibp.pl\/es\/wp-json\/wp\/v2\/users\/3"}],"replies":[{"embeddable":true,"href":"https:\/\/bibp.pl\/es\/wp-json\/wp\/v2\/comments?post=2161"}],"version-history":[{"count":17,"href":"https:\/\/bibp.pl\/es\/wp-json\/wp\/v2\/pages\/2161\/revisions"}],"predecessor-version":[{"id":15645,"href":"https:\/\/bibp.pl\/es\/wp-json\/wp\/v2\/pages\/2161\/revisions\/15645"}],"wp:featuredmedia":[{"embeddable":true,"href":"https:\/\/bibp.pl\/es\/wp-json\/wp\/v2\/media\/1758"}],"wp:attachment":[{"href":"https:\/\/bibp.pl\/es\/wp-json\/wp\/v2\/media?parent=2161"}],"curies":[{"name":"wp","href":"https:\/\/api.w.org\/{rel}","templated":true}]}}