{"id":2169,"date":"2020-09-24T11:21:17","date_gmt":"2020-09-24T09:21:17","guid":{"rendered":"https:\/\/bibp.pl\/?page_id=2169"},"modified":"2021-03-10T12:31:50","modified_gmt":"2021-03-10T11:31:50","slug":"centro-de-investigacion-y-desarrollo","status":"publish","type":"page","link":"https:\/\/bibp.pl\/es\/centro-de-investigacion-y-desarrollo\/","title":{"rendered":"CENTRO DE INVESTIGACI\u00d3N Y DESARROLLO"},"content":{"rendered":"<h2><span style=\"color: #000000;\">Nuestro Centro de Investigaci\u00f3n y Desarrollo est\u00e1 formado por un equipo de especialistas excepcionales. Lo creamos para mejorar el proceso de producci\u00f3n de las bolsas Bag in Box. Desde 2017, nos da la oportunidad de llevar a cabo nuestras propias investigaciones y aplicar soluciones innovadoras. Cada d\u00eda trabajamos en nuevas soluciones que se aplicar\u00e1n en el futuro.<\/span><\/h2>\n<p><img loading=\"lazy\" decoding=\"async\" class=\"alignnone wp-image-2192\" src=\"https:\/\/bibp.pl\/wp-content\/uploads\/2020\/09\/cele_ES-1024x319.png\" alt=\"\" width=\"517\" height=\"161\" srcset=\"https:\/\/bibp.pl\/wp-content\/uploads\/2020\/09\/cele_ES-1024x319.png 1024w, https:\/\/bibp.pl\/wp-content\/uploads\/2020\/09\/cele_ES-300x93.png 300w, https:\/\/bibp.pl\/wp-content\/uploads\/2020\/09\/cele_ES-768x239.png 768w, https:\/\/bibp.pl\/wp-content\/uploads\/2020\/09\/cele_ES-1536x478.png 1536w, https:\/\/bibp.pl\/wp-content\/uploads\/2020\/09\/cele_ES.png 1920w\" sizes=\"auto, (max-width: 517px) 100vw, 517px\" \/><\/p>\n<ul>\n<li><span style=\"color: #339966;\"><strong>el desarrollo de nuevos productos,<\/strong><\/span> incluidos conceptos de envasado, pero tambi\u00e9n formas de aplicar l\u00edquidos de alta viscosidad no est\u00e1ndar para que sean adecuados para su uso en envases Bag in Box,<\/li>\n<li><span style=\"color: #339966;\"><strong>el proceso innovador de control de calidad,<\/strong><\/span> gracias a la creaci\u00f3n de m\u00e9todos que permiten identificar y eliminar eficazmente los problemas en la producci\u00f3n,<\/li>\n<li><strong><span style=\"color: #339966;\">el asesoramiento tecnol\u00f3gico para los clientes<\/span><\/strong> que inician la producci\u00f3n utilizando los envases Bag in Box para apoyarlos en la adaptaci\u00f3n del proceso tecnol\u00f3gico.<\/li>\n<\/ul>\n<hr \/>\n<p><img loading=\"lazy\" decoding=\"async\" class=\"alignnone wp-image-2256\" src=\"https:\/\/bibp.pl\/wp-content\/uploads\/2020\/09\/osiagniecia_ES-1024x319.png\" alt=\"\" width=\"534\" height=\"166\" srcset=\"https:\/\/bibp.pl\/wp-content\/uploads\/2020\/09\/osiagniecia_ES-1024x319.png 1024w, https:\/\/bibp.pl\/wp-content\/uploads\/2020\/09\/osiagniecia_ES-300x93.png 300w, https:\/\/bibp.pl\/wp-content\/uploads\/2020\/09\/osiagniecia_ES-768x239.png 768w, https:\/\/bibp.pl\/wp-content\/uploads\/2020\/09\/osiagniecia_ES-1536x478.png 1536w, https:\/\/bibp.pl\/wp-content\/uploads\/2020\/09\/osiagniecia_ES.png 1920w\" sizes=\"auto, (max-width: 534px) 100vw, 534px\" \/><\/p>\n<h3>Gracias a la creaci\u00f3n del Centro de Investigaci\u00f3n y Desarrollo, pudimos desarrollar e introducir nuevos productos y tecnolog\u00edas en el mercado. Nuestros logros m\u00e1s importantes incluyen:<\/h3>\n<p><span style=\"color: #339966;\"><strong>Dise\u00f1o y producci\u00f3n de bolsas de 220 litros<\/strong><\/span><\/p>\n<p>Hemos creado este producto en su totalidad \u2013desde el dise\u00f1o y el lanzamiento de la producci\u00f3n hasta la venta y la distribuci\u00f3n\u2013 el alcance de este proyecto es \u00fanico a escala polaca. Para que esto sea posible, hemos establecido una cooperaci\u00f3n con los proveedores apropiados de determinadas materias primas y, mediante el desarrollo de m\u00e9todos adecuados de control de calidad, hemos estabilizado el proceso de producci\u00f3n. Esto nos permiti\u00f3 entregar el mismo buen producto con cada lote. Las bolsas de 220 litros se hacen en 4 variantes: de alta barrera, de barrera est\u00e1ndar, bolsas transparentes para llenado en caliente, bolsas de congelaci\u00f3n.<\/p>\n<p><span style=\"color: #339966;\"><strong>Dise\u00f1o y fabricaci\u00f3n de bolsas de ultracongelaci\u00f3n<\/strong><\/span><\/p>\n<p>Este tipo de bolsas se utilizan para la leche, productos como huevo l\u00edquido y algunos concentrados alimenticios. Producimos estas bolsas a partir de pel\u00edculas especialmente seleccionadas, gracias a las cuales pueden soportar una congelaci\u00f3n en el rango de -20\u00b0C\/-30\u00b0C. Tienen la capacidad de: 5l, 10l, 20l y 220l.<\/p>\n<p><span style=\"color: #339966;\"><strong>Creaci\u00f3n de la tecnolog\u00eda de producci\u00f3n en el sistema Ultra Clean<\/strong><\/span><\/p>\n<p>La nueva l\u00ednea de producci\u00f3n permite crear bolsas con una clase de pureza m\u00e1s alta para garantizar una mayor seguridad de productos as\u00e9pticos. Esta garant\u00eda puede obtenerse mediante el uso de la esterilizaci\u00f3n por radiaci\u00f3n.<\/p>\n<hr \/>\n<p><img loading=\"lazy\" decoding=\"async\" class=\"alignnone wp-image-2264\" src=\"https:\/\/bibp.pl\/wp-content\/uploads\/2020\/09\/plany_ES-1024x319.png\" alt=\"\" width=\"502\" height=\"156\" srcset=\"https:\/\/bibp.pl\/wp-content\/uploads\/2020\/09\/plany_ES-1024x319.png 1024w, https:\/\/bibp.pl\/wp-content\/uploads\/2020\/09\/plany_ES-300x93.png 300w, https:\/\/bibp.pl\/wp-content\/uploads\/2020\/09\/plany_ES-768x239.png 768w, https:\/\/bibp.pl\/wp-content\/uploads\/2020\/09\/plany_ES-1536x478.png 1536w, https:\/\/bibp.pl\/wp-content\/uploads\/2020\/09\/plany_ES.png 1920w\" sizes=\"auto, (max-width: 502px) 100vw, 502px\" \/><\/p>\n<p><span style=\"color: #339966;\"><strong>Materiales respetuosos con el medio ambiente<\/strong><\/span><\/p>\n<p>Por el bien del medio ambiente, trabajamos con materiales que son reciclables y reducimos los que no se pueden reciclar. Nos esforzamos por sustituir las pel\u00edculas multimaterial y metalizadas por pel\u00edculas de diferente composici\u00f3n, pero con propiedades mec\u00e1nicas similares.<\/p>\n","protected":false},"excerpt":{"rendered":"<p>Nuestro Centro de Investigaci\u00f3n y Desarrollo est\u00e1 formado por un equipo de especialistas excepcionales. Lo creamos para mejorar el proceso de producci\u00f3n de las bolsas Bag in Box. Desde 2017, nos da la oportunidad de llevar a cabo nuestras propias investigaciones y aplicar soluciones innovadoras. Cada d\u00eda trabajamos en nuevas soluciones que se aplicar\u00e1n en [&hellip;]<\/p>\n","protected":false},"author":3,"featured_media":1768,"parent":0,"menu_order":0,"comment_status":"closed","ping_status":"closed","template":"page__center.php","meta":{"_acf_changed":false,"footnotes":""},"class_list":["post-2169","page","type-page","status-publish","has-post-thumbnail","hentry"],"acf":[],"yoast_head":"<!-- This site is optimized with the Yoast SEO plugin v27.5 - https:\/\/yoast.com\/product\/yoast-seo-wordpress\/ -->\n<title>CENTRO DE INVESTIGACI\u00d3N Y DESARROLLO - Worki bag in box BIBP<\/title>\n<meta name=\"robots\" content=\"index, follow, max-snippet:-1, max-image-preview:large, max-video-preview:-1\" \/>\n<link rel=\"canonical\" href=\"https:\/\/bibp.pl\/es\/centro-de-investigacion-y-desarrollo\/\" \/>\n<meta property=\"og:locale\" content=\"es_ES\" \/>\n<meta property=\"og:type\" content=\"article\" \/>\n<meta property=\"og:title\" content=\"CENTRO DE INVESTIGACI\u00d3N Y DESARROLLO - Worki bag in box BIBP\" \/>\n<meta property=\"og:description\" content=\"Nuestro Centro de Investigaci\u00f3n y Desarrollo est\u00e1 formado por un equipo de especialistas excepcionales. Lo creamos para mejorar el proceso de producci\u00f3n de las bolsas Bag in Box. Desde 2017, nos da la oportunidad de llevar a cabo nuestras propias investigaciones y aplicar soluciones innovadoras. Cada d\u00eda trabajamos en nuevas soluciones que se aplicar\u00e1n en [&hellip;]\" \/>\n<meta property=\"og:url\" content=\"https:\/\/bibp.pl\/es\/centro-de-investigacion-y-desarrollo\/\" \/>\n<meta property=\"og:site_name\" content=\"Worki bag in box BIBP\" \/>\n<meta property=\"article:modified_time\" content=\"2021-03-10T11:31:50+00:00\" \/>\n<meta property=\"og:image\" content=\"https:\/\/bibp.pl\/wp-content\/uploads\/2020\/08\/08-20_BIBP_cbr_01.png\" \/>\n\t<meta property=\"og:image:width\" content=\"2500\" \/>\n\t<meta property=\"og:image:height\" content=\"362\" \/>\n\t<meta property=\"og:image:type\" content=\"image\/png\" \/>\n<meta name=\"twitter:card\" content=\"summary_large_image\" \/>\n<meta name=\"twitter:label1\" content=\"Tiempo de lectura\" \/>\n\t<meta name=\"twitter:data1\" content=\"3 minutos\" \/>\n<script type=\"application\/ld+json\" class=\"yoast-schema-graph\">{\"@context\":\"https:\\\/\\\/schema.org\",\"@graph\":[{\"@type\":\"WebPage\",\"@id\":\"https:\\\/\\\/bibp.pl\\\/es\\\/centro-de-investigacion-y-desarrollo\\\/\",\"url\":\"https:\\\/\\\/bibp.pl\\\/es\\\/centro-de-investigacion-y-desarrollo\\\/\",\"name\":\"CENTRO DE INVESTIGACI\u00d3N Y DESARROLLO - Worki bag in box BIBP\",\"isPartOf\":{\"@id\":\"https:\\\/\\\/bibp.pl\\\/es\\\/#website\"},\"primaryImageOfPage\":{\"@id\":\"https:\\\/\\\/bibp.pl\\\/es\\\/centro-de-investigacion-y-desarrollo\\\/#primaryimage\"},\"image\":{\"@id\":\"https:\\\/\\\/bibp.pl\\\/es\\\/centro-de-investigacion-y-desarrollo\\\/#primaryimage\"},\"thumbnailUrl\":\"https:\\\/\\\/bibp.pl\\\/wp-content\\\/uploads\\\/2020\\\/08\\\/08-20_BIBP_cbr_01.png\",\"datePublished\":\"2020-09-24T09:21:17+00:00\",\"dateModified\":\"2021-03-10T11:31:50+00:00\",\"breadcrumb\":{\"@id\":\"https:\\\/\\\/bibp.pl\\\/es\\\/centro-de-investigacion-y-desarrollo\\\/#breadcrumb\"},\"inLanguage\":\"es\",\"potentialAction\":[{\"@type\":\"ReadAction\",\"target\":[\"https:\\\/\\\/bibp.pl\\\/es\\\/centro-de-investigacion-y-desarrollo\\\/\"]}]},{\"@type\":\"ImageObject\",\"inLanguage\":\"es\",\"@id\":\"https:\\\/\\\/bibp.pl\\\/es\\\/centro-de-investigacion-y-desarrollo\\\/#primaryimage\",\"url\":\"https:\\\/\\\/bibp.pl\\\/wp-content\\\/uploads\\\/2020\\\/08\\\/08-20_BIBP_cbr_01.png\",\"contentUrl\":\"https:\\\/\\\/bibp.pl\\\/wp-content\\\/uploads\\\/2020\\\/08\\\/08-20_BIBP_cbr_01.png\",\"width\":2500,\"height\":362,\"caption\":\"Our Research and Development Centre\"},{\"@type\":\"BreadcrumbList\",\"@id\":\"https:\\\/\\\/bibp.pl\\\/es\\\/centro-de-investigacion-y-desarrollo\\\/#breadcrumb\",\"itemListElement\":[{\"@type\":\"ListItem\",\"position\":1,\"name\":\"Strona g\u0142\u00f3wna\",\"item\":\"https:\\\/\\\/bibp.pl\\\/es\\\/\"},{\"@type\":\"ListItem\",\"position\":2,\"name\":\"CENTRO DE INVESTIGACI\u00d3N Y DESARROLLO\"}]},{\"@type\":\"WebSite\",\"@id\":\"https:\\\/\\\/bibp.pl\\\/es\\\/#website\",\"url\":\"https:\\\/\\\/bibp.pl\\\/es\\\/\",\"name\":\"Worki bag in box BIBP\",\"description\":\"Kolejna witryna oparta na WordPressie\",\"potentialAction\":[{\"@type\":\"SearchAction\",\"target\":{\"@type\":\"EntryPoint\",\"urlTemplate\":\"https:\\\/\\\/bibp.pl\\\/es\\\/?s={search_term_string}\"},\"query-input\":{\"@type\":\"PropertyValueSpecification\",\"valueRequired\":true,\"valueName\":\"search_term_string\"}}],\"inLanguage\":\"es\"}]}<\/script>\n<!-- \/ Yoast SEO plugin. -->","yoast_head_json":{"title":"CENTRO DE INVESTIGACI\u00d3N Y DESARROLLO - Worki bag in box BIBP","robots":{"index":"index","follow":"follow","max-snippet":"max-snippet:-1","max-image-preview":"max-image-preview:large","max-video-preview":"max-video-preview:-1"},"canonical":"https:\/\/bibp.pl\/es\/centro-de-investigacion-y-desarrollo\/","og_locale":"es_ES","og_type":"article","og_title":"CENTRO DE INVESTIGACI\u00d3N Y DESARROLLO - Worki bag in box BIBP","og_description":"Nuestro Centro de Investigaci\u00f3n y Desarrollo est\u00e1 formado por un equipo de especialistas excepcionales. Lo creamos para mejorar el proceso de producci\u00f3n de las bolsas Bag in Box. Desde 2017, nos da la oportunidad de llevar a cabo nuestras propias investigaciones y aplicar soluciones innovadoras. Cada d\u00eda trabajamos en nuevas soluciones que se aplicar\u00e1n en [&hellip;]","og_url":"https:\/\/bibp.pl\/es\/centro-de-investigacion-y-desarrollo\/","og_site_name":"Worki bag in box BIBP","article_modified_time":"2021-03-10T11:31:50+00:00","og_image":[{"width":2500,"height":362,"url":"https:\/\/bibp.pl\/wp-content\/uploads\/2020\/08\/08-20_BIBP_cbr_01.png","type":"image\/png"}],"twitter_card":"summary_large_image","twitter_misc":{"Tiempo de lectura":"3 minutos"},"schema":{"@context":"https:\/\/schema.org","@graph":[{"@type":"WebPage","@id":"https:\/\/bibp.pl\/es\/centro-de-investigacion-y-desarrollo\/","url":"https:\/\/bibp.pl\/es\/centro-de-investigacion-y-desarrollo\/","name":"CENTRO DE INVESTIGACI\u00d3N Y DESARROLLO - Worki bag in box BIBP","isPartOf":{"@id":"https:\/\/bibp.pl\/es\/#website"},"primaryImageOfPage":{"@id":"https:\/\/bibp.pl\/es\/centro-de-investigacion-y-desarrollo\/#primaryimage"},"image":{"@id":"https:\/\/bibp.pl\/es\/centro-de-investigacion-y-desarrollo\/#primaryimage"},"thumbnailUrl":"https:\/\/bibp.pl\/wp-content\/uploads\/2020\/08\/08-20_BIBP_cbr_01.png","datePublished":"2020-09-24T09:21:17+00:00","dateModified":"2021-03-10T11:31:50+00:00","breadcrumb":{"@id":"https:\/\/bibp.pl\/es\/centro-de-investigacion-y-desarrollo\/#breadcrumb"},"inLanguage":"es","potentialAction":[{"@type":"ReadAction","target":["https:\/\/bibp.pl\/es\/centro-de-investigacion-y-desarrollo\/"]}]},{"@type":"ImageObject","inLanguage":"es","@id":"https:\/\/bibp.pl\/es\/centro-de-investigacion-y-desarrollo\/#primaryimage","url":"https:\/\/bibp.pl\/wp-content\/uploads\/2020\/08\/08-20_BIBP_cbr_01.png","contentUrl":"https:\/\/bibp.pl\/wp-content\/uploads\/2020\/08\/08-20_BIBP_cbr_01.png","width":2500,"height":362,"caption":"Our Research and Development Centre"},{"@type":"BreadcrumbList","@id":"https:\/\/bibp.pl\/es\/centro-de-investigacion-y-desarrollo\/#breadcrumb","itemListElement":[{"@type":"ListItem","position":1,"name":"Strona g\u0142\u00f3wna","item":"https:\/\/bibp.pl\/es\/"},{"@type":"ListItem","position":2,"name":"CENTRO DE INVESTIGACI\u00d3N Y DESARROLLO"}]},{"@type":"WebSite","@id":"https:\/\/bibp.pl\/es\/#website","url":"https:\/\/bibp.pl\/es\/","name":"Worki bag in box BIBP","description":"Kolejna witryna oparta na WordPressie","potentialAction":[{"@type":"SearchAction","target":{"@type":"EntryPoint","urlTemplate":"https:\/\/bibp.pl\/es\/?s={search_term_string}"},"query-input":{"@type":"PropertyValueSpecification","valueRequired":true,"valueName":"search_term_string"}}],"inLanguage":"es"}]}},"_links":{"self":[{"href":"https:\/\/bibp.pl\/es\/wp-json\/wp\/v2\/pages\/2169","targetHints":{"allow":["GET"]}}],"collection":[{"href":"https:\/\/bibp.pl\/es\/wp-json\/wp\/v2\/pages"}],"about":[{"href":"https:\/\/bibp.pl\/es\/wp-json\/wp\/v2\/types\/page"}],"author":[{"embeddable":true,"href":"https:\/\/bibp.pl\/es\/wp-json\/wp\/v2\/users\/3"}],"replies":[{"embeddable":true,"href":"https:\/\/bibp.pl\/es\/wp-json\/wp\/v2\/comments?post=2169"}],"version-history":[{"count":6,"href":"https:\/\/bibp.pl\/es\/wp-json\/wp\/v2\/pages\/2169\/revisions"}],"predecessor-version":[{"id":9795,"href":"https:\/\/bibp.pl\/es\/wp-json\/wp\/v2\/pages\/2169\/revisions\/9795"}],"wp:featuredmedia":[{"embeddable":true,"href":"https:\/\/bibp.pl\/es\/wp-json\/wp\/v2\/media\/1768"}],"wp:attachment":[{"href":"https:\/\/bibp.pl\/es\/wp-json\/wp\/v2\/media?parent=2169"}],"curies":[{"name":"wp","href":"https:\/\/api.w.org\/{rel}","templated":true}]}}