{"id":2174,"date":"2020-09-24T11:21:48","date_gmt":"2020-09-24T09:21:48","guid":{"rendered":"https:\/\/bibp.pl\/?page_id=2174"},"modified":"2021-03-10T12:35:26","modified_gmt":"2021-03-10T11:35:26","slug":"apoyo-a-las-empresas","status":"publish","type":"page","link":"https:\/\/bibp.pl\/es\/apoyo-a-las-empresas\/","title":{"rendered":"APOYO A LAS EMPRESAS"},"content":{"rendered":"<h2><span style=\"color: #000000;\"><strong>Nuestro asesoramiento tecnol\u00f3gico incluye el apoyo en todas las etapas del proceso de producci\u00f3n. Su forma y alcance se adaptan a las necesidades individuales de cada cliente.<\/strong><\/span><\/h2>\n<p>No s\u00f3lo proporcionamos a nuestros clientes envases innovadores de alta calidad, sino tambi\u00e9n <strong><span style=\"color: #339966;\">el conocimientos<\/span><\/strong> sobre c\u00f3mo iniciar un proceso de producci\u00f3n eficaz con ellos. Nuestro objetivo es ayudar a eliminar los errores que surgen durante la etapa de llenado, almacenamiento o transporte. Tambi\u00e9n seleccionamos el embalaje adecuado para las necesidades del cliente, de modo que todos reciban un producto que tenga las caracter\u00edsticas seg\u00fan su aplicaci\u00f3n y ofrecemos un buen precio.<\/p>\n<h3><span style=\"color: #000000;\"><strong>\u00bfPara qui\u00e9n es el asesoramiento tecnol\u00f3gico?<\/strong><\/span><\/h3>\n<p>Nuestro asesoramiento est\u00e1 disponible <strong><span style=\"color: #339966;\">para todos,<\/span> <\/strong>animamos a las peque\u00f1as y grandes empresas a que se pongan en contacto con nosotros. Adoptamos el nivel de asesoramiento a las necesidades y expectativas de nuestros clientes: lo ofrecemos en forma de una conversaci\u00f3n por tel\u00e9fono, as\u00ed como consultas m\u00e1s complicadas para las que creamos un equipo del proyecto. En cooperaci\u00f3n con el cliente, nos encargamos de todas las etapas del proceso de producci\u00f3n y distribuci\u00f3n. Si aparece alg\u00fan problema, analizamos su causa y lo excluimos para que todo funcione bien y el cliente quede plenamente satisfecho.<\/p>\n<h3><span style=\"color: #000000;\"><strong>\u00bfPor qu\u00e9 vale la pena colaborar con nosotros?<\/strong><\/span><\/h3>\n<p>La empresa que participe en las consultas podr\u00e1<span style=\"color: #339966;\"><strong> iniciar suproceso de producci\u00f3n m\u00e1s r\u00e1pidamente.<\/strong><\/span> El dise\u00f1o conjunto del envase, el proceso de envasado y distribuci\u00f3n acorta considerablemente el proceso de introducci\u00f3n en el mercado y elimina los errores y defectos. Bas\u00e1ndonos en nuestra rica experiencia adquirida de peque\u00f1as y grandes empresas del mercado polaco y europeo, podemos ofrecer soluciones concretas y eficaces.<\/p>\n<h3><span style=\"color: #000000;\"><strong>Cursos de formaci\u00f3n<\/strong><\/span><\/h3>\n<p>En los cursos de formaci\u00f3n que organizamos, junto con los especialistas invitados, presentamos<strong><span style=\"color: #339966;\"> las posibilidades y perspectivasde<\/span><\/strong> los envases Bag in Box. Un ejemplo de este tipo de evento puede ser una reuni\u00f3n celebrada en Katowice para las peque\u00f1as y medianas empresas productoras de zumos NFC. Asistieron unas 25 empresas que participaron durante dos d\u00edas en cuatro paneles de debate dirigidos por nuestros especialistas, as\u00ed como por el Prof. Maria Chmiel del Departamento de Microbiolog\u00eda de la Universidad de Agricultura.<\/p>\n","protected":false},"excerpt":{"rendered":"<p>Nuestro asesoramiento tecnol\u00f3gico incluye el apoyo en todas las etapas del proceso de producci\u00f3n. Su forma y alcance se adaptan a las necesidades individuales de cada cliente. No s\u00f3lo proporcionamos a nuestros clientes envases innovadores de alta calidad, sino tambi\u00e9n el conocimientos sobre c\u00f3mo iniciar un proceso de producci\u00f3n eficaz con ellos. Nuestro objetivo es [&hellip;]<\/p>\n","protected":false},"author":3,"featured_media":1690,"parent":0,"menu_order":0,"comment_status":"closed","ping_status":"closed","template":"page__consulting.php","meta":{"_acf_changed":false,"footnotes":""},"class_list":["post-2174","page","type-page","status-publish","has-post-thumbnail","hentry"],"acf":[],"yoast_head":"<!-- This site is optimized with the Yoast SEO plugin v27.3 - https:\/\/yoast.com\/product\/yoast-seo-wordpress\/ -->\n<title>APOYO A LAS EMPRESAS - Worki bag in box BIBP<\/title>\n<meta name=\"robots\" content=\"index, follow, max-snippet:-1, max-image-preview:large, max-video-preview:-1\" \/>\n<link rel=\"canonical\" href=\"https:\/\/bibp.pl\/es\/apoyo-a-las-empresas\/\" \/>\n<meta property=\"og:locale\" content=\"es_ES\" \/>\n<meta property=\"og:type\" content=\"article\" \/>\n<meta property=\"og:title\" content=\"APOYO A LAS EMPRESAS - Worki bag in box BIBP\" \/>\n<meta property=\"og:description\" content=\"Nuestro asesoramiento tecnol\u00f3gico incluye el apoyo en todas las etapas del proceso de producci\u00f3n. Su forma y alcance se adaptan a las necesidades individuales de cada cliente. No s\u00f3lo proporcionamos a nuestros clientes envases innovadores de alta calidad, sino tambi\u00e9n el conocimientos sobre c\u00f3mo iniciar un proceso de producci\u00f3n eficaz con ellos. Nuestro objetivo es [&hellip;]\" \/>\n<meta property=\"og:url\" content=\"https:\/\/bibp.pl\/es\/apoyo-a-las-empresas\/\" \/>\n<meta property=\"og:site_name\" content=\"Worki bag in box BIBP\" \/>\n<meta property=\"article:modified_time\" content=\"2021-03-10T11:35:26+00:00\" \/>\n<meta property=\"og:image\" content=\"https:\/\/bibp.pl\/wp-content\/uploads\/2020\/08\/shutterstock_1166284138-scaled.jpg\" \/>\n\t<meta property=\"og:image:width\" content=\"2560\" \/>\n\t<meta property=\"og:image:height\" content=\"1699\" \/>\n\t<meta property=\"og:image:type\" content=\"image\/jpeg\" \/>\n<meta name=\"twitter:card\" content=\"summary_large_image\" \/>\n<meta name=\"twitter:label1\" content=\"Tiempo de lectura\" \/>\n\t<meta name=\"twitter:data1\" content=\"2 minutos\" \/>\n<script type=\"application\/ld+json\" class=\"yoast-schema-graph\">{\"@context\":\"https:\\\/\\\/schema.org\",\"@graph\":[{\"@type\":\"WebPage\",\"@id\":\"https:\\\/\\\/bibp.pl\\\/es\\\/apoyo-a-las-empresas\\\/\",\"url\":\"https:\\\/\\\/bibp.pl\\\/es\\\/apoyo-a-las-empresas\\\/\",\"name\":\"APOYO A LAS EMPRESAS - Worki bag in box BIBP\",\"isPartOf\":{\"@id\":\"https:\\\/\\\/bibp.pl\\\/es\\\/#website\"},\"primaryImageOfPage\":{\"@id\":\"https:\\\/\\\/bibp.pl\\\/es\\\/apoyo-a-las-empresas\\\/#primaryimage\"},\"image\":{\"@id\":\"https:\\\/\\\/bibp.pl\\\/es\\\/apoyo-a-las-empresas\\\/#primaryimage\"},\"thumbnailUrl\":\"https:\\\/\\\/bibp.pl\\\/wp-content\\\/uploads\\\/2020\\\/08\\\/shutterstock_1166284138-scaled.jpg\",\"datePublished\":\"2020-09-24T09:21:48+00:00\",\"dateModified\":\"2021-03-10T11:35:26+00:00\",\"breadcrumb\":{\"@id\":\"https:\\\/\\\/bibp.pl\\\/es\\\/apoyo-a-las-empresas\\\/#breadcrumb\"},\"inLanguage\":\"es\",\"potentialAction\":[{\"@type\":\"ReadAction\",\"target\":[\"https:\\\/\\\/bibp.pl\\\/es\\\/apoyo-a-las-empresas\\\/\"]}]},{\"@type\":\"ImageObject\",\"inLanguage\":\"es\",\"@id\":\"https:\\\/\\\/bibp.pl\\\/es\\\/apoyo-a-las-empresas\\\/#primaryimage\",\"url\":\"https:\\\/\\\/bibp.pl\\\/wp-content\\\/uploads\\\/2020\\\/08\\\/shutterstock_1166284138-scaled.jpg\",\"contentUrl\":\"https:\\\/\\\/bibp.pl\\\/wp-content\\\/uploads\\\/2020\\\/08\\\/shutterstock_1166284138-scaled.jpg\",\"width\":2560,\"height\":1699},{\"@type\":\"BreadcrumbList\",\"@id\":\"https:\\\/\\\/bibp.pl\\\/es\\\/apoyo-a-las-empresas\\\/#breadcrumb\",\"itemListElement\":[{\"@type\":\"ListItem\",\"position\":1,\"name\":\"Strona g\u0142\u00f3wna\",\"item\":\"https:\\\/\\\/bibp.pl\\\/es\\\/\"},{\"@type\":\"ListItem\",\"position\":2,\"name\":\"APOYO A LAS EMPRESAS\"}]},{\"@type\":\"WebSite\",\"@id\":\"https:\\\/\\\/bibp.pl\\\/es\\\/#website\",\"url\":\"https:\\\/\\\/bibp.pl\\\/es\\\/\",\"name\":\"Worki bag in box BIBP\",\"description\":\"Kolejna witryna oparta na WordPressie\",\"potentialAction\":[{\"@type\":\"SearchAction\",\"target\":{\"@type\":\"EntryPoint\",\"urlTemplate\":\"https:\\\/\\\/bibp.pl\\\/es\\\/?s={search_term_string}\"},\"query-input\":{\"@type\":\"PropertyValueSpecification\",\"valueRequired\":true,\"valueName\":\"search_term_string\"}}],\"inLanguage\":\"es\"}]}<\/script>\n<!-- \/ Yoast SEO plugin. -->","yoast_head_json":{"title":"APOYO A LAS EMPRESAS - Worki bag in box BIBP","robots":{"index":"index","follow":"follow","max-snippet":"max-snippet:-1","max-image-preview":"max-image-preview:large","max-video-preview":"max-video-preview:-1"},"canonical":"https:\/\/bibp.pl\/es\/apoyo-a-las-empresas\/","og_locale":"es_ES","og_type":"article","og_title":"APOYO A LAS EMPRESAS - Worki bag in box BIBP","og_description":"Nuestro asesoramiento tecnol\u00f3gico incluye el apoyo en todas las etapas del proceso de producci\u00f3n. Su forma y alcance se adaptan a las necesidades individuales de cada cliente. No s\u00f3lo proporcionamos a nuestros clientes envases innovadores de alta calidad, sino tambi\u00e9n el conocimientos sobre c\u00f3mo iniciar un proceso de producci\u00f3n eficaz con ellos. Nuestro objetivo es [&hellip;]","og_url":"https:\/\/bibp.pl\/es\/apoyo-a-las-empresas\/","og_site_name":"Worki bag in box BIBP","article_modified_time":"2021-03-10T11:35:26+00:00","og_image":[{"width":2560,"height":1699,"url":"https:\/\/bibp.pl\/wp-content\/uploads\/2020\/08\/shutterstock_1166284138-scaled.jpg","type":"image\/jpeg"}],"twitter_card":"summary_large_image","twitter_misc":{"Tiempo de lectura":"2 minutos"},"schema":{"@context":"https:\/\/schema.org","@graph":[{"@type":"WebPage","@id":"https:\/\/bibp.pl\/es\/apoyo-a-las-empresas\/","url":"https:\/\/bibp.pl\/es\/apoyo-a-las-empresas\/","name":"APOYO A LAS EMPRESAS - Worki bag in box BIBP","isPartOf":{"@id":"https:\/\/bibp.pl\/es\/#website"},"primaryImageOfPage":{"@id":"https:\/\/bibp.pl\/es\/apoyo-a-las-empresas\/#primaryimage"},"image":{"@id":"https:\/\/bibp.pl\/es\/apoyo-a-las-empresas\/#primaryimage"},"thumbnailUrl":"https:\/\/bibp.pl\/wp-content\/uploads\/2020\/08\/shutterstock_1166284138-scaled.jpg","datePublished":"2020-09-24T09:21:48+00:00","dateModified":"2021-03-10T11:35:26+00:00","breadcrumb":{"@id":"https:\/\/bibp.pl\/es\/apoyo-a-las-empresas\/#breadcrumb"},"inLanguage":"es","potentialAction":[{"@type":"ReadAction","target":["https:\/\/bibp.pl\/es\/apoyo-a-las-empresas\/"]}]},{"@type":"ImageObject","inLanguage":"es","@id":"https:\/\/bibp.pl\/es\/apoyo-a-las-empresas\/#primaryimage","url":"https:\/\/bibp.pl\/wp-content\/uploads\/2020\/08\/shutterstock_1166284138-scaled.jpg","contentUrl":"https:\/\/bibp.pl\/wp-content\/uploads\/2020\/08\/shutterstock_1166284138-scaled.jpg","width":2560,"height":1699},{"@type":"BreadcrumbList","@id":"https:\/\/bibp.pl\/es\/apoyo-a-las-empresas\/#breadcrumb","itemListElement":[{"@type":"ListItem","position":1,"name":"Strona g\u0142\u00f3wna","item":"https:\/\/bibp.pl\/es\/"},{"@type":"ListItem","position":2,"name":"APOYO A LAS EMPRESAS"}]},{"@type":"WebSite","@id":"https:\/\/bibp.pl\/es\/#website","url":"https:\/\/bibp.pl\/es\/","name":"Worki bag in box BIBP","description":"Kolejna witryna oparta na WordPressie","potentialAction":[{"@type":"SearchAction","target":{"@type":"EntryPoint","urlTemplate":"https:\/\/bibp.pl\/es\/?s={search_term_string}"},"query-input":{"@type":"PropertyValueSpecification","valueRequired":true,"valueName":"search_term_string"}}],"inLanguage":"es"}]}},"_links":{"self":[{"href":"https:\/\/bibp.pl\/es\/wp-json\/wp\/v2\/pages\/2174","targetHints":{"allow":["GET"]}}],"collection":[{"href":"https:\/\/bibp.pl\/es\/wp-json\/wp\/v2\/pages"}],"about":[{"href":"https:\/\/bibp.pl\/es\/wp-json\/wp\/v2\/types\/page"}],"author":[{"embeddable":true,"href":"https:\/\/bibp.pl\/es\/wp-json\/wp\/v2\/users\/3"}],"replies":[{"embeddable":true,"href":"https:\/\/bibp.pl\/es\/wp-json\/wp\/v2\/comments?post=2174"}],"version-history":[{"count":4,"href":"https:\/\/bibp.pl\/es\/wp-json\/wp\/v2\/pages\/2174\/revisions"}],"predecessor-version":[{"id":9797,"href":"https:\/\/bibp.pl\/es\/wp-json\/wp\/v2\/pages\/2174\/revisions\/9797"}],"wp:featuredmedia":[{"embeddable":true,"href":"https:\/\/bibp.pl\/es\/wp-json\/wp\/v2\/media\/1690"}],"wp:attachment":[{"href":"https:\/\/bibp.pl\/es\/wp-json\/wp\/v2\/media?parent=2174"}],"curies":[{"name":"wp","href":"https:\/\/api.w.org\/{rel}","templated":true}]}}