{"id":5506,"date":"2020-10-09T12:42:04","date_gmt":"2020-10-09T10:42:04","guid":{"rendered":"https:\/\/bibp.pl\/?page_id=5506"},"modified":"2021-07-07T09:49:00","modified_gmt":"2021-07-07T07:49:00","slug":"newsroom","status":"publish","type":"page","link":"https:\/\/bibp.pl\/es\/sobre-nosotros\/newsroom\/","title":{"rendered":"Newsroom"},"content":{"rendered":"<h2><strong>En esta pesta\u00f1a encontrar\u00e1 informaci\u00f3n b\u00e1sica sobre Bag in Box Poland, archivos y fotos para descargar, as\u00ed como nuestro bolet\u00edn de noticias.\u00a0<\/strong><\/h2>\n<p><strong>Acerca de Bag in Box Poland<\/strong><\/p>\n<p><span style=\"font-weight: 400;\">Desarrollamos y producimos innovadores bolsas Bag in Box, envases flexibles de barrera y bolsas as\u00e9pticas con capacidad de 2 a 220 litros. Adem\u00e1s de los productos de la m\u00e1s alta calidad, tambi\u00e9n ofrecemos a nuestros clientes un servicio profesional y completo y apoyo en el uso m\u00e1s eficiente de la soluci\u00f3n BiB. Creamos paquetes individuales por encargo especial. Colaboramos con empresarios de todo el mundo.\u00a0 Nuestra sede y almac\u00e9n est\u00e1n en Zator (regi\u00f3n de Peque\u00f1a Polonia).<\/span><\/p>\n<p><span style=\"font-weight: 400;\">M\u00e1s informaci\u00f3n sobre la empresa Bag in Box Poland se puede encontrar en la pesta\u00f1a \u00ab<\/span><span style=\"text-decoration: underline;\"><strong><span style=\"color: #339966;\"><a style=\"color: #339966; text-decoration: underline;\" href=\"https:\/\/bibp.pl\/es\/sobre-nosotros\/\">Sobre nosotros<\/a><\/span><\/strong><\/span><span style=\"font-weight: 400;\">\u00ab.<\/span><\/p>\n<p><span style=\"color: #000000;\"><strong>Social media:<\/strong><\/span><\/p>\n<p><a href=\"https:\/\/www.facebook.com\/producentbaginbox\"><img loading=\"lazy\" decoding=\"async\" class=\"alignnone wp-image-9235 \" src=\"https:\/\/bibp.pl\/wp-content\/uploads\/2020\/10\/facebook.png\" alt=\"\" width=\"49\" height=\"49\" \/><\/a>\u00a0 \u00a0<a href=\"http:\/\/www.youtube.com\/channel\/UCwTohfEU1aqHrJxSeW4Pz-Q\/featured\"><strong><img loading=\"lazy\" decoding=\"async\" class=\"wp-image-10146 alignnone\" src=\"https:\/\/bibp.pl\/wp-content\/uploads\/2021\/04\/pobrane-removebg-preview-300x67.png\" sizes=\"auto, (max-width: 134px) 100vw, 134px\" srcset=\"https:\/\/bibp.pl\/wp-content\/uploads\/2021\/04\/pobrane-removebg-preview-300x67.png 300w, https:\/\/bibp.pl\/wp-content\/uploads\/2021\/04\/pobrane-removebg-preview.png 475w\" alt=\"\" width=\"134\" height=\"30\" \/><\/strong><\/a><a href=\"https:\/\/www.linkedin.com\/company\/bag-in-box-poland\/\"><img loading=\"lazy\" decoding=\"async\" class=\" wp-image-9244 alignleft\" src=\"https:\/\/bibp.pl\/wp-content\/uploads\/2020\/10\/linkedin.png\" alt=\"\" width=\"50\" height=\"50\" \/><\/a><\/p>\n<p><span style=\"color: #000000;\"><strong>Descargar nuestro bolet\u00edn:<\/strong><\/span><\/p>\n<ul>\n<li>\n<h4><strong><a href=\"https:\/\/bibp.pl\/es\/noticias\/\">Newsletter<\/a><\/strong><\/h4>\n<\/li>\n<\/ul>\n<p><strong><span style=\"color: #000000;\">Obtenga m\u00e1s informaci\u00f3n sobre la tecnolog\u00eda bag in box:<\/span><\/strong><\/p>\n<ul>\n<li>\n<h4><a href=\"https:\/\/bibp.pl\/es\/blog\/\"><strong>Blog<\/strong><\/a><\/h4>\n<\/li>\n<\/ul>\n","protected":false},"excerpt":{"rendered":"<p>En esta pesta\u00f1a encontrar\u00e1 informaci\u00f3n b\u00e1sica sobre Bag in Box Poland, archivos y fotos para descargar, as\u00ed como nuestro bolet\u00edn de noticias.\u00a0 Acerca de Bag in Box Poland Desarrollamos y producimos innovadores bolsas Bag in Box, envases flexibles de barrera y bolsas as\u00e9pticas con capacidad de 2 a 220 litros. Adem\u00e1s de los productos de [&hellip;]<\/p>\n","protected":false},"author":3,"featured_media":1679,"parent":2161,"menu_order":0,"comment_status":"closed","ping_status":"closed","template":"page__newsroom.php","meta":{"_acf_changed":false,"footnotes":""},"class_list":["post-5506","page","type-page","status-publish","has-post-thumbnail","hentry"],"acf":[],"yoast_head":"<!-- This site is optimized with the Yoast SEO plugin v27.4 - https:\/\/yoast.com\/product\/yoast-seo-wordpress\/ -->\n<title>Newsroom - Worki bag in box BIBP<\/title>\n<meta name=\"robots\" content=\"index, follow, max-snippet:-1, max-image-preview:large, max-video-preview:-1\" \/>\n<link rel=\"canonical\" href=\"https:\/\/bibp.pl\/es\/sobre-nosotros\/newsroom\/\" \/>\n<meta property=\"og:locale\" content=\"es_ES\" \/>\n<meta property=\"og:type\" content=\"article\" \/>\n<meta property=\"og:title\" content=\"Newsroom - Worki bag in box BIBP\" \/>\n<meta property=\"og:description\" content=\"En esta pesta\u00f1a encontrar\u00e1 informaci\u00f3n b\u00e1sica sobre Bag in Box Poland, archivos y fotos para descargar, as\u00ed como nuestro bolet\u00edn de noticias.\u00a0 Acerca de Bag in Box Poland Desarrollamos y producimos innovadores bolsas Bag in Box, envases flexibles de barrera y bolsas as\u00e9pticas con capacidad de 2 a 220 litros. Adem\u00e1s de los productos de [&hellip;]\" \/>\n<meta property=\"og:url\" content=\"https:\/\/bibp.pl\/es\/sobre-nosotros\/newsroom\/\" \/>\n<meta property=\"og:site_name\" content=\"Worki bag in box BIBP\" \/>\n<meta property=\"article:modified_time\" content=\"2021-07-07T07:49:00+00:00\" \/>\n<meta property=\"og:image\" content=\"https:\/\/bibp.pl\/wp-content\/uploads\/2020\/08\/shutterstock_1362634592-scaled-e1625634191205.jpg\" \/>\n\t<meta property=\"og:image:width\" content=\"2560\" \/>\n\t<meta property=\"og:image:height\" content=\"1709\" \/>\n\t<meta property=\"og:image:type\" content=\"image\/jpeg\" \/>\n<meta name=\"twitter:card\" content=\"summary_large_image\" \/>\n<meta name=\"twitter:label1\" content=\"Tiempo de lectura\" \/>\n\t<meta name=\"twitter:data1\" content=\"2 minutos\" \/>\n<script type=\"application\/ld+json\" class=\"yoast-schema-graph\">{\"@context\":\"https:\\\/\\\/schema.org\",\"@graph\":[{\"@type\":\"WebPage\",\"@id\":\"https:\\\/\\\/bibp.pl\\\/es\\\/sobre-nosotros\\\/newsroom\\\/\",\"url\":\"https:\\\/\\\/bibp.pl\\\/es\\\/sobre-nosotros\\\/newsroom\\\/\",\"name\":\"Newsroom - Worki bag in box BIBP\",\"isPartOf\":{\"@id\":\"https:\\\/\\\/bibp.pl\\\/es\\\/#website\"},\"primaryImageOfPage\":{\"@id\":\"https:\\\/\\\/bibp.pl\\\/es\\\/sobre-nosotros\\\/newsroom\\\/#primaryimage\"},\"image\":{\"@id\":\"https:\\\/\\\/bibp.pl\\\/es\\\/sobre-nosotros\\\/newsroom\\\/#primaryimage\"},\"thumbnailUrl\":\"https:\\\/\\\/bibp.pl\\\/wp-content\\\/uploads\\\/2020\\\/08\\\/shutterstock_1362634592-scaled-e1625634191205.jpg\",\"datePublished\":\"2020-10-09T10:42:04+00:00\",\"dateModified\":\"2021-07-07T07:49:00+00:00\",\"breadcrumb\":{\"@id\":\"https:\\\/\\\/bibp.pl\\\/es\\\/sobre-nosotros\\\/newsroom\\\/#breadcrumb\"},\"inLanguage\":\"es\",\"potentialAction\":[{\"@type\":\"ReadAction\",\"target\":[\"https:\\\/\\\/bibp.pl\\\/es\\\/sobre-nosotros\\\/newsroom\\\/\"]}]},{\"@type\":\"ImageObject\",\"inLanguage\":\"es\",\"@id\":\"https:\\\/\\\/bibp.pl\\\/es\\\/sobre-nosotros\\\/newsroom\\\/#primaryimage\",\"url\":\"https:\\\/\\\/bibp.pl\\\/wp-content\\\/uploads\\\/2020\\\/08\\\/shutterstock_1362634592-scaled-e1625634191205.jpg\",\"contentUrl\":\"https:\\\/\\\/bibp.pl\\\/wp-content\\\/uploads\\\/2020\\\/08\\\/shutterstock_1362634592-scaled-e1625634191205.jpg\",\"width\":2560,\"height\":1709},{\"@type\":\"BreadcrumbList\",\"@id\":\"https:\\\/\\\/bibp.pl\\\/es\\\/sobre-nosotros\\\/newsroom\\\/#breadcrumb\",\"itemListElement\":[{\"@type\":\"ListItem\",\"position\":1,\"name\":\"Strona g\u0142\u00f3wna\",\"item\":\"https:\\\/\\\/bibp.pl\\\/es\\\/\"},{\"@type\":\"ListItem\",\"position\":2,\"name\":\"SOBRE NOSOTROS\",\"item\":\"https:\\\/\\\/bibp.pl\\\/es\\\/sobre-nosotros\\\/\"},{\"@type\":\"ListItem\",\"position\":3,\"name\":\"Newsroom\"}]},{\"@type\":\"WebSite\",\"@id\":\"https:\\\/\\\/bibp.pl\\\/es\\\/#website\",\"url\":\"https:\\\/\\\/bibp.pl\\\/es\\\/\",\"name\":\"Worki bag in box BIBP\",\"description\":\"Kolejna witryna oparta na WordPressie\",\"potentialAction\":[{\"@type\":\"SearchAction\",\"target\":{\"@type\":\"EntryPoint\",\"urlTemplate\":\"https:\\\/\\\/bibp.pl\\\/es\\\/?s={search_term_string}\"},\"query-input\":{\"@type\":\"PropertyValueSpecification\",\"valueRequired\":true,\"valueName\":\"search_term_string\"}}],\"inLanguage\":\"es\"}]}<\/script>\n<!-- \/ Yoast SEO plugin. -->","yoast_head_json":{"title":"Newsroom - Worki bag in box BIBP","robots":{"index":"index","follow":"follow","max-snippet":"max-snippet:-1","max-image-preview":"max-image-preview:large","max-video-preview":"max-video-preview:-1"},"canonical":"https:\/\/bibp.pl\/es\/sobre-nosotros\/newsroom\/","og_locale":"es_ES","og_type":"article","og_title":"Newsroom - Worki bag in box BIBP","og_description":"En esta pesta\u00f1a encontrar\u00e1 informaci\u00f3n b\u00e1sica sobre Bag in Box Poland, archivos y fotos para descargar, as\u00ed como nuestro bolet\u00edn de noticias.\u00a0 Acerca de Bag in Box Poland Desarrollamos y producimos innovadores bolsas Bag in Box, envases flexibles de barrera y bolsas as\u00e9pticas con capacidad de 2 a 220 litros. Adem\u00e1s de los productos de [&hellip;]","og_url":"https:\/\/bibp.pl\/es\/sobre-nosotros\/newsroom\/","og_site_name":"Worki bag in box BIBP","article_modified_time":"2021-07-07T07:49:00+00:00","og_image":[{"width":2560,"height":1709,"url":"https:\/\/bibp.pl\/wp-content\/uploads\/2020\/08\/shutterstock_1362634592-scaled-e1625634191205.jpg","type":"image\/jpeg"}],"twitter_card":"summary_large_image","twitter_misc":{"Tiempo de lectura":"2 minutos"},"schema":{"@context":"https:\/\/schema.org","@graph":[{"@type":"WebPage","@id":"https:\/\/bibp.pl\/es\/sobre-nosotros\/newsroom\/","url":"https:\/\/bibp.pl\/es\/sobre-nosotros\/newsroom\/","name":"Newsroom - Worki bag in box BIBP","isPartOf":{"@id":"https:\/\/bibp.pl\/es\/#website"},"primaryImageOfPage":{"@id":"https:\/\/bibp.pl\/es\/sobre-nosotros\/newsroom\/#primaryimage"},"image":{"@id":"https:\/\/bibp.pl\/es\/sobre-nosotros\/newsroom\/#primaryimage"},"thumbnailUrl":"https:\/\/bibp.pl\/wp-content\/uploads\/2020\/08\/shutterstock_1362634592-scaled-e1625634191205.jpg","datePublished":"2020-10-09T10:42:04+00:00","dateModified":"2021-07-07T07:49:00+00:00","breadcrumb":{"@id":"https:\/\/bibp.pl\/es\/sobre-nosotros\/newsroom\/#breadcrumb"},"inLanguage":"es","potentialAction":[{"@type":"ReadAction","target":["https:\/\/bibp.pl\/es\/sobre-nosotros\/newsroom\/"]}]},{"@type":"ImageObject","inLanguage":"es","@id":"https:\/\/bibp.pl\/es\/sobre-nosotros\/newsroom\/#primaryimage","url":"https:\/\/bibp.pl\/wp-content\/uploads\/2020\/08\/shutterstock_1362634592-scaled-e1625634191205.jpg","contentUrl":"https:\/\/bibp.pl\/wp-content\/uploads\/2020\/08\/shutterstock_1362634592-scaled-e1625634191205.jpg","width":2560,"height":1709},{"@type":"BreadcrumbList","@id":"https:\/\/bibp.pl\/es\/sobre-nosotros\/newsroom\/#breadcrumb","itemListElement":[{"@type":"ListItem","position":1,"name":"Strona g\u0142\u00f3wna","item":"https:\/\/bibp.pl\/es\/"},{"@type":"ListItem","position":2,"name":"SOBRE NOSOTROS","item":"https:\/\/bibp.pl\/es\/sobre-nosotros\/"},{"@type":"ListItem","position":3,"name":"Newsroom"}]},{"@type":"WebSite","@id":"https:\/\/bibp.pl\/es\/#website","url":"https:\/\/bibp.pl\/es\/","name":"Worki bag in box BIBP","description":"Kolejna witryna oparta na WordPressie","potentialAction":[{"@type":"SearchAction","target":{"@type":"EntryPoint","urlTemplate":"https:\/\/bibp.pl\/es\/?s={search_term_string}"},"query-input":{"@type":"PropertyValueSpecification","valueRequired":true,"valueName":"search_term_string"}}],"inLanguage":"es"}]}},"_links":{"self":[{"href":"https:\/\/bibp.pl\/es\/wp-json\/wp\/v2\/pages\/5506","targetHints":{"allow":["GET"]}}],"collection":[{"href":"https:\/\/bibp.pl\/es\/wp-json\/wp\/v2\/pages"}],"about":[{"href":"https:\/\/bibp.pl\/es\/wp-json\/wp\/v2\/types\/page"}],"author":[{"embeddable":true,"href":"https:\/\/bibp.pl\/es\/wp-json\/wp\/v2\/users\/3"}],"replies":[{"embeddable":true,"href":"https:\/\/bibp.pl\/es\/wp-json\/wp\/v2\/comments?post=5506"}],"version-history":[{"count":9,"href":"https:\/\/bibp.pl\/es\/wp-json\/wp\/v2\/pages\/5506\/revisions"}],"predecessor-version":[{"id":10365,"href":"https:\/\/bibp.pl\/es\/wp-json\/wp\/v2\/pages\/5506\/revisions\/10365"}],"up":[{"embeddable":true,"href":"https:\/\/bibp.pl\/es\/wp-json\/wp\/v2\/pages\/2161"}],"wp:featuredmedia":[{"embeddable":true,"href":"https:\/\/bibp.pl\/es\/wp-json\/wp\/v2\/media\/1679"}],"wp:attachment":[{"href":"https:\/\/bibp.pl\/es\/wp-json\/wp\/v2\/media?parent=5506"}],"curies":[{"name":"wp","href":"https:\/\/api.w.org\/{rel}","templated":true}]}}