{"id":2342,"date":"2020-09-25T10:01:03","date_gmt":"2020-09-25T08:01:03","guid":{"rendered":"https:\/\/bibp.pl\/?page_id=2342"},"modified":"2021-03-10T13:44:41","modified_gmt":"2021-03-10T12:44:41","slug":"dsfggdg","status":"publish","type":"page","link":"https:\/\/bibp.pl\/fr\/dsfggdg\/","title":{"rendered":"CENTRE DE RECHERCHE ET DE D\u00c9VELOPPEMENT"},"content":{"rendered":"<h2><strong>Notre Centre de Recherche et D\u00e9veloppement est une \u00e9quipe de sp\u00e9cialistes exceptionnels. Nous les avons cr\u00e9\u00e9s pour am\u00e9liorer le processus de production des sacs en carton. Depuis 2017, elle nous donne la possibilit\u00e9 de mener nos propres recherches et de mettre en \u0153uvre des solutions innovantes. Chaque jour, nous travaillons sur de nouvelles solutions qui verront le jour dans le futur.<\/strong><\/h2>\n<p><img loading=\"lazy\" decoding=\"async\" class=\"alignnone wp-image-5372\" src=\"https:\/\/bibp.pl\/wp-content\/uploads\/2020\/09\/cele_FR-1024x319.png\" alt=\"\" width=\"463\" height=\"145\" srcset=\"https:\/\/bibp.pl\/wp-content\/uploads\/2020\/09\/cele_FR-1024x319.png 1024w, https:\/\/bibp.pl\/wp-content\/uploads\/2020\/09\/cele_FR-300x93.png 300w, https:\/\/bibp.pl\/wp-content\/uploads\/2020\/09\/cele_FR-768x239.png 768w, https:\/\/bibp.pl\/wp-content\/uploads\/2020\/09\/cele_FR-1536x478.png 1536w, https:\/\/bibp.pl\/wp-content\/uploads\/2020\/09\/cele_FR.png 1920w\" sizes=\"auto, (max-width: 463px) 100vw, 463px\" \/><\/p>\n<ul>\n<li><strong><span style=\"color: #008000;\">d\u00e9veloppement de nouveaux produits<\/span><\/strong>, y compris des concepts d&#8217;emballage, mais aussi des moyens d&rsquo;appliquer des fluides \u00e0 haute viscosit\u00e9 sur mesure afin qu&rsquo;ils puissent \u00eatre utilis\u00e9s dans des emballages Bag in Box,<\/li>\n<li><strong><span style=\"color: #008000;\">un processus innovant decontr\u00f4le de la qualit\u00e9<\/span><\/strong>, gr\u00e2ce \u00e0 la cr\u00e9ation de m\u00e9thodes qui permettent d&rsquo;identifier et d&rsquo;\u00e9liminer efficacement les rencontr\u00e9s dans la production actuelle,<\/li>\n<li><strong><span style=\"color: #008000;\">conseil technologique pour les clientsqui<\/span><\/strong> commencent la production en utilisant des emballages Bag in Box pour les aider \u00e0 adapter le processus technologique.<\/li>\n<\/ul>\n<hr \/>\n<p><img loading=\"lazy\" decoding=\"async\" class=\"alignnone wp-image-5379\" src=\"https:\/\/bibp.pl\/wp-content\/uploads\/2020\/09\/osiagniecia_FR-1024x319.png\" alt=\"\" width=\"470\" height=\"146\" srcset=\"https:\/\/bibp.pl\/wp-content\/uploads\/2020\/09\/osiagniecia_FR-1024x319.png 1024w, https:\/\/bibp.pl\/wp-content\/uploads\/2020\/09\/osiagniecia_FR-300x93.png 300w, https:\/\/bibp.pl\/wp-content\/uploads\/2020\/09\/osiagniecia_FR-768x239.png 768w, https:\/\/bibp.pl\/wp-content\/uploads\/2020\/09\/osiagniecia_FR-1536x478.png 1536w, https:\/\/bibp.pl\/wp-content\/uploads\/2020\/09\/osiagniecia_FR.png 1920w\" sizes=\"auto, (max-width: 470px) 100vw, 470px\" \/><\/p>\n<h3>Gr\u00e2ce \u00e0 la cr\u00e9ation du Centre de Recherche et D\u00e9veloppement, nous avons pu d\u00e9velopper et introduire de nouveaux produits et technologies sur le march\u00e9. Nos r\u00e9alisations les plus importantes comprennent:<\/h3>\n<p><strong>Conception et production <span style=\"color: #008000;\">de sacs de 220l<\/span><\/strong><br \/>\nNous avons cr\u00e9\u00e9 ce produit dans son int\u00e9gralit\u00e9 &#8211; de la conception et du lancement de la production \u00e0 la vente et \u00e0 la distribution &#8211; l&rsquo;ampleur de ce projet est unique \u00e0 l&rsquo;\u00e9chelle polonaise. Pour ce faire, nous avons \u00e9tabli une coop\u00e9ration avec les fournisseurs appropri\u00e9s de certaines mati\u00e8res premi\u00e8res et, en d\u00e9veloppant des m\u00e9thodes de contr\u00f4le de la qualit\u00e9 appropri\u00e9es, nous avons stabilis\u00e9 le processus de production. Cela nous a permis de livrer le m\u00eame bon produit avec chaque lot suivant. Les sacs de 220 litres ont \u00e9t\u00e9 fabriqu\u00e9s en 4 variantes : haute effet barri\u00e8re, effet barri\u00e8re standard, sacs transparents pour le remplissage \u00e0 chaud et sacs de cong\u00e9lation.<\/p>\n<p><strong>Conception et fabrication <span style=\"color: #008000;\">de sacs de cong\u00e9lation<\/span><\/strong><br \/>\nCe type de sacs est utilis\u00e9 pour l&#8217;embouteillage du lait, de produits tels que les masses d&rsquo;\u0153ufs et certains concentr\u00e9s alimentaires. Nous produisons ces sacs \u00e0 partir de films sp\u00e9cialement s\u00e9lectionn\u00e9s, gr\u00e2ce auxquels ils peuvent r\u00e9sister \u00e0 une cong\u00e9lation dans la plage de -20\u00b0C\/-30\u00b0C. Nous les avons cr\u00e9\u00e9s dans les capacit\u00e9s : 5l, 10l, 20l et 220l.<\/p>\n<p><span style=\"color: #008000;\"><strong>Cr\u00e9ation de la technologie de fabrication dans le syst\u00e8me Ultra Clean<\/strong><br \/>\n<\/span>La nouvelle ligne de production a permis de cr\u00e9er des sacs d&rsquo;une classe de puret\u00e9 plus \u00e9lev\u00e9e afin de garantir une plus grande s\u00e9curit\u00e9 du remplissage aseptique. Cette garantie peut \u00eatre obtenue en utilisant la st\u00e9rilisation par radiation.<\/p>\n<hr \/>\n<p><img loading=\"lazy\" decoding=\"async\" class=\"alignnone wp-image-5385\" src=\"https:\/\/bibp.pl\/wp-content\/uploads\/2020\/09\/plany_FR-1024x319.png\" alt=\"\" width=\"460\" height=\"143\" srcset=\"https:\/\/bibp.pl\/wp-content\/uploads\/2020\/09\/plany_FR-1024x319.png 1024w, https:\/\/bibp.pl\/wp-content\/uploads\/2020\/09\/plany_FR-300x93.png 300w, https:\/\/bibp.pl\/wp-content\/uploads\/2020\/09\/plany_FR-768x239.png 768w, https:\/\/bibp.pl\/wp-content\/uploads\/2020\/09\/plany_FR-1536x478.png 1536w, https:\/\/bibp.pl\/wp-content\/uploads\/2020\/09\/plany_FR.png 1920w\" sizes=\"auto, (max-width: 460px) 100vw, 460px\" \/><\/p>\n<h3>Nous voulons continuer \u00e0 am\u00e9liorer le processus de production et \u00e0 introduire des solutions innovantes.<\/h3>\n<p><strong><span style=\"color: #008000;\">Mat\u00e9riaux \u00e9cologiques<br \/>\n<\/span><\/strong><span style=\"color: #008000;\"><span style=\"color: #000000;\">Dans un souci de l&rsquo;environnement, nous travaillons sur des mat\u00e9riaux recyclables et r\u00e9duisons ceux qui ne sont pas adapt\u00e9s \u00e0 la s\u00e9gr\u00e9gation. Nous nous effor\u00e7ons de remplacer les films multi-mat\u00e9riaux et m\u00e9tallis\u00e9s par des films de composition diff\u00e9rente, mais aux propri\u00e9t\u00e9s m\u00e9caniques similaires.<\/span><\/span><strong><span style=\"color: #008000;\"><br \/>\n<\/span><\/strong><\/p>\n","protected":false},"excerpt":{"rendered":"<p>Notre Centre de Recherche et D\u00e9veloppement est une \u00e9quipe de sp\u00e9cialistes exceptionnels. Nous les avons cr\u00e9\u00e9s pour am\u00e9liorer le processus de production des sacs en carton. Depuis 2017, elle nous donne la possibilit\u00e9 de mener nos propres recherches et de mettre en \u0153uvre des solutions innovantes. Chaque jour, nous travaillons sur de nouvelles solutions qui [&hellip;]<\/p>\n","protected":false},"author":3,"featured_media":1764,"parent":0,"menu_order":0,"comment_status":"closed","ping_status":"closed","template":"page__center.php","meta":{"_acf_changed":false,"footnotes":""},"class_list":["post-2342","page","type-page","status-publish","has-post-thumbnail","hentry"],"acf":[],"yoast_head":"<!-- This site is optimized with the Yoast SEO plugin v27.4 - https:\/\/yoast.com\/product\/yoast-seo-wordpress\/ -->\n<title>CENTRE DE RECHERCHE ET DE D\u00c9VELOPPEMENT - Worki bag in box BIBP<\/title>\n<meta name=\"robots\" content=\"index, follow, max-snippet:-1, max-image-preview:large, max-video-preview:-1\" \/>\n<link rel=\"canonical\" href=\"https:\/\/bibp.pl\/fr\/dsfggdg\/\" \/>\n<meta property=\"og:locale\" content=\"fr_FR\" \/>\n<meta property=\"og:type\" content=\"article\" \/>\n<meta property=\"og:title\" content=\"CENTRE DE RECHERCHE ET DE D\u00c9VELOPPEMENT - Worki bag in box BIBP\" \/>\n<meta property=\"og:description\" content=\"Notre Centre de Recherche et D\u00e9veloppement est une \u00e9quipe de sp\u00e9cialistes exceptionnels. Nous les avons cr\u00e9\u00e9s pour am\u00e9liorer le processus de production des sacs en carton. Depuis 2017, elle nous donne la possibilit\u00e9 de mener nos propres recherches et de mettre en \u0153uvre des solutions innovantes. Chaque jour, nous travaillons sur de nouvelles solutions qui [&hellip;]\" \/>\n<meta property=\"og:url\" content=\"https:\/\/bibp.pl\/fr\/dsfggdg\/\" \/>\n<meta property=\"og:site_name\" content=\"Worki bag in box BIBP\" \/>\n<meta property=\"article:modified_time\" content=\"2021-03-10T12:44:41+00:00\" \/>\n<meta property=\"og:image\" content=\"https:\/\/bibp.pl\/wp-content\/uploads\/2020\/08\/08-20_BIBP_cbr_01.png\" \/>\n\t<meta property=\"og:image:width\" content=\"2500\" \/>\n\t<meta property=\"og:image:height\" content=\"362\" \/>\n\t<meta property=\"og:image:type\" content=\"image\/png\" \/>\n<meta name=\"twitter:card\" content=\"summary_large_image\" \/>\n<meta name=\"twitter:label1\" content=\"Dur\u00e9e de lecture estim\u00e9e\" \/>\n\t<meta name=\"twitter:data1\" content=\"3 minutes\" \/>\n<script type=\"application\/ld+json\" class=\"yoast-schema-graph\">{\"@context\":\"https:\\\/\\\/schema.org\",\"@graph\":[{\"@type\":\"WebPage\",\"@id\":\"https:\\\/\\\/bibp.pl\\\/fr\\\/dsfggdg\\\/\",\"url\":\"https:\\\/\\\/bibp.pl\\\/fr\\\/dsfggdg\\\/\",\"name\":\"CENTRE DE RECHERCHE ET DE D\u00c9VELOPPEMENT - Worki bag in box BIBP\",\"isPartOf\":{\"@id\":\"https:\\\/\\\/bibp.pl\\\/fr\\\/#website\"},\"primaryImageOfPage\":{\"@id\":\"https:\\\/\\\/bibp.pl\\\/fr\\\/dsfggdg\\\/#primaryimage\"},\"image\":{\"@id\":\"https:\\\/\\\/bibp.pl\\\/fr\\\/dsfggdg\\\/#primaryimage\"},\"thumbnailUrl\":\"https:\\\/\\\/bibp.pl\\\/wp-content\\\/uploads\\\/2020\\\/08\\\/08-20_BIBP_cbr_01.png\",\"datePublished\":\"2020-09-25T08:01:03+00:00\",\"dateModified\":\"2021-03-10T12:44:41+00:00\",\"breadcrumb\":{\"@id\":\"https:\\\/\\\/bibp.pl\\\/fr\\\/dsfggdg\\\/#breadcrumb\"},\"inLanguage\":\"fr-FR\",\"potentialAction\":[{\"@type\":\"ReadAction\",\"target\":[\"https:\\\/\\\/bibp.pl\\\/fr\\\/dsfggdg\\\/\"]}]},{\"@type\":\"ImageObject\",\"inLanguage\":\"fr-FR\",\"@id\":\"https:\\\/\\\/bibp.pl\\\/fr\\\/dsfggdg\\\/#primaryimage\",\"url\":\"https:\\\/\\\/bibp.pl\\\/wp-content\\\/uploads\\\/2020\\\/08\\\/08-20_BIBP_cbr_01.png\",\"contentUrl\":\"https:\\\/\\\/bibp.pl\\\/wp-content\\\/uploads\\\/2020\\\/08\\\/08-20_BIBP_cbr_01.png\",\"width\":2500,\"height\":362,\"caption\":\"Our Research and Development Centre\"},{\"@type\":\"BreadcrumbList\",\"@id\":\"https:\\\/\\\/bibp.pl\\\/fr\\\/dsfggdg\\\/#breadcrumb\",\"itemListElement\":[{\"@type\":\"ListItem\",\"position\":1,\"name\":\"Strona g\u0142\u00f3wna\",\"item\":\"https:\\\/\\\/bibp.pl\\\/fr\\\/\"},{\"@type\":\"ListItem\",\"position\":2,\"name\":\"CENTRE DE RECHERCHE ET DE D\u00c9VELOPPEMENT\"}]},{\"@type\":\"WebSite\",\"@id\":\"https:\\\/\\\/bibp.pl\\\/fr\\\/#website\",\"url\":\"https:\\\/\\\/bibp.pl\\\/fr\\\/\",\"name\":\"Worki bag in box BIBP\",\"description\":\"Kolejna witryna oparta na WordPressie\",\"potentialAction\":[{\"@type\":\"SearchAction\",\"target\":{\"@type\":\"EntryPoint\",\"urlTemplate\":\"https:\\\/\\\/bibp.pl\\\/fr\\\/?s={search_term_string}\"},\"query-input\":{\"@type\":\"PropertyValueSpecification\",\"valueRequired\":true,\"valueName\":\"search_term_string\"}}],\"inLanguage\":\"fr-FR\"}]}<\/script>\n<!-- \/ Yoast SEO plugin. -->","yoast_head_json":{"title":"CENTRE DE RECHERCHE ET DE D\u00c9VELOPPEMENT - Worki bag in box BIBP","robots":{"index":"index","follow":"follow","max-snippet":"max-snippet:-1","max-image-preview":"max-image-preview:large","max-video-preview":"max-video-preview:-1"},"canonical":"https:\/\/bibp.pl\/fr\/dsfggdg\/","og_locale":"fr_FR","og_type":"article","og_title":"CENTRE DE RECHERCHE ET DE D\u00c9VELOPPEMENT - Worki bag in box BIBP","og_description":"Notre Centre de Recherche et D\u00e9veloppement est une \u00e9quipe de sp\u00e9cialistes exceptionnels. Nous les avons cr\u00e9\u00e9s pour am\u00e9liorer le processus de production des sacs en carton. Depuis 2017, elle nous donne la possibilit\u00e9 de mener nos propres recherches et de mettre en \u0153uvre des solutions innovantes. Chaque jour, nous travaillons sur de nouvelles solutions qui [&hellip;]","og_url":"https:\/\/bibp.pl\/fr\/dsfggdg\/","og_site_name":"Worki bag in box BIBP","article_modified_time":"2021-03-10T12:44:41+00:00","og_image":[{"width":2500,"height":362,"url":"https:\/\/bibp.pl\/wp-content\/uploads\/2020\/08\/08-20_BIBP_cbr_01.png","type":"image\/png"}],"twitter_card":"summary_large_image","twitter_misc":{"Dur\u00e9e de lecture estim\u00e9e":"3 minutes"},"schema":{"@context":"https:\/\/schema.org","@graph":[{"@type":"WebPage","@id":"https:\/\/bibp.pl\/fr\/dsfggdg\/","url":"https:\/\/bibp.pl\/fr\/dsfggdg\/","name":"CENTRE DE RECHERCHE ET DE D\u00c9VELOPPEMENT - Worki bag in box BIBP","isPartOf":{"@id":"https:\/\/bibp.pl\/fr\/#website"},"primaryImageOfPage":{"@id":"https:\/\/bibp.pl\/fr\/dsfggdg\/#primaryimage"},"image":{"@id":"https:\/\/bibp.pl\/fr\/dsfggdg\/#primaryimage"},"thumbnailUrl":"https:\/\/bibp.pl\/wp-content\/uploads\/2020\/08\/08-20_BIBP_cbr_01.png","datePublished":"2020-09-25T08:01:03+00:00","dateModified":"2021-03-10T12:44:41+00:00","breadcrumb":{"@id":"https:\/\/bibp.pl\/fr\/dsfggdg\/#breadcrumb"},"inLanguage":"fr-FR","potentialAction":[{"@type":"ReadAction","target":["https:\/\/bibp.pl\/fr\/dsfggdg\/"]}]},{"@type":"ImageObject","inLanguage":"fr-FR","@id":"https:\/\/bibp.pl\/fr\/dsfggdg\/#primaryimage","url":"https:\/\/bibp.pl\/wp-content\/uploads\/2020\/08\/08-20_BIBP_cbr_01.png","contentUrl":"https:\/\/bibp.pl\/wp-content\/uploads\/2020\/08\/08-20_BIBP_cbr_01.png","width":2500,"height":362,"caption":"Our Research and Development Centre"},{"@type":"BreadcrumbList","@id":"https:\/\/bibp.pl\/fr\/dsfggdg\/#breadcrumb","itemListElement":[{"@type":"ListItem","position":1,"name":"Strona g\u0142\u00f3wna","item":"https:\/\/bibp.pl\/fr\/"},{"@type":"ListItem","position":2,"name":"CENTRE DE RECHERCHE ET DE D\u00c9VELOPPEMENT"}]},{"@type":"WebSite","@id":"https:\/\/bibp.pl\/fr\/#website","url":"https:\/\/bibp.pl\/fr\/","name":"Worki bag in box BIBP","description":"Kolejna witryna oparta na WordPressie","potentialAction":[{"@type":"SearchAction","target":{"@type":"EntryPoint","urlTemplate":"https:\/\/bibp.pl\/fr\/?s={search_term_string}"},"query-input":{"@type":"PropertyValueSpecification","valueRequired":true,"valueName":"search_term_string"}}],"inLanguage":"fr-FR"}]}},"_links":{"self":[{"href":"https:\/\/bibp.pl\/fr\/wp-json\/wp\/v2\/pages\/2342","targetHints":{"allow":["GET"]}}],"collection":[{"href":"https:\/\/bibp.pl\/fr\/wp-json\/wp\/v2\/pages"}],"about":[{"href":"https:\/\/bibp.pl\/fr\/wp-json\/wp\/v2\/types\/page"}],"author":[{"embeddable":true,"href":"https:\/\/bibp.pl\/fr\/wp-json\/wp\/v2\/users\/3"}],"replies":[{"embeddable":true,"href":"https:\/\/bibp.pl\/fr\/wp-json\/wp\/v2\/comments?post=2342"}],"version-history":[{"count":8,"href":"https:\/\/bibp.pl\/fr\/wp-json\/wp\/v2\/pages\/2342\/revisions"}],"predecessor-version":[{"id":9819,"href":"https:\/\/bibp.pl\/fr\/wp-json\/wp\/v2\/pages\/2342\/revisions\/9819"}],"wp:featuredmedia":[{"embeddable":true,"href":"https:\/\/bibp.pl\/fr\/wp-json\/wp\/v2\/media\/1764"}],"wp:attachment":[{"href":"https:\/\/bibp.pl\/fr\/wp-json\/wp\/v2\/media?parent=2342"}],"curies":[{"name":"wp","href":"https:\/\/api.w.org\/{rel}","templated":true}]}}