{"id":5106,"date":"2020-09-28T14:21:48","date_gmt":"2020-09-28T12:21:48","guid":{"rendered":"https:\/\/bibp.pl\/?page_id=5106"},"modified":"2021-03-10T13:49:31","modified_gmt":"2021-03-10T12:49:31","slug":"conseils-aux-entreprises","status":"publish","type":"page","link":"https:\/\/bibp.pl\/fr\/conseils-aux-entreprises\/","title":{"rendered":"CONSEILS AUX ENTREPRISES"},"content":{"rendered":"<h2>Notre conseil technologique comprend un soutien \u00e0 toutes les \u00e9tapes du processus de production. Sa forme et sa port\u00e9e sont adapt\u00e9es aux besoins de chaque client.<\/h2>\n<p>Nous fournissons \u00e0 nos clients non seulement des emballages innovants et de haute qualit\u00e9, mais \u00e9galement des <span style=\"color: #339966;\"><strong>connaissances<\/strong><\/span> sur la mani\u00e8re de d\u00e9marrer un processus de production efficace en utilisant ce mat\u00e9riau. Notre objectif est de vous aider \u00e0 \u00e9liminer les erreurs survenant lors de la phase de remplissage, de stockage ou de transport. Nous s\u00e9lectionnons aussi l&#8217;emballage adapt\u00e9 aux besoins du client, afin que chacun obtienne un produit qui pr\u00e9sente les caract\u00e9ristiques d\u00e9di\u00e9es \u00e0 l&rsquo;application tout en maintenant un prix attractif.<\/p>\n<hr \/>\n<h3><strong>\u00c0 qui s&rsquo;adresse le conseil technologie?<\/strong><\/h3>\n<p>Nos conseils sont disponibles <strong><span style=\"color: #339966;\">pour tout le monde.<\/span><\/strong> Nous invitons les petites et grandes entreprises \u00e0 nous contacter Nous adaptons le niveau de conseil aux besoins et attentes de nos clients &#8211; nous les r\u00e9alisons sous la forme d&rsquo;une conversation t\u00e9l\u00e9phonique ainsi que de consultations plus compliqu\u00e9es, pour lesquelles nous formons toute l&rsquo;\u00e9quipe de conception. En collaboration avec le client, nous nous occupons de toutes les \u00e9tapes du processus de production et de distribution. En cas de probl\u00e8me, nous en analysons la cause et nous l&rsquo;excluons afin que tout se passe bien et que le client soit pleinement satisfait.<\/p>\n<hr \/>\n<h3><strong>Pourquoi?<\/strong><\/h3>\n<p>L&rsquo;entreprise qui participera \u00e0 ces consultations pourra d\u00e9marrer son <strong><span style=\"color: #339966;\">processus de production plus rapidement.<\/span><\/strong> La conception conjointe du processus de conditionnement, d&#8217;embouteillage et de distribution raccourcit consid\u00e9rablement le processus d&rsquo;introduction sur le march\u00e9 et \u00e9limine les erreurs et les lacunes accidentelles. Gr\u00e2ce \u00e0 notre riche exp\u00e9rience, acquise aupr\u00e8s de petites et grandes entreprises sur le march\u00e9 polonais et europ\u00e9en, nous pouvons proposer des solutions concr\u00e8tes et \u00e9prouv\u00e9es.<\/p>\n<hr \/>\n<h3><strong>Cours de formation<\/strong><\/h3>\n<p>Pendant les cours de formation que nous organisons, nous discutons avec les sp\u00e9cialistes invit\u00e9s <strong><span style=\"color: #339966;\">des\u00a0possibilit\u00e9s et des perspectivesde<\/span><\/strong> l&#8217;emballage Bag in Box. Un exemple d&rsquo;un tel \u00e9v\u00e9nement peut \u00eatre une r\u00e9union, qui pour les petites et moyennes entreprises produisant des jus de type NFC s&rsquo;est tenue \u00e0 Katowice. Environ 25 entreprises ont particip\u00e9 \u00e0 cette conf\u00e9rence, qui s&rsquo;est d\u00e9roul\u00e9e pendant deux jours dans le cadre de quatre groupes de discussion dirig\u00e9s par nos sp\u00e9cialistes, ainsi que par le prof. Maria Chmiel du D\u00e9partement de Microbiologie de l&rsquo;Universit\u00e9 d&rsquo;Agriculture.<\/p>\n","protected":false},"excerpt":{"rendered":"<p>Notre conseil technologique comprend un soutien \u00e0 toutes les \u00e9tapes du processus de production. Sa forme et sa port\u00e9e sont adapt\u00e9es aux besoins de chaque client. Nous fournissons \u00e0 nos clients non seulement des emballages innovants et de haute qualit\u00e9, mais \u00e9galement des connaissances sur la mani\u00e8re de d\u00e9marrer un processus de production efficace en [&hellip;]<\/p>\n","protected":false},"author":3,"featured_media":1686,"parent":0,"menu_order":0,"comment_status":"closed","ping_status":"closed","template":"page__consulting.php","meta":{"_acf_changed":false,"footnotes":""},"class_list":["post-5106","page","type-page","status-publish","has-post-thumbnail","hentry"],"acf":[],"yoast_head":"<!-- This site is optimized with the Yoast SEO plugin v27.4 - https:\/\/yoast.com\/product\/yoast-seo-wordpress\/ -->\n<title>CONSEILS AUX ENTREPRISES - Worki bag in box BIBP<\/title>\n<meta name=\"robots\" content=\"index, follow, max-snippet:-1, max-image-preview:large, max-video-preview:-1\" \/>\n<link rel=\"canonical\" href=\"https:\/\/bibp.pl\/fr\/conseils-aux-entreprises\/\" \/>\n<meta property=\"og:locale\" content=\"fr_FR\" \/>\n<meta property=\"og:type\" content=\"article\" \/>\n<meta property=\"og:title\" content=\"CONSEILS AUX ENTREPRISES - Worki bag in box BIBP\" \/>\n<meta property=\"og:description\" content=\"Notre conseil technologique comprend un soutien \u00e0 toutes les \u00e9tapes du processus de production. Sa forme et sa port\u00e9e sont adapt\u00e9es aux besoins de chaque client. Nous fournissons \u00e0 nos clients non seulement des emballages innovants et de haute qualit\u00e9, mais \u00e9galement des connaissances sur la mani\u00e8re de d\u00e9marrer un processus de production efficace en [&hellip;]\" \/>\n<meta property=\"og:url\" content=\"https:\/\/bibp.pl\/fr\/conseils-aux-entreprises\/\" \/>\n<meta property=\"og:site_name\" content=\"Worki bag in box BIBP\" \/>\n<meta property=\"article:modified_time\" content=\"2021-03-10T12:49:31+00:00\" \/>\n<meta property=\"og:image\" content=\"https:\/\/bibp.pl\/wp-content\/uploads\/2020\/08\/shutterstock_1166284138-scaled.jpg\" \/>\n\t<meta property=\"og:image:width\" content=\"2560\" \/>\n\t<meta property=\"og:image:height\" content=\"1699\" \/>\n\t<meta property=\"og:image:type\" content=\"image\/jpeg\" \/>\n<meta name=\"twitter:card\" content=\"summary_large_image\" \/>\n<meta name=\"twitter:label1\" content=\"Dur\u00e9e de lecture estim\u00e9e\" \/>\n\t<meta name=\"twitter:data1\" content=\"2 minutes\" \/>\n<script type=\"application\/ld+json\" class=\"yoast-schema-graph\">{\"@context\":\"https:\\\/\\\/schema.org\",\"@graph\":[{\"@type\":\"WebPage\",\"@id\":\"https:\\\/\\\/bibp.pl\\\/fr\\\/conseils-aux-entreprises\\\/\",\"url\":\"https:\\\/\\\/bibp.pl\\\/fr\\\/conseils-aux-entreprises\\\/\",\"name\":\"CONSEILS AUX ENTREPRISES - Worki bag in box BIBP\",\"isPartOf\":{\"@id\":\"https:\\\/\\\/bibp.pl\\\/fr\\\/#website\"},\"primaryImageOfPage\":{\"@id\":\"https:\\\/\\\/bibp.pl\\\/fr\\\/conseils-aux-entreprises\\\/#primaryimage\"},\"image\":{\"@id\":\"https:\\\/\\\/bibp.pl\\\/fr\\\/conseils-aux-entreprises\\\/#primaryimage\"},\"thumbnailUrl\":\"https:\\\/\\\/bibp.pl\\\/wp-content\\\/uploads\\\/2020\\\/08\\\/shutterstock_1166284138-scaled.jpg\",\"datePublished\":\"2020-09-28T12:21:48+00:00\",\"dateModified\":\"2021-03-10T12:49:31+00:00\",\"breadcrumb\":{\"@id\":\"https:\\\/\\\/bibp.pl\\\/fr\\\/conseils-aux-entreprises\\\/#breadcrumb\"},\"inLanguage\":\"fr-FR\",\"potentialAction\":[{\"@type\":\"ReadAction\",\"target\":[\"https:\\\/\\\/bibp.pl\\\/fr\\\/conseils-aux-entreprises\\\/\"]}]},{\"@type\":\"ImageObject\",\"inLanguage\":\"fr-FR\",\"@id\":\"https:\\\/\\\/bibp.pl\\\/fr\\\/conseils-aux-entreprises\\\/#primaryimage\",\"url\":\"https:\\\/\\\/bibp.pl\\\/wp-content\\\/uploads\\\/2020\\\/08\\\/shutterstock_1166284138-scaled.jpg\",\"contentUrl\":\"https:\\\/\\\/bibp.pl\\\/wp-content\\\/uploads\\\/2020\\\/08\\\/shutterstock_1166284138-scaled.jpg\",\"width\":2560,\"height\":1699},{\"@type\":\"BreadcrumbList\",\"@id\":\"https:\\\/\\\/bibp.pl\\\/fr\\\/conseils-aux-entreprises\\\/#breadcrumb\",\"itemListElement\":[{\"@type\":\"ListItem\",\"position\":1,\"name\":\"Strona g\u0142\u00f3wna\",\"item\":\"https:\\\/\\\/bibp.pl\\\/fr\\\/\"},{\"@type\":\"ListItem\",\"position\":2,\"name\":\"CONSEILS AUX ENTREPRISES\"}]},{\"@type\":\"WebSite\",\"@id\":\"https:\\\/\\\/bibp.pl\\\/fr\\\/#website\",\"url\":\"https:\\\/\\\/bibp.pl\\\/fr\\\/\",\"name\":\"Worki bag in box BIBP\",\"description\":\"Kolejna witryna oparta na WordPressie\",\"potentialAction\":[{\"@type\":\"SearchAction\",\"target\":{\"@type\":\"EntryPoint\",\"urlTemplate\":\"https:\\\/\\\/bibp.pl\\\/fr\\\/?s={search_term_string}\"},\"query-input\":{\"@type\":\"PropertyValueSpecification\",\"valueRequired\":true,\"valueName\":\"search_term_string\"}}],\"inLanguage\":\"fr-FR\"}]}<\/script>\n<!-- \/ Yoast SEO plugin. -->","yoast_head_json":{"title":"CONSEILS AUX ENTREPRISES - Worki bag in box BIBP","robots":{"index":"index","follow":"follow","max-snippet":"max-snippet:-1","max-image-preview":"max-image-preview:large","max-video-preview":"max-video-preview:-1"},"canonical":"https:\/\/bibp.pl\/fr\/conseils-aux-entreprises\/","og_locale":"fr_FR","og_type":"article","og_title":"CONSEILS AUX ENTREPRISES - Worki bag in box BIBP","og_description":"Notre conseil technologique comprend un soutien \u00e0 toutes les \u00e9tapes du processus de production. Sa forme et sa port\u00e9e sont adapt\u00e9es aux besoins de chaque client. Nous fournissons \u00e0 nos clients non seulement des emballages innovants et de haute qualit\u00e9, mais \u00e9galement des connaissances sur la mani\u00e8re de d\u00e9marrer un processus de production efficace en [&hellip;]","og_url":"https:\/\/bibp.pl\/fr\/conseils-aux-entreprises\/","og_site_name":"Worki bag in box BIBP","article_modified_time":"2021-03-10T12:49:31+00:00","og_image":[{"width":2560,"height":1699,"url":"https:\/\/bibp.pl\/wp-content\/uploads\/2020\/08\/shutterstock_1166284138-scaled.jpg","type":"image\/jpeg"}],"twitter_card":"summary_large_image","twitter_misc":{"Dur\u00e9e de lecture estim\u00e9e":"2 minutes"},"schema":{"@context":"https:\/\/schema.org","@graph":[{"@type":"WebPage","@id":"https:\/\/bibp.pl\/fr\/conseils-aux-entreprises\/","url":"https:\/\/bibp.pl\/fr\/conseils-aux-entreprises\/","name":"CONSEILS AUX ENTREPRISES - Worki bag in box BIBP","isPartOf":{"@id":"https:\/\/bibp.pl\/fr\/#website"},"primaryImageOfPage":{"@id":"https:\/\/bibp.pl\/fr\/conseils-aux-entreprises\/#primaryimage"},"image":{"@id":"https:\/\/bibp.pl\/fr\/conseils-aux-entreprises\/#primaryimage"},"thumbnailUrl":"https:\/\/bibp.pl\/wp-content\/uploads\/2020\/08\/shutterstock_1166284138-scaled.jpg","datePublished":"2020-09-28T12:21:48+00:00","dateModified":"2021-03-10T12:49:31+00:00","breadcrumb":{"@id":"https:\/\/bibp.pl\/fr\/conseils-aux-entreprises\/#breadcrumb"},"inLanguage":"fr-FR","potentialAction":[{"@type":"ReadAction","target":["https:\/\/bibp.pl\/fr\/conseils-aux-entreprises\/"]}]},{"@type":"ImageObject","inLanguage":"fr-FR","@id":"https:\/\/bibp.pl\/fr\/conseils-aux-entreprises\/#primaryimage","url":"https:\/\/bibp.pl\/wp-content\/uploads\/2020\/08\/shutterstock_1166284138-scaled.jpg","contentUrl":"https:\/\/bibp.pl\/wp-content\/uploads\/2020\/08\/shutterstock_1166284138-scaled.jpg","width":2560,"height":1699},{"@type":"BreadcrumbList","@id":"https:\/\/bibp.pl\/fr\/conseils-aux-entreprises\/#breadcrumb","itemListElement":[{"@type":"ListItem","position":1,"name":"Strona g\u0142\u00f3wna","item":"https:\/\/bibp.pl\/fr\/"},{"@type":"ListItem","position":2,"name":"CONSEILS AUX ENTREPRISES"}]},{"@type":"WebSite","@id":"https:\/\/bibp.pl\/fr\/#website","url":"https:\/\/bibp.pl\/fr\/","name":"Worki bag in box BIBP","description":"Kolejna witryna oparta na WordPressie","potentialAction":[{"@type":"SearchAction","target":{"@type":"EntryPoint","urlTemplate":"https:\/\/bibp.pl\/fr\/?s={search_term_string}"},"query-input":{"@type":"PropertyValueSpecification","valueRequired":true,"valueName":"search_term_string"}}],"inLanguage":"fr-FR"}]}},"_links":{"self":[{"href":"https:\/\/bibp.pl\/fr\/wp-json\/wp\/v2\/pages\/5106","targetHints":{"allow":["GET"]}}],"collection":[{"href":"https:\/\/bibp.pl\/fr\/wp-json\/wp\/v2\/pages"}],"about":[{"href":"https:\/\/bibp.pl\/fr\/wp-json\/wp\/v2\/types\/page"}],"author":[{"embeddable":true,"href":"https:\/\/bibp.pl\/fr\/wp-json\/wp\/v2\/users\/3"}],"replies":[{"embeddable":true,"href":"https:\/\/bibp.pl\/fr\/wp-json\/wp\/v2\/comments?post=5106"}],"version-history":[{"count":6,"href":"https:\/\/bibp.pl\/fr\/wp-json\/wp\/v2\/pages\/5106\/revisions"}],"predecessor-version":[{"id":9821,"href":"https:\/\/bibp.pl\/fr\/wp-json\/wp\/v2\/pages\/5106\/revisions\/9821"}],"wp:featuredmedia":[{"embeddable":true,"href":"https:\/\/bibp.pl\/fr\/wp-json\/wp\/v2\/media\/1686"}],"wp:attachment":[{"href":"https:\/\/bibp.pl\/fr\/wp-json\/wp\/v2\/media?parent=5106"}],"curies":[{"name":"wp","href":"https:\/\/api.w.org\/{rel}","templated":true}]}}