{"id":5117,"date":"2020-09-28T14:40:18","date_gmt":"2020-09-28T12:40:18","guid":{"rendered":"https:\/\/bibp.pl\/?page_id=5117"},"modified":"2025-06-23T07:53:09","modified_gmt":"2025-06-23T05:53:09","slug":"a-propos","status":"publish","type":"page","link":"https:\/\/bibp.pl\/fr\/a-propos\/","title":{"rendered":"\u00c0 PROPOS"},"content":{"rendered":"<h2><strong>Le d\u00e9veloppement et l&rsquo;am\u00e9lioration continus de nos produits &#8211; nous nous sommes fix\u00e9s ces objectifs depuis 2014, date de la cr\u00e9ation du BIB. Nous sommes une marque connue et respect\u00e9e sur le march\u00e9 polonais, et sommes en concurrence avec succ\u00e8s sur les march\u00e9s mondiaux. Nos emballages sont actuellement exp\u00e9di\u00e9s dans environ 35 pays, avec un taux de livraison dans les d\u00e9lais de 98,4%. Chaque ann\u00e9e, de plus en plus d&rsquo;entreprises nous font confiance.<\/strong><\/h2>\n<p>L&rsquo;entreprise est n\u00e9e dans la ville d&rsquo;Andrychow et, par la suite, nous avons d\u00e9m\u00e9nag\u00e9 dans une usine de production plus efficace, capable de cro\u00eetre plus dynamiquement. Nous avons choisi\u00a0la <span style=\"color: #339966;\"><strong>Economic Activity Zone<\/strong><\/span> <strong><span style=\"color: #339966;\">en la ville de Zator.<\/span><\/strong><\/p>\n<h2><strong><img loading=\"lazy\" decoding=\"async\" class=\"alignnone wp-image-5247\" src=\"https:\/\/bibp.pl\/wp-content\/uploads\/2020\/09\/o-nas_01_FR-1024x319.png\" alt=\"\" width=\"428\" height=\"133\" srcset=\"https:\/\/bibp.pl\/wp-content\/uploads\/2020\/09\/o-nas_01_FR-1024x319.png 1024w, https:\/\/bibp.pl\/wp-content\/uploads\/2020\/09\/o-nas_01_FR-300x93.png 300w, https:\/\/bibp.pl\/wp-content\/uploads\/2020\/09\/o-nas_01_FR-768x239.png 768w, https:\/\/bibp.pl\/wp-content\/uploads\/2020\/09\/o-nas_01_FR-1536x478.png 1536w, https:\/\/bibp.pl\/wp-content\/uploads\/2020\/09\/o-nas_01_FR.png 1920w\" sizes=\"auto, (max-width: 428px) 100vw, 428px\" \/><\/strong><\/h2>\n<p>Nous produisons des sacs de type Bag in Box, des emballages \u00e0 effet barri\u00e8re flexible et des sacs aseptiques. Nous fournissons \u00e0 la fois des <strong><span style=\"color: #339966;\">solutionspr\u00eates<\/span><\/strong> \u00e0 l&#8217;emploi et des<strong><span style=\"color: #339966;\"> sacssur mesure.<\/span><\/strong> Nous attachons une grande importance \u00e0 la qualit\u00e9 des mati\u00e8res premi\u00e8res et \u00e0 la fa\u00e7on dont nos produits sont fabriqu\u00e9s. Cela garantit le respect de toutes les normes de l&rsquo;Union europ\u00e9enne. Nous disposons de lignes de production efficaces, d\u2019entrep\u00f4ts modernes et d&rsquo;un Centre de Recherche et D\u00e9veloppement solide, ce qui nous permet de r\u00e9pondre aux exigences d&rsquo;un march\u00e9 en constante \u00e9volution.<\/p>\n<p><img loading=\"lazy\" decoding=\"async\" class=\"alignnone wp-image-5254\" src=\"https:\/\/bibp.pl\/wp-content\/uploads\/2020\/09\/o-nas_02_FR-3-1024x319.png\" alt=\"\" width=\"428\" height=\"133\" srcset=\"https:\/\/bibp.pl\/wp-content\/uploads\/2020\/09\/o-nas_02_FR-3-1024x319.png 1024w, https:\/\/bibp.pl\/wp-content\/uploads\/2020\/09\/o-nas_02_FR-3-300x93.png 300w, https:\/\/bibp.pl\/wp-content\/uploads\/2020\/09\/o-nas_02_FR-3-768x239.png 768w, https:\/\/bibp.pl\/wp-content\/uploads\/2020\/09\/o-nas_02_FR-3-1536x478.png 1536w, https:\/\/bibp.pl\/wp-content\/uploads\/2020\/09\/o-nas_02_FR-3.png 1920w\" sizes=\"auto, (max-width: 428px) 100vw, 428px\" \/><\/p>\n<p>Elemento integrante delle nostre attivit\u00e0 commerciali \u00e8 rappresentato dall&rsquo;<strong><span style=\"color: #339966;\">approccio<\/span><span style=\"color: #339966;\"> individuale al cliente.<\/span><\/strong>\u00a0En \u00e9coutant vos besoins et en utilisant notre riche exp\u00e9rience, nous pouvons cr\u00e9er d&rsquo;excellents produits pour un usage quotidien. Combin\u00e9 \u00e0 nos vastes installations de fabrication, cela fait de nous une \u00e9quipe de classe mondiale dans la cr\u00e9ation de solutions d&#8217;emballage innovantes. Dans notre \u00e9quipe, nous avons r\u00e9uni <strong><span style=\"color: #339966;\">les meilleurs sp\u00e9cialistes<\/span><\/strong> qui, gr\u00e2ce \u00e0 leurs connaissances et leur engagement, cr\u00e9ent une valeur suppl\u00e9mentaire qui r\u00e9pond aux attentes les plus \u00e9lev\u00e9es du march\u00e9. La r\u00e9alisation de l&rsquo;id\u00e9e de d\u00e9veloppement continu est garantie par un plan financier efficace.<\/p>\n<p><img loading=\"lazy\" decoding=\"async\" class=\"alignnone wp-image-5260\" src=\"https:\/\/bibp.pl\/wp-content\/uploads\/2020\/09\/o-nas_03_FR-1024x319.png\" alt=\"\" width=\"418\" height=\"130\" srcset=\"https:\/\/bibp.pl\/wp-content\/uploads\/2020\/09\/o-nas_03_FR-1024x319.png 1024w, https:\/\/bibp.pl\/wp-content\/uploads\/2020\/09\/o-nas_03_FR-300x93.png 300w, https:\/\/bibp.pl\/wp-content\/uploads\/2020\/09\/o-nas_03_FR-768x239.png 768w, https:\/\/bibp.pl\/wp-content\/uploads\/2020\/09\/o-nas_03_FR-1536x478.png 1536w, https:\/\/bibp.pl\/wp-content\/uploads\/2020\/09\/o-nas_03_FR.png 1920w\" sizes=\"auto, (max-width: 418px) 100vw, 418px\" \/><\/p>\n<p>\u00c0 de nombreux \u00e9gards, nous introduisons <strong><span style=\"color: #339966;\">nos solutions innovantes,<\/span><\/strong> non seulement pour s&rsquo;adapter aux changements du march\u00e9, mais aussi pour aller de l&rsquo;avant. Nous regardons attentivement notre secteur, participant \u00e0 des foires internationales. Ces rencontres nous permettent de mieux comprendre les besoins de nos clients et d&rsquo;acqu\u00e9rir de pr\u00e9cieux contacts d&rsquo;affaires. Nous continuons \u00e0 nous d\u00e9velopper et \u00e0 \u00e9largir constamment nos horizons. Nous voulons continuer \u00e0 cr\u00e9er de nouvelles solutions et \u00eatre l\u00e0 o\u00f9 nos produits sont n\u00e9cessaires. Notre objectif est de constituer une \u00e9quipe solide et fiable, compos\u00e9e des meilleurs sp\u00e9cialistes, afin de cr\u00e9er les meilleurs produits pour nos clients.<\/p>\n<p><img loading=\"lazy\" decoding=\"async\" class=\"alignnone wp-image-5273\" src=\"https:\/\/bibp.pl\/wp-content\/uploads\/2020\/09\/customer-service_FR-1024x319.png\" alt=\"\" width=\"428\" height=\"133\" srcset=\"https:\/\/bibp.pl\/wp-content\/uploads\/2020\/09\/customer-service_FR-1024x319.png 1024w, https:\/\/bibp.pl\/wp-content\/uploads\/2020\/09\/customer-service_FR-300x93.png 300w, https:\/\/bibp.pl\/wp-content\/uploads\/2020\/09\/customer-service_FR-768x239.png 768w, https:\/\/bibp.pl\/wp-content\/uploads\/2020\/09\/customer-service_FR-1536x478.png 1536w, https:\/\/bibp.pl\/wp-content\/uploads\/2020\/09\/customer-service_FR.png 1920w\" sizes=\"auto, (max-width: 428px) 100vw, 428px\" \/><\/p>\n<p>Nous veillons \u00e0 la plus haute qualit\u00e9 du service \u00e0 la client\u00e8le. Nous traitons les nouvelles demandes dans un d\u00e9lai maximum de 24 heures, et chaque client se voit attribuer <strong><span style=\"color: #339966;\">un responsable commercial individuel.<\/span> <\/strong>Cela nous permet de proposer une offre parfaitement adapt\u00e9e.<\/p>\n<p><img loading=\"lazy\" decoding=\"async\" class=\" wp-image-5280 aligncenter\" src=\"https:\/\/bibp.pl\/wp-content\/uploads\/2020\/09\/realizacja-zamowien_FR-1024x577.png\" alt=\"\" width=\"748\" height=\"422\" srcset=\"https:\/\/bibp.pl\/wp-content\/uploads\/2020\/09\/realizacja-zamowien_FR-1024x577.png 1024w, https:\/\/bibp.pl\/wp-content\/uploads\/2020\/09\/realizacja-zamowien_FR-300x169.png 300w, https:\/\/bibp.pl\/wp-content\/uploads\/2020\/09\/realizacja-zamowien_FR-768x432.png 768w, https:\/\/bibp.pl\/wp-content\/uploads\/2020\/09\/realizacja-zamowien_FR-1536x865.png 1536w, https:\/\/bibp.pl\/wp-content\/uploads\/2020\/09\/realizacja-zamowien_FR-495x278.png 495w, https:\/\/bibp.pl\/wp-content\/uploads\/2020\/09\/realizacja-zamowien_FR-390x220.png 390w, https:\/\/bibp.pl\/wp-content\/uploads\/2020\/09\/realizacja-zamowien_FR.png 1920w\" sizes=\"auto, (max-width: 748px) 100vw, 748px\" \/><\/p>\n<p><img loading=\"lazy\" decoding=\"async\" class=\"alignnone wp-image-5287\" src=\"https:\/\/bibp.pl\/wp-content\/uploads\/2020\/09\/miedzynarodowa-renoma_FR-1024x319.png\" alt=\"\" width=\"428\" height=\"133\" srcset=\"https:\/\/bibp.pl\/wp-content\/uploads\/2020\/09\/miedzynarodowa-renoma_FR-1024x319.png 1024w, https:\/\/bibp.pl\/wp-content\/uploads\/2020\/09\/miedzynarodowa-renoma_FR-300x93.png 300w, https:\/\/bibp.pl\/wp-content\/uploads\/2020\/09\/miedzynarodowa-renoma_FR-768x239.png 768w, https:\/\/bibp.pl\/wp-content\/uploads\/2020\/09\/miedzynarodowa-renoma_FR-1536x478.png 1536w, https:\/\/bibp.pl\/wp-content\/uploads\/2020\/09\/miedzynarodowa-renoma_FR.png 1920w\" sizes=\"auto, (max-width: 428px) 100vw, 428px\" \/><\/p>\n<p>Nous exp\u00e9dions nos marchandises dans toutes les r\u00e9gions d&rsquo;Europe et du monde. Nous avons coop\u00e9r\u00e9 avec succ\u00e8s avec des clients de l&rsquo;autre c\u00f4t\u00e9 du globe. \u00c9tant donn\u00e9 que le transport a lieu principalement en dehors de la Pologne, <strong><span style=\"color: #339966;\">nous nous occupons \u00e9galement des questions douani\u00e8resen<\/span><\/strong> fournissant tous les documents n\u00e9cessaires aux bureaux.<\/p>\n","protected":false},"excerpt":{"rendered":"<p>Le d\u00e9veloppement et l&rsquo;am\u00e9lioration continus de nos produits &#8211; nous nous sommes fix\u00e9s ces objectifs depuis 2014, date de la cr\u00e9ation du BIB. Nous sommes une marque connue et respect\u00e9e sur le march\u00e9 polonais, et sommes en concurrence avec succ\u00e8s sur les march\u00e9s mondiaux. Nos emballages sont actuellement exp\u00e9di\u00e9s dans environ 35 pays, avec un [&hellip;]<\/p>\n","protected":false},"author":3,"featured_media":1754,"parent":0,"menu_order":0,"comment_status":"closed","ping_status":"closed","template":"page__about.php","meta":{"_acf_changed":false,"footnotes":""},"class_list":["post-5117","page","type-page","status-publish","has-post-thumbnail","hentry"],"acf":[],"yoast_head":"<!-- This site is optimized with the Yoast SEO plugin v27.4 - https:\/\/yoast.com\/product\/yoast-seo-wordpress\/ -->\n<title>\u00c0 PROPOS - Worki bag in box BIBP<\/title>\n<meta name=\"robots\" content=\"index, follow, max-snippet:-1, max-image-preview:large, max-video-preview:-1\" \/>\n<link rel=\"canonical\" href=\"https:\/\/bibp.pl\/fr\/a-propos\/\" \/>\n<meta property=\"og:locale\" content=\"fr_FR\" \/>\n<meta property=\"og:type\" content=\"article\" \/>\n<meta property=\"og:title\" content=\"\u00c0 PROPOS - Worki bag in box BIBP\" \/>\n<meta property=\"og:description\" content=\"Le d\u00e9veloppement et l&rsquo;am\u00e9lioration continus de nos produits &#8211; nous nous sommes fix\u00e9s ces objectifs depuis 2014, date de la cr\u00e9ation du BIB. Nous sommes une marque connue et respect\u00e9e sur le march\u00e9 polonais, et sommes en concurrence avec succ\u00e8s sur les march\u00e9s mondiaux. Nos emballages sont actuellement exp\u00e9di\u00e9s dans environ 35 pays, avec un [&hellip;]\" \/>\n<meta property=\"og:url\" content=\"https:\/\/bibp.pl\/fr\/a-propos\/\" \/>\n<meta property=\"og:site_name\" content=\"Worki bag in box BIBP\" \/>\n<meta property=\"article:modified_time\" content=\"2025-06-23T05:53:09+00:00\" \/>\n<meta property=\"og:image\" content=\"https:\/\/bibp.pl\/wp-content\/uploads\/2020\/08\/08-20_BIBP_o-nas_01.png\" \/>\n\t<meta property=\"og:image:width\" content=\"2500\" \/>\n\t<meta property=\"og:image:height\" content=\"362\" \/>\n\t<meta property=\"og:image:type\" content=\"image\/png\" \/>\n<meta name=\"twitter:card\" content=\"summary_large_image\" \/>\n<meta name=\"twitter:label1\" content=\"Dur\u00e9e de lecture estim\u00e9e\" \/>\n\t<meta name=\"twitter:data1\" content=\"6 minutes\" \/>\n<script type=\"application\/ld+json\" class=\"yoast-schema-graph\">{\"@context\":\"https:\\\/\\\/schema.org\",\"@graph\":[{\"@type\":\"WebPage\",\"@id\":\"https:\\\/\\\/bibp.pl\\\/fr\\\/a-propos\\\/\",\"url\":\"https:\\\/\\\/bibp.pl\\\/fr\\\/a-propos\\\/\",\"name\":\"\u00c0 PROPOS - Worki bag in box BIBP\",\"isPartOf\":{\"@id\":\"https:\\\/\\\/bibp.pl\\\/fr\\\/#website\"},\"primaryImageOfPage\":{\"@id\":\"https:\\\/\\\/bibp.pl\\\/fr\\\/a-propos\\\/#primaryimage\"},\"image\":{\"@id\":\"https:\\\/\\\/bibp.pl\\\/fr\\\/a-propos\\\/#primaryimage\"},\"thumbnailUrl\":\"https:\\\/\\\/bibp.pl\\\/wp-content\\\/uploads\\\/2020\\\/08\\\/08-20_BIBP_o-nas_01.png\",\"datePublished\":\"2020-09-28T12:40:18+00:00\",\"dateModified\":\"2025-06-23T05:53:09+00:00\",\"breadcrumb\":{\"@id\":\"https:\\\/\\\/bibp.pl\\\/fr\\\/a-propos\\\/#breadcrumb\"},\"inLanguage\":\"fr-FR\",\"potentialAction\":[{\"@type\":\"ReadAction\",\"target\":[\"https:\\\/\\\/bibp.pl\\\/fr\\\/a-propos\\\/\"]}]},{\"@type\":\"ImageObject\",\"inLanguage\":\"fr-FR\",\"@id\":\"https:\\\/\\\/bibp.pl\\\/fr\\\/a-propos\\\/#primaryimage\",\"url\":\"https:\\\/\\\/bibp.pl\\\/wp-content\\\/uploads\\\/2020\\\/08\\\/08-20_BIBP_o-nas_01.png\",\"contentUrl\":\"https:\\\/\\\/bibp.pl\\\/wp-content\\\/uploads\\\/2020\\\/08\\\/08-20_BIBP_o-nas_01.png\",\"width\":2500,\"height\":362,\"caption\":\"Firma\"},{\"@type\":\"BreadcrumbList\",\"@id\":\"https:\\\/\\\/bibp.pl\\\/fr\\\/a-propos\\\/#breadcrumb\",\"itemListElement\":[{\"@type\":\"ListItem\",\"position\":1,\"name\":\"Strona g\u0142\u00f3wna\",\"item\":\"https:\\\/\\\/bibp.pl\\\/fr\\\/\"},{\"@type\":\"ListItem\",\"position\":2,\"name\":\"\u00c0 PROPOS\"}]},{\"@type\":\"WebSite\",\"@id\":\"https:\\\/\\\/bibp.pl\\\/fr\\\/#website\",\"url\":\"https:\\\/\\\/bibp.pl\\\/fr\\\/\",\"name\":\"Worki bag in box BIBP\",\"description\":\"Kolejna witryna oparta na WordPressie\",\"potentialAction\":[{\"@type\":\"SearchAction\",\"target\":{\"@type\":\"EntryPoint\",\"urlTemplate\":\"https:\\\/\\\/bibp.pl\\\/fr\\\/?s={search_term_string}\"},\"query-input\":{\"@type\":\"PropertyValueSpecification\",\"valueRequired\":true,\"valueName\":\"search_term_string\"}}],\"inLanguage\":\"fr-FR\"}]}<\/script>\n<!-- \/ Yoast SEO plugin. -->","yoast_head_json":{"title":"\u00c0 PROPOS - Worki bag in box BIBP","robots":{"index":"index","follow":"follow","max-snippet":"max-snippet:-1","max-image-preview":"max-image-preview:large","max-video-preview":"max-video-preview:-1"},"canonical":"https:\/\/bibp.pl\/fr\/a-propos\/","og_locale":"fr_FR","og_type":"article","og_title":"\u00c0 PROPOS - Worki bag in box BIBP","og_description":"Le d\u00e9veloppement et l&rsquo;am\u00e9lioration continus de nos produits &#8211; nous nous sommes fix\u00e9s ces objectifs depuis 2014, date de la cr\u00e9ation du BIB. Nous sommes une marque connue et respect\u00e9e sur le march\u00e9 polonais, et sommes en concurrence avec succ\u00e8s sur les march\u00e9s mondiaux. Nos emballages sont actuellement exp\u00e9di\u00e9s dans environ 35 pays, avec un [&hellip;]","og_url":"https:\/\/bibp.pl\/fr\/a-propos\/","og_site_name":"Worki bag in box BIBP","article_modified_time":"2025-06-23T05:53:09+00:00","og_image":[{"width":2500,"height":362,"url":"https:\/\/bibp.pl\/wp-content\/uploads\/2020\/08\/08-20_BIBP_o-nas_01.png","type":"image\/png"}],"twitter_card":"summary_large_image","twitter_misc":{"Dur\u00e9e de lecture estim\u00e9e":"6 minutes"},"schema":{"@context":"https:\/\/schema.org","@graph":[{"@type":"WebPage","@id":"https:\/\/bibp.pl\/fr\/a-propos\/","url":"https:\/\/bibp.pl\/fr\/a-propos\/","name":"\u00c0 PROPOS - Worki bag in box BIBP","isPartOf":{"@id":"https:\/\/bibp.pl\/fr\/#website"},"primaryImageOfPage":{"@id":"https:\/\/bibp.pl\/fr\/a-propos\/#primaryimage"},"image":{"@id":"https:\/\/bibp.pl\/fr\/a-propos\/#primaryimage"},"thumbnailUrl":"https:\/\/bibp.pl\/wp-content\/uploads\/2020\/08\/08-20_BIBP_o-nas_01.png","datePublished":"2020-09-28T12:40:18+00:00","dateModified":"2025-06-23T05:53:09+00:00","breadcrumb":{"@id":"https:\/\/bibp.pl\/fr\/a-propos\/#breadcrumb"},"inLanguage":"fr-FR","potentialAction":[{"@type":"ReadAction","target":["https:\/\/bibp.pl\/fr\/a-propos\/"]}]},{"@type":"ImageObject","inLanguage":"fr-FR","@id":"https:\/\/bibp.pl\/fr\/a-propos\/#primaryimage","url":"https:\/\/bibp.pl\/wp-content\/uploads\/2020\/08\/08-20_BIBP_o-nas_01.png","contentUrl":"https:\/\/bibp.pl\/wp-content\/uploads\/2020\/08\/08-20_BIBP_o-nas_01.png","width":2500,"height":362,"caption":"Firma"},{"@type":"BreadcrumbList","@id":"https:\/\/bibp.pl\/fr\/a-propos\/#breadcrumb","itemListElement":[{"@type":"ListItem","position":1,"name":"Strona g\u0142\u00f3wna","item":"https:\/\/bibp.pl\/fr\/"},{"@type":"ListItem","position":2,"name":"\u00c0 PROPOS"}]},{"@type":"WebSite","@id":"https:\/\/bibp.pl\/fr\/#website","url":"https:\/\/bibp.pl\/fr\/","name":"Worki bag in box BIBP","description":"Kolejna witryna oparta na WordPressie","potentialAction":[{"@type":"SearchAction","target":{"@type":"EntryPoint","urlTemplate":"https:\/\/bibp.pl\/fr\/?s={search_term_string}"},"query-input":{"@type":"PropertyValueSpecification","valueRequired":true,"valueName":"search_term_string"}}],"inLanguage":"fr-FR"}]}},"_links":{"self":[{"href":"https:\/\/bibp.pl\/fr\/wp-json\/wp\/v2\/pages\/5117","targetHints":{"allow":["GET"]}}],"collection":[{"href":"https:\/\/bibp.pl\/fr\/wp-json\/wp\/v2\/pages"}],"about":[{"href":"https:\/\/bibp.pl\/fr\/wp-json\/wp\/v2\/types\/page"}],"author":[{"embeddable":true,"href":"https:\/\/bibp.pl\/fr\/wp-json\/wp\/v2\/users\/3"}],"replies":[{"embeddable":true,"href":"https:\/\/bibp.pl\/fr\/wp-json\/wp\/v2\/comments?post=5117"}],"version-history":[{"count":19,"href":"https:\/\/bibp.pl\/fr\/wp-json\/wp\/v2\/pages\/5117\/revisions"}],"predecessor-version":[{"id":15641,"href":"https:\/\/bibp.pl\/fr\/wp-json\/wp\/v2\/pages\/5117\/revisions\/15641"}],"wp:featuredmedia":[{"embeddable":true,"href":"https:\/\/bibp.pl\/fr\/wp-json\/wp\/v2\/media\/1754"}],"wp:attachment":[{"href":"https:\/\/bibp.pl\/fr\/wp-json\/wp\/v2\/media?parent=5117"}],"curies":[{"name":"wp","href":"https:\/\/api.w.org\/{rel}","templated":true}]}}