{"id":5833,"date":"2020-10-08T10:04:15","date_gmt":"2020-10-08T08:04:15","guid":{"rendered":"https:\/\/bibp.pl\/?page_id=5833"},"modified":"2021-07-07T09:31:49","modified_gmt":"2021-07-07T07:31:49","slug":"newsroom","status":"publish","type":"page","link":"https:\/\/bibp.pl\/fr\/a-propos\/newsroom\/","title":{"rendered":"Newsroom"},"content":{"rendered":"<h2><strong>Dans cet onglet, vous trouverez des informations de base sur le Bag in Box Pologne, des fichiers et des photos \u00e0 t\u00e9l\u00e9charger, ainsi que notre bulletin d&rsquo;information.\u00a0<\/strong><\/h2>\n<p><strong>\u00c0 propos de Bag in Box Pologne<\/strong><\/p>\n<p>Nous d\u00e9veloppons et produisons des sacs Bag in Box innovants, des emballages \u00e0 effet barri\u00e8re souple et des sacs aseptiques d&rsquo;une capacit\u00e9 de 2 \u00e0 220 litres. Outre des produits de la plus haute qualit\u00e9, nous offrons \u00e0 nos clients un service professionnel et complet d&rsquo;assistance et de soutien dans l&rsquo;utilisation la plus efficace de la solution BiB. Nous cr\u00e9ons des emballages individuels sur commande sp\u00e9ciale. Nous travaillons avec des entrepreneurs du monde entier.\u00a0 Notre si\u00e8ge et notre magasin sont situ\u00e9s \u00e0 Zator (province de Petite Pologne).<\/p>\n<p>Vous trouverez plus d&rsquo;informations sur l\u2019entreprise Bag in Box Poland dans l&rsquo;onglet \u00ab\u00a0<strong><span style=\"color: #339966;\">\u00c0<\/span> <\/strong><strong><span style=\"color: #339966;\"><a style=\"color: #339966;\" href=\"https:\/\/bibp.pl\/fr\/a-propos\/\">propos de nous<\/a><\/span><\/strong>\u00a0\u00bb<\/p>\n<p><span style=\"color: #000000;\"><strong>Des m\u00e9dias sociaux:<\/strong><\/span><\/p>\n<p><a href=\"https:\/\/www.facebook.com\/producentbaginbox\"><img loading=\"lazy\" decoding=\"async\" class=\"alignnone wp-image-9235 \" src=\"https:\/\/bibp.pl\/wp-content\/uploads\/2020\/10\/facebook.png\" alt=\"\" width=\"49\" height=\"49\" \/><\/a>\u00a0 \u00a0<a href=\"http:\/\/www.youtube.com\/channel\/UCwTohfEU1aqHrJxSeW4Pz-Q\/featured\"><strong><img loading=\"lazy\" decoding=\"async\" class=\"wp-image-10146 alignnone\" src=\"https:\/\/bibp.pl\/wp-content\/uploads\/2021\/04\/pobrane-removebg-preview-300x67.png\" sizes=\"auto, (max-width: 134px) 100vw, 134px\" srcset=\"https:\/\/bibp.pl\/wp-content\/uploads\/2021\/04\/pobrane-removebg-preview-300x67.png 300w, https:\/\/bibp.pl\/wp-content\/uploads\/2021\/04\/pobrane-removebg-preview.png 475w\" alt=\"\" width=\"134\" height=\"30\" \/><\/strong><\/a><a href=\"https:\/\/www.linkedin.com\/company\/bag-in-box-poland\/\"><img loading=\"lazy\" decoding=\"async\" class=\" wp-image-9244 alignleft\" src=\"https:\/\/bibp.pl\/wp-content\/uploads\/2020\/10\/linkedin.png\" alt=\"\" width=\"50\" height=\"50\" \/><\/a><\/p>\n<p><span style=\"color: #000000;\"><strong>T\u00e9l\u00e9chargez notre newsletter:<\/strong><\/span><\/p>\n<ul>\n<li>\n<h4><strong><a href=\"https:\/\/bibp.pl\/fr\/nouvelles\/\">Newsletter<\/a><\/strong><\/h4>\n<\/li>\n<\/ul>\n<p><strong><span style=\"color: #000000;\">En savoir plus sur la technologie bag in box:<\/span><\/strong><\/p>\n<ul>\n<li>\n<h4><a href=\"https:\/\/bibp.pl\/fr\/blog\/\"><strong>Blog<\/strong><\/a><\/h4>\n<\/li>\n<\/ul>\n","protected":false},"excerpt":{"rendered":"<p>Dans cet onglet, vous trouverez des informations de base sur le Bag in Box Pologne, des fichiers et des photos \u00e0 t\u00e9l\u00e9charger, ainsi que notre bulletin d&rsquo;information.\u00a0 \u00c0 propos de Bag in Box Pologne Nous d\u00e9veloppons et produisons des sacs Bag in Box innovants, des emballages \u00e0 effet barri\u00e8re souple et des sacs aseptiques d&rsquo;une [&hellip;]<\/p>\n","protected":false},"author":3,"featured_media":1675,"parent":5117,"menu_order":0,"comment_status":"closed","ping_status":"closed","template":"page__newsroom.php","meta":{"_acf_changed":false,"footnotes":""},"class_list":["post-5833","page","type-page","status-publish","has-post-thumbnail","hentry"],"acf":[],"yoast_head":"<!-- This site is optimized with the Yoast SEO plugin v27.5 - https:\/\/yoast.com\/product\/yoast-seo-wordpress\/ -->\n<title>Newsroom - Worki bag in box BIBP<\/title>\n<meta name=\"robots\" content=\"index, follow, max-snippet:-1, max-image-preview:large, max-video-preview:-1\" \/>\n<link rel=\"canonical\" href=\"https:\/\/bibp.pl\/fr\/a-propos\/newsroom\/\" \/>\n<meta property=\"og:locale\" content=\"fr_FR\" \/>\n<meta property=\"og:type\" content=\"article\" \/>\n<meta property=\"og:title\" content=\"Newsroom - Worki bag in box BIBP\" \/>\n<meta property=\"og:description\" content=\"Dans cet onglet, vous trouverez des informations de base sur le Bag in Box Pologne, des fichiers et des photos \u00e0 t\u00e9l\u00e9charger, ainsi que notre bulletin d&rsquo;information.\u00a0 \u00c0 propos de Bag in Box Pologne Nous d\u00e9veloppons et produisons des sacs Bag in Box innovants, des emballages \u00e0 effet barri\u00e8re souple et des sacs aseptiques d&rsquo;une [&hellip;]\" \/>\n<meta property=\"og:url\" content=\"https:\/\/bibp.pl\/fr\/a-propos\/newsroom\/\" \/>\n<meta property=\"og:site_name\" content=\"Worki bag in box BIBP\" \/>\n<meta property=\"article:modified_time\" content=\"2021-07-07T07:31:49+00:00\" \/>\n<meta property=\"og:image\" content=\"https:\/\/bibp.pl\/wp-content\/uploads\/2020\/08\/shutterstock_1362634592-scaled-e1625634191205.jpg\" \/>\n\t<meta property=\"og:image:width\" content=\"2560\" \/>\n\t<meta property=\"og:image:height\" content=\"1709\" \/>\n\t<meta property=\"og:image:type\" content=\"image\/jpeg\" \/>\n<meta name=\"twitter:card\" content=\"summary_large_image\" \/>\n<meta name=\"twitter:label1\" content=\"Dur\u00e9e de lecture estim\u00e9e\" \/>\n\t<meta name=\"twitter:data1\" content=\"2 minutes\" \/>\n<script type=\"application\/ld+json\" class=\"yoast-schema-graph\">{\"@context\":\"https:\\\/\\\/schema.org\",\"@graph\":[{\"@type\":\"WebPage\",\"@id\":\"https:\\\/\\\/bibp.pl\\\/fr\\\/a-propos\\\/newsroom\\\/\",\"url\":\"https:\\\/\\\/bibp.pl\\\/fr\\\/a-propos\\\/newsroom\\\/\",\"name\":\"Newsroom - Worki bag in box BIBP\",\"isPartOf\":{\"@id\":\"https:\\\/\\\/bibp.pl\\\/fr\\\/#website\"},\"primaryImageOfPage\":{\"@id\":\"https:\\\/\\\/bibp.pl\\\/fr\\\/a-propos\\\/newsroom\\\/#primaryimage\"},\"image\":{\"@id\":\"https:\\\/\\\/bibp.pl\\\/fr\\\/a-propos\\\/newsroom\\\/#primaryimage\"},\"thumbnailUrl\":\"https:\\\/\\\/bibp.pl\\\/wp-content\\\/uploads\\\/2020\\\/08\\\/shutterstock_1362634592-scaled-e1625634191205.jpg\",\"datePublished\":\"2020-10-08T08:04:15+00:00\",\"dateModified\":\"2021-07-07T07:31:49+00:00\",\"breadcrumb\":{\"@id\":\"https:\\\/\\\/bibp.pl\\\/fr\\\/a-propos\\\/newsroom\\\/#breadcrumb\"},\"inLanguage\":\"fr-FR\",\"potentialAction\":[{\"@type\":\"ReadAction\",\"target\":[\"https:\\\/\\\/bibp.pl\\\/fr\\\/a-propos\\\/newsroom\\\/\"]}]},{\"@type\":\"ImageObject\",\"inLanguage\":\"fr-FR\",\"@id\":\"https:\\\/\\\/bibp.pl\\\/fr\\\/a-propos\\\/newsroom\\\/#primaryimage\",\"url\":\"https:\\\/\\\/bibp.pl\\\/wp-content\\\/uploads\\\/2020\\\/08\\\/shutterstock_1362634592-scaled-e1625634191205.jpg\",\"contentUrl\":\"https:\\\/\\\/bibp.pl\\\/wp-content\\\/uploads\\\/2020\\\/08\\\/shutterstock_1362634592-scaled-e1625634191205.jpg\",\"width\":2560,\"height\":1709},{\"@type\":\"BreadcrumbList\",\"@id\":\"https:\\\/\\\/bibp.pl\\\/fr\\\/a-propos\\\/newsroom\\\/#breadcrumb\",\"itemListElement\":[{\"@type\":\"ListItem\",\"position\":1,\"name\":\"Strona g\u0142\u00f3wna\",\"item\":\"https:\\\/\\\/bibp.pl\\\/fr\\\/\"},{\"@type\":\"ListItem\",\"position\":2,\"name\":\"\u00c0 PROPOS\",\"item\":\"https:\\\/\\\/bibp.pl\\\/fr\\\/a-propos\\\/\"},{\"@type\":\"ListItem\",\"position\":3,\"name\":\"Newsroom\"}]},{\"@type\":\"WebSite\",\"@id\":\"https:\\\/\\\/bibp.pl\\\/fr\\\/#website\",\"url\":\"https:\\\/\\\/bibp.pl\\\/fr\\\/\",\"name\":\"Worki bag in box BIBP\",\"description\":\"Kolejna witryna oparta na WordPressie\",\"potentialAction\":[{\"@type\":\"SearchAction\",\"target\":{\"@type\":\"EntryPoint\",\"urlTemplate\":\"https:\\\/\\\/bibp.pl\\\/fr\\\/?s={search_term_string}\"},\"query-input\":{\"@type\":\"PropertyValueSpecification\",\"valueRequired\":true,\"valueName\":\"search_term_string\"}}],\"inLanguage\":\"fr-FR\"}]}<\/script>\n<!-- \/ Yoast SEO plugin. -->","yoast_head_json":{"title":"Newsroom - Worki bag in box BIBP","robots":{"index":"index","follow":"follow","max-snippet":"max-snippet:-1","max-image-preview":"max-image-preview:large","max-video-preview":"max-video-preview:-1"},"canonical":"https:\/\/bibp.pl\/fr\/a-propos\/newsroom\/","og_locale":"fr_FR","og_type":"article","og_title":"Newsroom - Worki bag in box BIBP","og_description":"Dans cet onglet, vous trouverez des informations de base sur le Bag in Box Pologne, des fichiers et des photos \u00e0 t\u00e9l\u00e9charger, ainsi que notre bulletin d&rsquo;information.\u00a0 \u00c0 propos de Bag in Box Pologne Nous d\u00e9veloppons et produisons des sacs Bag in Box innovants, des emballages \u00e0 effet barri\u00e8re souple et des sacs aseptiques d&rsquo;une [&hellip;]","og_url":"https:\/\/bibp.pl\/fr\/a-propos\/newsroom\/","og_site_name":"Worki bag in box BIBP","article_modified_time":"2021-07-07T07:31:49+00:00","og_image":[{"width":2560,"height":1709,"url":"https:\/\/bibp.pl\/wp-content\/uploads\/2020\/08\/shutterstock_1362634592-scaled-e1625634191205.jpg","type":"image\/jpeg"}],"twitter_card":"summary_large_image","twitter_misc":{"Dur\u00e9e de lecture estim\u00e9e":"2 minutes"},"schema":{"@context":"https:\/\/schema.org","@graph":[{"@type":"WebPage","@id":"https:\/\/bibp.pl\/fr\/a-propos\/newsroom\/","url":"https:\/\/bibp.pl\/fr\/a-propos\/newsroom\/","name":"Newsroom - Worki bag in box BIBP","isPartOf":{"@id":"https:\/\/bibp.pl\/fr\/#website"},"primaryImageOfPage":{"@id":"https:\/\/bibp.pl\/fr\/a-propos\/newsroom\/#primaryimage"},"image":{"@id":"https:\/\/bibp.pl\/fr\/a-propos\/newsroom\/#primaryimage"},"thumbnailUrl":"https:\/\/bibp.pl\/wp-content\/uploads\/2020\/08\/shutterstock_1362634592-scaled-e1625634191205.jpg","datePublished":"2020-10-08T08:04:15+00:00","dateModified":"2021-07-07T07:31:49+00:00","breadcrumb":{"@id":"https:\/\/bibp.pl\/fr\/a-propos\/newsroom\/#breadcrumb"},"inLanguage":"fr-FR","potentialAction":[{"@type":"ReadAction","target":["https:\/\/bibp.pl\/fr\/a-propos\/newsroom\/"]}]},{"@type":"ImageObject","inLanguage":"fr-FR","@id":"https:\/\/bibp.pl\/fr\/a-propos\/newsroom\/#primaryimage","url":"https:\/\/bibp.pl\/wp-content\/uploads\/2020\/08\/shutterstock_1362634592-scaled-e1625634191205.jpg","contentUrl":"https:\/\/bibp.pl\/wp-content\/uploads\/2020\/08\/shutterstock_1362634592-scaled-e1625634191205.jpg","width":2560,"height":1709},{"@type":"BreadcrumbList","@id":"https:\/\/bibp.pl\/fr\/a-propos\/newsroom\/#breadcrumb","itemListElement":[{"@type":"ListItem","position":1,"name":"Strona g\u0142\u00f3wna","item":"https:\/\/bibp.pl\/fr\/"},{"@type":"ListItem","position":2,"name":"\u00c0 PROPOS","item":"https:\/\/bibp.pl\/fr\/a-propos\/"},{"@type":"ListItem","position":3,"name":"Newsroom"}]},{"@type":"WebSite","@id":"https:\/\/bibp.pl\/fr\/#website","url":"https:\/\/bibp.pl\/fr\/","name":"Worki bag in box BIBP","description":"Kolejna witryna oparta na WordPressie","potentialAction":[{"@type":"SearchAction","target":{"@type":"EntryPoint","urlTemplate":"https:\/\/bibp.pl\/fr\/?s={search_term_string}"},"query-input":{"@type":"PropertyValueSpecification","valueRequired":true,"valueName":"search_term_string"}}],"inLanguage":"fr-FR"}]}},"_links":{"self":[{"href":"https:\/\/bibp.pl\/fr\/wp-json\/wp\/v2\/pages\/5833","targetHints":{"allow":["GET"]}}],"collection":[{"href":"https:\/\/bibp.pl\/fr\/wp-json\/wp\/v2\/pages"}],"about":[{"href":"https:\/\/bibp.pl\/fr\/wp-json\/wp\/v2\/types\/page"}],"author":[{"embeddable":true,"href":"https:\/\/bibp.pl\/fr\/wp-json\/wp\/v2\/users\/3"}],"replies":[{"embeddable":true,"href":"https:\/\/bibp.pl\/fr\/wp-json\/wp\/v2\/comments?post=5833"}],"version-history":[{"count":11,"href":"https:\/\/bibp.pl\/fr\/wp-json\/wp\/v2\/pages\/5833\/revisions"}],"predecessor-version":[{"id":10357,"href":"https:\/\/bibp.pl\/fr\/wp-json\/wp\/v2\/pages\/5833\/revisions\/10357"}],"up":[{"embeddable":true,"href":"https:\/\/bibp.pl\/fr\/wp-json\/wp\/v2\/pages\/5117"}],"wp:featuredmedia":[{"embeddable":true,"href":"https:\/\/bibp.pl\/fr\/wp-json\/wp\/v2\/media\/1675"}],"wp:attachment":[{"href":"https:\/\/bibp.pl\/fr\/wp-json\/wp\/v2\/media?parent=5833"}],"curies":[{"name":"wp","href":"https:\/\/api.w.org\/{rel}","templated":true}]}}