{"id":5139,"date":"2020-09-28T14:45:30","date_gmt":"2020-09-28T12:45:30","guid":{"rendered":"https:\/\/bibp.pl\/?page_id=5139"},"modified":"2021-03-10T12:14:10","modified_gmt":"2021-03-10T11:14:10","slug":"consulenza-alle-imprese","status":"publish","type":"page","link":"https:\/\/bibp.pl\/it\/consulenza-alle-imprese\/","title":{"rendered":"CONSULENZA ALLE IMPRESE"},"content":{"rendered":"<h2><span style=\"color: #000000;\"><strong>La nostra consulenza tecnologica comprende il supporto in tutte le fasi del processo di produzione. La sua forma e la sua portata sono personalizzate in base alle esigenze individuali dei clienti.<\/strong><\/span><\/h2>\n<p>Forniamo ai nostri clienti non solo un packaging innovativo e di alta qualit\u00e0, ma anche <strong><span style=\"color: #339966;\">la conoscenza<\/span><\/strong> di come avviare un processo di produzione efficiente utilizzando questo materiale. Il nostro obiettivo \u00e8 quello di aiutarvi ad eliminare gli errori che si verificano durante la fase di riempimento, stoccaggio o trasporto. Selezioniamo anche il packaging giusto per le esigenze del cliente, in modo che tutti ottengano un prodotto che abbia le caratteristiche dedicate all&#8217;applicazione mantenendo un prezzo interessante.<\/p>\n<hr \/>\n<h3><span style=\"color: #000000;\"><strong>A chi \u00e8 rivolta la consulenza tecnologica?<\/strong><\/span><\/h3>\n<p>La nostra consulenza \u00e8 <strong><span style=\"color: #339966;\">disponibile per tutti.<\/span><\/strong> Invitiamo sia le piccole che le grandi aziende a contattarci. Adattiamo il livello di consulenza alle esigenze e alle aspettative dei nostri clienti &#8211; le svolgiamo sia sotto forma di conversazione telefonica che di consulenze pi\u00f9 complicate, per le quali formiamo l&#8217;intero team di progettazione. In collaborazione con il cliente, ci occupiamo di tutte le fasi del processo di produzione e distribuzione. Se ci sono problemi, ne analizziamo la causa e li escludiamo, in modo che tutto fili liscio e il cliente sia pienamente soddisfatto.<\/p>\n<hr \/>\n<h3><span style=\"color: #000000;\"><strong>Perch\u00e9 ne vale la pena?<\/strong><\/span><\/h3>\n<p>L&#8217;azienda che parteciper\u00e0 a tali consultazioni potr\u00e0 avviare pi\u00f9 <strong><span style=\"color: #339966;\">rapidamente<\/span><\/strong> il proprio <span style=\"color: #339966;\"><strong>processo di produzione.<\/strong><\/span> La progettazione congiunta del processo di<br \/>\nconfezionamento, imbottigliamento e distribuzione abbrevia notevolmente il processo di introduzione sul mercato ed elimina gli errori e le carenze accidentali. Sulla base della nostra ricca esperienza, raccolta grazie alla collaborazione con piccole e grandi aziende sul mercato polacco ed europeo, siamo in grado di offrire soluzioni concrete e collaudate.<\/p>\n<hr \/>\n<h3><span style=\"color: #000000;\"><strong>Corsi di formazione<\/strong><\/span><\/h3>\n<p>Durante i corsi di formazione che organizziamo, insieme agli specialisti invitati, discutiamo <strong><span style=\"color: #339966;\">le possibilit\u00e0 e le prospettive<\/span><\/strong> dell&#8217;imballaggio Bag in Box. Un esempio di tale evento pu\u00f2 essere un incontro, che per le piccole e medie imprese che producono succhi di tipo NFC si \u00e8 tenuto a Katowice. Vi hanno partecipato circa 25 aziende, partecipando per due giorni a quattro tavole rotonde tenute dai nostri specialisti, oltre che dalla prof.ssa Maria Chmiel del Dipartimento di Microbiologia dell&#8217;Universit\u00e0 Agraria.<\/p>\n","protected":false},"excerpt":{"rendered":"<p>La nostra consulenza tecnologica comprende il supporto in tutte le fasi del processo di produzione. La sua forma e la sua portata sono personalizzate in base alle esigenze individuali dei clienti. Forniamo ai nostri clienti non solo un packaging innovativo e di alta qualit\u00e0, ma anche la conoscenza di come avviare un processo di produzione [&hellip;]<\/p>\n","protected":false},"author":3,"featured_media":1688,"parent":0,"menu_order":0,"comment_status":"closed","ping_status":"closed","template":"page__consulting.php","meta":{"_acf_changed":false,"footnotes":""},"class_list":["post-5139","page","type-page","status-publish","has-post-thumbnail","hentry"],"acf":[],"yoast_head":"<!-- This site is optimized with the Yoast SEO plugin v27.5 - https:\/\/yoast.com\/product\/yoast-seo-wordpress\/ -->\n<title>CONSULENZA ALLE IMPRESE - Worki bag in box BIBP<\/title>\n<meta name=\"robots\" content=\"index, follow, max-snippet:-1, max-image-preview:large, max-video-preview:-1\" \/>\n<link rel=\"canonical\" href=\"https:\/\/bibp.pl\/it\/consulenza-alle-imprese\/\" \/>\n<meta property=\"og:locale\" content=\"it_IT\" \/>\n<meta property=\"og:type\" content=\"article\" \/>\n<meta property=\"og:title\" content=\"CONSULENZA ALLE IMPRESE - Worki bag in box BIBP\" \/>\n<meta property=\"og:description\" content=\"La nostra consulenza tecnologica comprende il supporto in tutte le fasi del processo di produzione. La sua forma e la sua portata sono personalizzate in base alle esigenze individuali dei clienti. Forniamo ai nostri clienti non solo un packaging innovativo e di alta qualit\u00e0, ma anche la conoscenza di come avviare un processo di produzione [&hellip;]\" \/>\n<meta property=\"og:url\" content=\"https:\/\/bibp.pl\/it\/consulenza-alle-imprese\/\" \/>\n<meta property=\"og:site_name\" content=\"Worki bag in box BIBP\" \/>\n<meta property=\"article:modified_time\" content=\"2021-03-10T11:14:10+00:00\" \/>\n<meta property=\"og:image\" content=\"https:\/\/bibp.pl\/wp-content\/uploads\/2020\/08\/shutterstock_1166284138-scaled.jpg\" \/>\n\t<meta property=\"og:image:width\" content=\"2560\" \/>\n\t<meta property=\"og:image:height\" content=\"1699\" \/>\n\t<meta property=\"og:image:type\" content=\"image\/jpeg\" \/>\n<meta name=\"twitter:card\" content=\"summary_large_image\" \/>\n<meta name=\"twitter:label1\" content=\"Tempo di lettura stimato\" \/>\n\t<meta name=\"twitter:data1\" content=\"2 minuti\" \/>\n<script type=\"application\/ld+json\" class=\"yoast-schema-graph\">{\"@context\":\"https:\\\/\\\/schema.org\",\"@graph\":[{\"@type\":\"WebPage\",\"@id\":\"https:\\\/\\\/bibp.pl\\\/it\\\/consulenza-alle-imprese\\\/\",\"url\":\"https:\\\/\\\/bibp.pl\\\/it\\\/consulenza-alle-imprese\\\/\",\"name\":\"CONSULENZA ALLE IMPRESE - Worki bag in box BIBP\",\"isPartOf\":{\"@id\":\"https:\\\/\\\/bibp.pl\\\/it\\\/#website\"},\"primaryImageOfPage\":{\"@id\":\"https:\\\/\\\/bibp.pl\\\/it\\\/consulenza-alle-imprese\\\/#primaryimage\"},\"image\":{\"@id\":\"https:\\\/\\\/bibp.pl\\\/it\\\/consulenza-alle-imprese\\\/#primaryimage\"},\"thumbnailUrl\":\"https:\\\/\\\/bibp.pl\\\/wp-content\\\/uploads\\\/2020\\\/08\\\/shutterstock_1166284138-scaled.jpg\",\"datePublished\":\"2020-09-28T12:45:30+00:00\",\"dateModified\":\"2021-03-10T11:14:10+00:00\",\"breadcrumb\":{\"@id\":\"https:\\\/\\\/bibp.pl\\\/it\\\/consulenza-alle-imprese\\\/#breadcrumb\"},\"inLanguage\":\"it-IT\",\"potentialAction\":[{\"@type\":\"ReadAction\",\"target\":[\"https:\\\/\\\/bibp.pl\\\/it\\\/consulenza-alle-imprese\\\/\"]}]},{\"@type\":\"ImageObject\",\"inLanguage\":\"it-IT\",\"@id\":\"https:\\\/\\\/bibp.pl\\\/it\\\/consulenza-alle-imprese\\\/#primaryimage\",\"url\":\"https:\\\/\\\/bibp.pl\\\/wp-content\\\/uploads\\\/2020\\\/08\\\/shutterstock_1166284138-scaled.jpg\",\"contentUrl\":\"https:\\\/\\\/bibp.pl\\\/wp-content\\\/uploads\\\/2020\\\/08\\\/shutterstock_1166284138-scaled.jpg\",\"width\":2560,\"height\":1699},{\"@type\":\"BreadcrumbList\",\"@id\":\"https:\\\/\\\/bibp.pl\\\/it\\\/consulenza-alle-imprese\\\/#breadcrumb\",\"itemListElement\":[{\"@type\":\"ListItem\",\"position\":1,\"name\":\"Strona g\u0142\u00f3wna\",\"item\":\"https:\\\/\\\/bibp.pl\\\/it\\\/\"},{\"@type\":\"ListItem\",\"position\":2,\"name\":\"CONSULENZA ALLE IMPRESE\"}]},{\"@type\":\"WebSite\",\"@id\":\"https:\\\/\\\/bibp.pl\\\/it\\\/#website\",\"url\":\"https:\\\/\\\/bibp.pl\\\/it\\\/\",\"name\":\"Worki bag in box BIBP\",\"description\":\"Kolejna witryna oparta na WordPressie\",\"potentialAction\":[{\"@type\":\"SearchAction\",\"target\":{\"@type\":\"EntryPoint\",\"urlTemplate\":\"https:\\\/\\\/bibp.pl\\\/it\\\/?s={search_term_string}\"},\"query-input\":{\"@type\":\"PropertyValueSpecification\",\"valueRequired\":true,\"valueName\":\"search_term_string\"}}],\"inLanguage\":\"it-IT\"}]}<\/script>\n<!-- \/ Yoast SEO plugin. -->","yoast_head_json":{"title":"CONSULENZA ALLE IMPRESE - Worki bag in box BIBP","robots":{"index":"index","follow":"follow","max-snippet":"max-snippet:-1","max-image-preview":"max-image-preview:large","max-video-preview":"max-video-preview:-1"},"canonical":"https:\/\/bibp.pl\/it\/consulenza-alle-imprese\/","og_locale":"it_IT","og_type":"article","og_title":"CONSULENZA ALLE IMPRESE - Worki bag in box BIBP","og_description":"La nostra consulenza tecnologica comprende il supporto in tutte le fasi del processo di produzione. La sua forma e la sua portata sono personalizzate in base alle esigenze individuali dei clienti. Forniamo ai nostri clienti non solo un packaging innovativo e di alta qualit\u00e0, ma anche la conoscenza di come avviare un processo di produzione [&hellip;]","og_url":"https:\/\/bibp.pl\/it\/consulenza-alle-imprese\/","og_site_name":"Worki bag in box BIBP","article_modified_time":"2021-03-10T11:14:10+00:00","og_image":[{"width":2560,"height":1699,"url":"https:\/\/bibp.pl\/wp-content\/uploads\/2020\/08\/shutterstock_1166284138-scaled.jpg","type":"image\/jpeg"}],"twitter_card":"summary_large_image","twitter_misc":{"Tempo di lettura stimato":"2 minuti"},"schema":{"@context":"https:\/\/schema.org","@graph":[{"@type":"WebPage","@id":"https:\/\/bibp.pl\/it\/consulenza-alle-imprese\/","url":"https:\/\/bibp.pl\/it\/consulenza-alle-imprese\/","name":"CONSULENZA ALLE IMPRESE - Worki bag in box BIBP","isPartOf":{"@id":"https:\/\/bibp.pl\/it\/#website"},"primaryImageOfPage":{"@id":"https:\/\/bibp.pl\/it\/consulenza-alle-imprese\/#primaryimage"},"image":{"@id":"https:\/\/bibp.pl\/it\/consulenza-alle-imprese\/#primaryimage"},"thumbnailUrl":"https:\/\/bibp.pl\/wp-content\/uploads\/2020\/08\/shutterstock_1166284138-scaled.jpg","datePublished":"2020-09-28T12:45:30+00:00","dateModified":"2021-03-10T11:14:10+00:00","breadcrumb":{"@id":"https:\/\/bibp.pl\/it\/consulenza-alle-imprese\/#breadcrumb"},"inLanguage":"it-IT","potentialAction":[{"@type":"ReadAction","target":["https:\/\/bibp.pl\/it\/consulenza-alle-imprese\/"]}]},{"@type":"ImageObject","inLanguage":"it-IT","@id":"https:\/\/bibp.pl\/it\/consulenza-alle-imprese\/#primaryimage","url":"https:\/\/bibp.pl\/wp-content\/uploads\/2020\/08\/shutterstock_1166284138-scaled.jpg","contentUrl":"https:\/\/bibp.pl\/wp-content\/uploads\/2020\/08\/shutterstock_1166284138-scaled.jpg","width":2560,"height":1699},{"@type":"BreadcrumbList","@id":"https:\/\/bibp.pl\/it\/consulenza-alle-imprese\/#breadcrumb","itemListElement":[{"@type":"ListItem","position":1,"name":"Strona g\u0142\u00f3wna","item":"https:\/\/bibp.pl\/it\/"},{"@type":"ListItem","position":2,"name":"CONSULENZA ALLE IMPRESE"}]},{"@type":"WebSite","@id":"https:\/\/bibp.pl\/it\/#website","url":"https:\/\/bibp.pl\/it\/","name":"Worki bag in box BIBP","description":"Kolejna witryna oparta na WordPressie","potentialAction":[{"@type":"SearchAction","target":{"@type":"EntryPoint","urlTemplate":"https:\/\/bibp.pl\/it\/?s={search_term_string}"},"query-input":{"@type":"PropertyValueSpecification","valueRequired":true,"valueName":"search_term_string"}}],"inLanguage":"it-IT"}]}},"_links":{"self":[{"href":"https:\/\/bibp.pl\/it\/wp-json\/wp\/v2\/pages\/5139","targetHints":{"allow":["GET"]}}],"collection":[{"href":"https:\/\/bibp.pl\/it\/wp-json\/wp\/v2\/pages"}],"about":[{"href":"https:\/\/bibp.pl\/it\/wp-json\/wp\/v2\/types\/page"}],"author":[{"embeddable":true,"href":"https:\/\/bibp.pl\/it\/wp-json\/wp\/v2\/users\/3"}],"replies":[{"embeddable":true,"href":"https:\/\/bibp.pl\/it\/wp-json\/wp\/v2\/comments?post=5139"}],"version-history":[{"count":5,"href":"https:\/\/bibp.pl\/it\/wp-json\/wp\/v2\/pages\/5139\/revisions"}],"predecessor-version":[{"id":9789,"href":"https:\/\/bibp.pl\/it\/wp-json\/wp\/v2\/pages\/5139\/revisions\/9789"}],"wp:featuredmedia":[{"embeddable":true,"href":"https:\/\/bibp.pl\/it\/wp-json\/wp\/v2\/media\/1688"}],"wp:attachment":[{"href":"https:\/\/bibp.pl\/it\/wp-json\/wp\/v2\/media?parent=5139"}],"curies":[{"name":"wp","href":"https:\/\/api.w.org\/{rel}","templated":true}]}}