{"id":5151,"date":"2020-09-28T14:49:14","date_gmt":"2020-09-28T12:49:14","guid":{"rendered":"https:\/\/bibp.pl\/?page_id=5151"},"modified":"2025-06-23T07:54:01","modified_gmt":"2025-06-23T05:54:01","slug":"chi-siamo","status":"publish","type":"page","link":"https:\/\/bibp.pl\/it\/chi-siamo\/","title":{"rendered":"CHI SIAMO"},"content":{"rendered":"<h2><strong>Sviluppo e miglioramento continuo dei nostri prodotti &#8211; ci siamo posti questi obiettivi fin dal 2014, quando \u00e8 stata fondata la societ\u00e0 BIB. Siamo un marchio conosciuto e rispettato sul mercato polacco e competiamo con successo sui mercati globali. I nostri imballaggi vengono attualmente spediti in circa 35 paesi, con un tasso di consegna puntuale del 98,4%. Ogni anno sempre pi\u00f9 aziende si affidano a noi.<\/strong><\/h2>\n<p><span style=\"font-weight: 400;\">L\u2019azienda \u00e8 nata nella citt\u00e0 di Andrychow e, successivamente ci siamo trasferiti in un impianto di produzione pi\u00f9 efficiente e in grado di poter crescere in modo pi\u00f9 dinamico. Abbiamo scelto\u00a0la <strong><span style=\"color: #339966;\">Economic Activity Zone nella citt\u00e0 Zator.<\/span><\/strong><\/span><\/p>\n<p><img loading=\"lazy\" decoding=\"async\" class=\"alignnone wp-image-5205\" src=\"https:\/\/bibp.pl\/wp-content\/uploads\/2020\/09\/o-nas_01_IT-1024x319.png\" alt=\"\" width=\"515\" height=\"160\" srcset=\"https:\/\/bibp.pl\/wp-content\/uploads\/2020\/09\/o-nas_01_IT-1024x319.png 1024w, https:\/\/bibp.pl\/wp-content\/uploads\/2020\/09\/o-nas_01_IT-300x93.png 300w, https:\/\/bibp.pl\/wp-content\/uploads\/2020\/09\/o-nas_01_IT-768x239.png 768w, https:\/\/bibp.pl\/wp-content\/uploads\/2020\/09\/o-nas_01_IT-1536x478.png 1536w, https:\/\/bibp.pl\/wp-content\/uploads\/2020\/09\/o-nas_01_IT.png 1920w\" sizes=\"auto, (max-width: 515px) 100vw, 515px\" \/><\/p>\n<p><span style=\"font-weight: 400;\">Produciamo sacche tipo Bag in Box, imballaggi flessibili a barriera e sacche asettiche. Forniamo sia<strong><span style=\"color: #339966;\"> soluzioni pronte all&#8217;uso che sacche su misura.<\/span><\/strong> Attribuiamo grande importanza alla qualit\u00e0 delle materie prime e al modo in cui i nostri prodotti vengono realizzati. Ci\u00f2 garantisce il soddisfacimento di tutti gli standard dell\u2019Unione Europea. Disponiamo di linee di produzione efficienti, di magazzini moderni e di un solido Centro di Ricerca e Sviluppo, che ci permette di soddisfare le esigenze di un mercato in costante sviluppo.<\/span><\/p>\n<p><img loading=\"lazy\" decoding=\"async\" class=\"alignnone wp-image-5211\" src=\"https:\/\/bibp.pl\/wp-content\/uploads\/2020\/09\/o-nas_02_IT-1024x319.png\" alt=\"\" width=\"540\" height=\"168\" srcset=\"https:\/\/bibp.pl\/wp-content\/uploads\/2020\/09\/o-nas_02_IT-1024x319.png 1024w, https:\/\/bibp.pl\/wp-content\/uploads\/2020\/09\/o-nas_02_IT-300x93.png 300w, https:\/\/bibp.pl\/wp-content\/uploads\/2020\/09\/o-nas_02_IT-768x239.png 768w, https:\/\/bibp.pl\/wp-content\/uploads\/2020\/09\/o-nas_02_IT-1536x478.png 1536w, https:\/\/bibp.pl\/wp-content\/uploads\/2020\/09\/o-nas_02_IT.png 1920w\" sizes=\"auto, (max-width: 540px) 100vw, 540px\" \/><\/p>\n<p><span style=\"font-weight: 400;\">Elemento integrante delle nostre attivit\u00e0 commerciali \u00e8 rappresentato <span style=\"color: #333333;\">dall&#8217;<\/span><strong><span style=\"color: #339966;\">approccio individuale al cliente<\/span><\/strong>.\u00a0Ascoltando le sue esigenze e utilizzando la nostra ricca esperienza, possiamo creare ottimi prodotti per l&#8217;uso quotidiano. La combinazione dei nostri ampi impianti di produzione fa di noi un team di livello mondiale nella creazione di soluzioni di imballaggio innovative. Nel nostro team abbiamo riunito i <strong><span style=\"color: #339966;\">migliori specialistiche,<\/span><\/strong> grazie alle loro conoscenze e al loro impegno, creano un valore aggiuntivo che soddisfa le pi\u00f9 alte aspettative del mercato. La realizzazione dell&#8217;idea di sviluppo continuo \u00e8 garantita da un piano finanziario efficace.<\/span><\/p>\n<p><img loading=\"lazy\" decoding=\"async\" class=\"alignnone wp-image-5217\" src=\"https:\/\/bibp.pl\/wp-content\/uploads\/2020\/09\/o-nas_03_IT-1024x319.png\" alt=\"\" width=\"521\" height=\"162\" srcset=\"https:\/\/bibp.pl\/wp-content\/uploads\/2020\/09\/o-nas_03_IT-1024x319.png 1024w, https:\/\/bibp.pl\/wp-content\/uploads\/2020\/09\/o-nas_03_IT-300x93.png 300w, https:\/\/bibp.pl\/wp-content\/uploads\/2020\/09\/o-nas_03_IT-768x239.png 768w, https:\/\/bibp.pl\/wp-content\/uploads\/2020\/09\/o-nas_03_IT-1536x478.png 1536w, https:\/\/bibp.pl\/wp-content\/uploads\/2020\/09\/o-nas_03_IT.png 1920w\" sizes=\"auto, (max-width: 521px) 100vw, 521px\" \/><\/p>\n<p><span style=\"font-weight: 400;\">In molti aspetti introduciamo le <strong><span style=\"color: #339966;\">nostre soluzioni innovative,<\/span><\/strong> non solo adattandoci ai cambiamenti del mercato, ma anche facendoci avanti. Guardiamo con attenzione il nostro settore, partecipando a fiere internazionali. Tali incontri ci permettono di conoscere meglio le esigenze dei nostri clienti e di acquisire preziosi contatti commerciali. Continuiamo a sviluppare e ad ampliare costantemente i nostri orizzonti. Vogliamo continuare a creare nuove soluzioni ed essere l\u00ec dove i nostri prodotti sono necessari. Il nostro obiettivo \u00e8 quello di costruire un team solido e affidabile, composto dai migliori specialisti, al fine di creare i migliori prodotti per i nostri clienti.<\/span><\/p>\n<p><img loading=\"lazy\" decoding=\"async\" class=\"alignnone wp-image-5181\" src=\"https:\/\/bibp.pl\/wp-content\/uploads\/2020\/09\/customer-service_IT-1024x319.png\" alt=\"\" width=\"515\" height=\"160\" srcset=\"https:\/\/bibp.pl\/wp-content\/uploads\/2020\/09\/customer-service_IT-1024x319.png 1024w, https:\/\/bibp.pl\/wp-content\/uploads\/2020\/09\/customer-service_IT-300x93.png 300w, https:\/\/bibp.pl\/wp-content\/uploads\/2020\/09\/customer-service_IT-768x239.png 768w, https:\/\/bibp.pl\/wp-content\/uploads\/2020\/09\/customer-service_IT-1536x478.png 1536w, https:\/\/bibp.pl\/wp-content\/uploads\/2020\/09\/customer-service_IT.png 1920w\" sizes=\"auto, (max-width: 515px) 100vw, 515px\" \/><\/p>\n<p><span style=\"font-weight: 400;\">Ci prendiamo cura della massima qualit\u00e0 del servizio clienti. Gestiamo le nuove richieste entro 24 ore, e ad ogni cliente viene assegnato<strong><span style=\"color: #339966;\"> un responsabile vendite individuale.<\/span><\/strong> Questo ci permette di garantire un&#8217;offerta perfettamente su misura.<\/span><\/p>\n<p><img loading=\"lazy\" decoding=\"async\" class=\"alignnone size-large wp-image-5235\" src=\"https:\/\/bibp.pl\/wp-content\/uploads\/2020\/09\/realizacja-zamowien_IT-1024x577.png\" alt=\"\" width=\"640\" height=\"361\" srcset=\"https:\/\/bibp.pl\/wp-content\/uploads\/2020\/09\/realizacja-zamowien_IT-1024x577.png 1024w, https:\/\/bibp.pl\/wp-content\/uploads\/2020\/09\/realizacja-zamowien_IT-300x169.png 300w, https:\/\/bibp.pl\/wp-content\/uploads\/2020\/09\/realizacja-zamowien_IT-768x432.png 768w, https:\/\/bibp.pl\/wp-content\/uploads\/2020\/09\/realizacja-zamowien_IT-1536x865.png 1536w, https:\/\/bibp.pl\/wp-content\/uploads\/2020\/09\/realizacja-zamowien_IT-495x278.png 495w, https:\/\/bibp.pl\/wp-content\/uploads\/2020\/09\/realizacja-zamowien_IT-390x220.png 390w, https:\/\/bibp.pl\/wp-content\/uploads\/2020\/09\/realizacja-zamowien_IT.png 1920w\" sizes=\"auto, (max-width: 640px) 100vw, 640px\" \/><\/p>\n<p><img loading=\"lazy\" decoding=\"async\" class=\"alignnone wp-image-5199\" src=\"https:\/\/bibp.pl\/wp-content\/uploads\/2020\/09\/miedzynarodowa-renoma_IT-1024x319.png\" alt=\"\" width=\"498\" height=\"155\" srcset=\"https:\/\/bibp.pl\/wp-content\/uploads\/2020\/09\/miedzynarodowa-renoma_IT-1024x319.png 1024w, https:\/\/bibp.pl\/wp-content\/uploads\/2020\/09\/miedzynarodowa-renoma_IT-300x93.png 300w, https:\/\/bibp.pl\/wp-content\/uploads\/2020\/09\/miedzynarodowa-renoma_IT-768x239.png 768w, https:\/\/bibp.pl\/wp-content\/uploads\/2020\/09\/miedzynarodowa-renoma_IT-1536x478.png 1536w, https:\/\/bibp.pl\/wp-content\/uploads\/2020\/09\/miedzynarodowa-renoma_IT.png 1920w\" sizes=\"auto, (max-width: 498px) 100vw, 498px\" \/><\/p>\n<p><span style=\"font-weight: 400;\">Spediamo le nostre merci in ogni parte d&#8217;Europa e del mondo. Abbiamo collaborato con successo con clienti dall&#8217;altra parte del mondo. Dato che il trasporto avviene principalmente al di fuori della Polonia, <strong><span style=\"color: #339966;\">ci occupiamo anche delle questioni doganali fornendo tutti<\/span><\/strong> i documenti necessari agli uffici.<\/span><\/p>\n","protected":false},"excerpt":{"rendered":"<p>Sviluppo e miglioramento continuo dei nostri prodotti &#8211; ci siamo posti questi obiettivi fin dal 2014, quando \u00e8 stata fondata la societ\u00e0 BIB. Siamo un marchio conosciuto e rispettato sul mercato polacco e competiamo con successo sui mercati globali. I nostri imballaggi vengono attualmente spediti in circa 35 paesi, con un tasso di consegna puntuale [&hellip;]<\/p>\n","protected":false},"author":3,"featured_media":1756,"parent":0,"menu_order":0,"comment_status":"closed","ping_status":"closed","template":"page__about.php","meta":{"_acf_changed":false,"footnotes":""},"class_list":["post-5151","page","type-page","status-publish","has-post-thumbnail","hentry"],"acf":[],"yoast_head":"<!-- This site is optimized with the Yoast SEO plugin v27.4 - https:\/\/yoast.com\/product\/yoast-seo-wordpress\/ -->\n<title>CHI SIAMO - Worki bag in box BIBP<\/title>\n<meta name=\"robots\" content=\"index, follow, max-snippet:-1, max-image-preview:large, max-video-preview:-1\" \/>\n<link rel=\"canonical\" href=\"https:\/\/bibp.pl\/it\/chi-siamo\/\" \/>\n<meta property=\"og:locale\" content=\"it_IT\" \/>\n<meta property=\"og:type\" content=\"article\" \/>\n<meta property=\"og:title\" content=\"CHI SIAMO - Worki bag in box BIBP\" \/>\n<meta property=\"og:description\" content=\"Sviluppo e miglioramento continuo dei nostri prodotti &#8211; ci siamo posti questi obiettivi fin dal 2014, quando \u00e8 stata fondata la societ\u00e0 BIB. Siamo un marchio conosciuto e rispettato sul mercato polacco e competiamo con successo sui mercati globali. I nostri imballaggi vengono attualmente spediti in circa 35 paesi, con un tasso di consegna puntuale [&hellip;]\" \/>\n<meta property=\"og:url\" content=\"https:\/\/bibp.pl\/it\/chi-siamo\/\" \/>\n<meta property=\"og:site_name\" content=\"Worki bag in box BIBP\" \/>\n<meta property=\"article:modified_time\" content=\"2025-06-23T05:54:01+00:00\" \/>\n<meta property=\"og:image\" content=\"https:\/\/bibp.pl\/wp-content\/uploads\/2020\/08\/08-20_BIBP_o-nas_01.png\" \/>\n\t<meta property=\"og:image:width\" content=\"2500\" \/>\n\t<meta property=\"og:image:height\" content=\"362\" \/>\n\t<meta property=\"og:image:type\" content=\"image\/png\" \/>\n<meta name=\"twitter:card\" content=\"summary_large_image\" \/>\n<meta name=\"twitter:label1\" content=\"Tempo di lettura stimato\" \/>\n\t<meta name=\"twitter:data1\" content=\"6 minuti\" \/>\n<script type=\"application\/ld+json\" class=\"yoast-schema-graph\">{\"@context\":\"https:\\\/\\\/schema.org\",\"@graph\":[{\"@type\":\"WebPage\",\"@id\":\"https:\\\/\\\/bibp.pl\\\/it\\\/chi-siamo\\\/\",\"url\":\"https:\\\/\\\/bibp.pl\\\/it\\\/chi-siamo\\\/\",\"name\":\"CHI SIAMO - Worki bag in box BIBP\",\"isPartOf\":{\"@id\":\"https:\\\/\\\/bibp.pl\\\/it\\\/#website\"},\"primaryImageOfPage\":{\"@id\":\"https:\\\/\\\/bibp.pl\\\/it\\\/chi-siamo\\\/#primaryimage\"},\"image\":{\"@id\":\"https:\\\/\\\/bibp.pl\\\/it\\\/chi-siamo\\\/#primaryimage\"},\"thumbnailUrl\":\"https:\\\/\\\/bibp.pl\\\/wp-content\\\/uploads\\\/2020\\\/08\\\/08-20_BIBP_o-nas_01.png\",\"datePublished\":\"2020-09-28T12:49:14+00:00\",\"dateModified\":\"2025-06-23T05:54:01+00:00\",\"breadcrumb\":{\"@id\":\"https:\\\/\\\/bibp.pl\\\/it\\\/chi-siamo\\\/#breadcrumb\"},\"inLanguage\":\"it-IT\",\"potentialAction\":[{\"@type\":\"ReadAction\",\"target\":[\"https:\\\/\\\/bibp.pl\\\/it\\\/chi-siamo\\\/\"]}]},{\"@type\":\"ImageObject\",\"inLanguage\":\"it-IT\",\"@id\":\"https:\\\/\\\/bibp.pl\\\/it\\\/chi-siamo\\\/#primaryimage\",\"url\":\"https:\\\/\\\/bibp.pl\\\/wp-content\\\/uploads\\\/2020\\\/08\\\/08-20_BIBP_o-nas_01.png\",\"contentUrl\":\"https:\\\/\\\/bibp.pl\\\/wp-content\\\/uploads\\\/2020\\\/08\\\/08-20_BIBP_o-nas_01.png\",\"width\":2500,\"height\":362,\"caption\":\"Firma\"},{\"@type\":\"BreadcrumbList\",\"@id\":\"https:\\\/\\\/bibp.pl\\\/it\\\/chi-siamo\\\/#breadcrumb\",\"itemListElement\":[{\"@type\":\"ListItem\",\"position\":1,\"name\":\"Strona g\u0142\u00f3wna\",\"item\":\"https:\\\/\\\/bibp.pl\\\/it\\\/\"},{\"@type\":\"ListItem\",\"position\":2,\"name\":\"CHI SIAMO\"}]},{\"@type\":\"WebSite\",\"@id\":\"https:\\\/\\\/bibp.pl\\\/it\\\/#website\",\"url\":\"https:\\\/\\\/bibp.pl\\\/it\\\/\",\"name\":\"Worki bag in box BIBP\",\"description\":\"Kolejna witryna oparta na WordPressie\",\"potentialAction\":[{\"@type\":\"SearchAction\",\"target\":{\"@type\":\"EntryPoint\",\"urlTemplate\":\"https:\\\/\\\/bibp.pl\\\/it\\\/?s={search_term_string}\"},\"query-input\":{\"@type\":\"PropertyValueSpecification\",\"valueRequired\":true,\"valueName\":\"search_term_string\"}}],\"inLanguage\":\"it-IT\"}]}<\/script>\n<!-- \/ Yoast SEO plugin. -->","yoast_head_json":{"title":"CHI SIAMO - Worki bag in box BIBP","robots":{"index":"index","follow":"follow","max-snippet":"max-snippet:-1","max-image-preview":"max-image-preview:large","max-video-preview":"max-video-preview:-1"},"canonical":"https:\/\/bibp.pl\/it\/chi-siamo\/","og_locale":"it_IT","og_type":"article","og_title":"CHI SIAMO - Worki bag in box BIBP","og_description":"Sviluppo e miglioramento continuo dei nostri prodotti &#8211; ci siamo posti questi obiettivi fin dal 2014, quando \u00e8 stata fondata la societ\u00e0 BIB. Siamo un marchio conosciuto e rispettato sul mercato polacco e competiamo con successo sui mercati globali. I nostri imballaggi vengono attualmente spediti in circa 35 paesi, con un tasso di consegna puntuale [&hellip;]","og_url":"https:\/\/bibp.pl\/it\/chi-siamo\/","og_site_name":"Worki bag in box BIBP","article_modified_time":"2025-06-23T05:54:01+00:00","og_image":[{"width":2500,"height":362,"url":"https:\/\/bibp.pl\/wp-content\/uploads\/2020\/08\/08-20_BIBP_o-nas_01.png","type":"image\/png"}],"twitter_card":"summary_large_image","twitter_misc":{"Tempo di lettura stimato":"6 minuti"},"schema":{"@context":"https:\/\/schema.org","@graph":[{"@type":"WebPage","@id":"https:\/\/bibp.pl\/it\/chi-siamo\/","url":"https:\/\/bibp.pl\/it\/chi-siamo\/","name":"CHI SIAMO - Worki bag in box BIBP","isPartOf":{"@id":"https:\/\/bibp.pl\/it\/#website"},"primaryImageOfPage":{"@id":"https:\/\/bibp.pl\/it\/chi-siamo\/#primaryimage"},"image":{"@id":"https:\/\/bibp.pl\/it\/chi-siamo\/#primaryimage"},"thumbnailUrl":"https:\/\/bibp.pl\/wp-content\/uploads\/2020\/08\/08-20_BIBP_o-nas_01.png","datePublished":"2020-09-28T12:49:14+00:00","dateModified":"2025-06-23T05:54:01+00:00","breadcrumb":{"@id":"https:\/\/bibp.pl\/it\/chi-siamo\/#breadcrumb"},"inLanguage":"it-IT","potentialAction":[{"@type":"ReadAction","target":["https:\/\/bibp.pl\/it\/chi-siamo\/"]}]},{"@type":"ImageObject","inLanguage":"it-IT","@id":"https:\/\/bibp.pl\/it\/chi-siamo\/#primaryimage","url":"https:\/\/bibp.pl\/wp-content\/uploads\/2020\/08\/08-20_BIBP_o-nas_01.png","contentUrl":"https:\/\/bibp.pl\/wp-content\/uploads\/2020\/08\/08-20_BIBP_o-nas_01.png","width":2500,"height":362,"caption":"Firma"},{"@type":"BreadcrumbList","@id":"https:\/\/bibp.pl\/it\/chi-siamo\/#breadcrumb","itemListElement":[{"@type":"ListItem","position":1,"name":"Strona g\u0142\u00f3wna","item":"https:\/\/bibp.pl\/it\/"},{"@type":"ListItem","position":2,"name":"CHI SIAMO"}]},{"@type":"WebSite","@id":"https:\/\/bibp.pl\/it\/#website","url":"https:\/\/bibp.pl\/it\/","name":"Worki bag in box BIBP","description":"Kolejna witryna oparta na WordPressie","potentialAction":[{"@type":"SearchAction","target":{"@type":"EntryPoint","urlTemplate":"https:\/\/bibp.pl\/it\/?s={search_term_string}"},"query-input":{"@type":"PropertyValueSpecification","valueRequired":true,"valueName":"search_term_string"}}],"inLanguage":"it-IT"}]}},"_links":{"self":[{"href":"https:\/\/bibp.pl\/it\/wp-json\/wp\/v2\/pages\/5151","targetHints":{"allow":["GET"]}}],"collection":[{"href":"https:\/\/bibp.pl\/it\/wp-json\/wp\/v2\/pages"}],"about":[{"href":"https:\/\/bibp.pl\/it\/wp-json\/wp\/v2\/types\/page"}],"author":[{"embeddable":true,"href":"https:\/\/bibp.pl\/it\/wp-json\/wp\/v2\/users\/3"}],"replies":[{"embeddable":true,"href":"https:\/\/bibp.pl\/it\/wp-json\/wp\/v2\/comments?post=5151"}],"version-history":[{"count":16,"href":"https:\/\/bibp.pl\/it\/wp-json\/wp\/v2\/pages\/5151\/revisions"}],"predecessor-version":[{"id":15643,"href":"https:\/\/bibp.pl\/it\/wp-json\/wp\/v2\/pages\/5151\/revisions\/15643"}],"wp:featuredmedia":[{"embeddable":true,"href":"https:\/\/bibp.pl\/it\/wp-json\/wp\/v2\/media\/1756"}],"wp:attachment":[{"href":"https:\/\/bibp.pl\/it\/wp-json\/wp\/v2\/media?parent=5151"}],"curies":[{"name":"wp","href":"https:\/\/api.w.org\/{rel}","templated":true}]}}